{"id":3851,"date":"2022-09-30T14:19:05","date_gmt":"2022-09-30T14:19:05","guid":{"rendered":"https:\/\/www.otso.org.tr\/?page_id=3851"},"modified":"2022-10-03T14:50:03","modified_gmt":"2022-10-03T14:50:03","slug":"mense-ve-dolasim-belgeleri-otomasyon-sistemimedos","status":"publish","type":"page","link":"https:\/\/otso.omerfarukarslan.com.tr\/?page_id=3851","title":{"rendered":"Men\u015fe ve Dola\u015f\u0131m Belgeleri Otomasyon Sistemi(MEDOS)"},"content":{"rendered":"<p>[vc_row][vc_column][vc_column_text]<strong>Men\u015fe ve Dola\u015f\u0131m Belgesi Otomasyon Sistemi (MEDOS)<\/strong><\/p>\n<p>Men\u015fe ve Dola\u015f\u0131m Belgeleri Otomasyon Sistemi (MEDOS), Ticaret Bakanl\u0131\u011f\u0131\u2019n\u0131n koordinat\u00f6rl\u00fc\u011f\u00fcnde T\u00fcrkiye Odalar ve Borsalar Birli\u011fi taraf\u0131ndan A.TR Dola\u015f\u0131m Belgeleri ve men\u015fe ispat belgelerinin ihracat\u00e7\u0131 firmalar ve\/veya temsil ettikleri firmalar ad\u0131na g\u00fcmr\u00fck m\u00fc\u015favirleri taraf\u0131ndan elektronik ortamda d\u00fczenlenmesi, onaylanmas\u0131 ve ilgili g\u00fcmr\u00fck idareleri taraf\u0131ndan vize edilmesini sa\u011flayan bir otomasyon projesidir.<\/p>\n<p>&nbsp;<\/p>\n<p>Bu kapsamda, 14 May\u0131s 2018 tarihi itibariyle A.TR Dola\u015f\u0131m Belgeleri, 9 Temmuz 2018\u2019den itibaren EUR.1\/EUR.MED Dola\u015f\u0131m Belgeleri ve 17 Eyl\u00fcl 2018 tarihi itibariyle de Malezya Men\u015fe Belgesi, \u0130ran Men\u015fe \u0130spat Belgesi ve D-8 Men\u015fe \u0130spat Belgesi MEDOS \u00fczerinden d\u00fczenlenmeye ba\u015flanm\u0131\u015ft\u0131r. Bu belgeler d\u0131\u015f\u0131nda kalan Men\u015fe \u015eahadetnamesi ve \u00d6zel Men\u015fe \u015eahadetnamesi (Form-A) ise 30 Ekim 2018 tarihinden itibaren gerek manuel gerekse elektronik olarak MEDOS \u00fczerinden d\u00fczenlenmeye ba\u015flanm\u0131\u015f olup, 8 Nisan 2020 tarihinde itibaren sadece MEDOS\u2019tan d\u00fczenlenmeye ba\u015flanm\u0131\u015ft\u0131r.<\/p>\n<p>&nbsp;<\/p>\n<p>\u0130hracat\u00e7\u0131lar\u0131m\u0131z taraf\u0131ndan ilgili belgeler elektronik ortamda doldurduktan ve ilgili belgeler MEDOS\u2019a y\u00fckledikten sonra onay i\u015flemleri i\u00e7in yine elektronik ortamda Odam\u0131za g\u00f6nderilmektedir. Sistem \u00fczerinden gerekli inceleme yap\u0131ld\u0131ktan \u00a0ve ilgili belgeye onay verildikten sonra yine elektronik ortamda ilgili g\u00fcmr\u00fck idaresi taraf\u0131ndan vize i\u015flemleri tamamlanmaktad\u0131r.<\/p>\n<p>&nbsp;<\/p>\n<p>MEDOS\u2019a kay\u0131t yapt\u0131racak \u00fcyelerimizin a\u015fa\u011f\u0131da yer alan <a href=\"https:\/\/www.otso.org.tr\/wp-content\/uploads\/2022\/09\/Medos-Sistemi-IP-Tanimlama-Basvuru-Formu.docx\">Ba\u015fvuru Formu<\/a> doldurup <a href=\"mailto:ihracatdestek@otso.org.tr\">ihracatdestek@otso.org.tr<\/a> mail adresine g\u00f6ndermeleri gerekmektedir.<\/p>\n<p>&nbsp;<\/p>\n<p>MEDOS kullanma k\u0131lavuzu i\u00e7in <a href=\"https:\/\/www.otso.org.tr\/wp-content\/uploads\/2022\/09\/MEDOS-Kullanici-Kilavuzu.pdf\">T\u0131klay\u0131n\u0131z<\/a><\/p>\n<p>&nbsp;<\/p>\n<p>&nbsp;<\/p>\n<p><strong>\u00a0<\/strong>[\/vc_column_text][\/vc_column][\/vc_row]<\/p>\n","protected":false},"excerpt":{"rendered":"<p>[vc_row][vc_column][vc_column_text]Men\u015fe ve Dola\u015f\u0131m Belgesi Otomasyon Sistemi (MEDOS) Men\u015fe ve Dola\u015f\u0131m Belgeleri Otomasyon Sistemi (MEDOS), Ticaret Bakanl\u0131\u011f\u0131\u2019n\u0131n koordinat\u00f6rl\u00fc\u011f\u00fcnde T\u00fcrkiye Odalar ve Borsalar Birli\u011fi taraf\u0131ndan A.TR Dola\u015f\u0131m Belgeleri ve men\u015fe ispat belgelerinin ihracat\u00e7\u0131 firmalar ve\/veya temsil ettikleri firmalar ad\u0131na g\u00fcmr\u00fck m\u00fc\u015favirleri taraf\u0131ndan elektronik ortamda d\u00fczenlenmesi, onaylanmas\u0131 ve ilgili g\u00fcmr\u00fck idareleri taraf\u0131ndan vize edilmesini sa\u011flayan bir otomasyon projesidir. [&hellip;]<\/p>\n","protected":false},"author":1,"featured_media":0,"parent":0,"menu_order":0,"comment_status":"closed","ping_status":"closed","template":"","meta":{"ngg_post_thumbnail":0,"footnotes":""},"class_list":["post-3851","page","type-page","status-publish","hentry"],"_links":{"self":[{"href":"https:\/\/otso.omerfarukarslan.com.tr\/index.php?rest_route=\/wp\/v2\/pages\/3851","targetHints":{"allow":["GET"]}}],"collection":[{"href":"https:\/\/otso.omerfarukarslan.com.tr\/index.php?rest_route=\/wp\/v2\/pages"}],"about":[{"href":"https:\/\/otso.omerfarukarslan.com.tr\/index.php?rest_route=\/wp\/v2\/types\/page"}],"author":[{"embeddable":true,"href":"https:\/\/otso.omerfarukarslan.com.tr\/index.php?rest_route=\/wp\/v2\/users\/1"}],"replies":[{"embeddable":true,"href":"https:\/\/otso.omerfarukarslan.com.tr\/index.php?rest_route=%2Fwp%2Fv2%2Fcomments&post=3851"}],"version-history":[{"count":2,"href":"https:\/\/otso.omerfarukarslan.com.tr\/index.php?rest_route=\/wp\/v2\/pages\/3851\/revisions"}],"predecessor-version":[{"id":3877,"href":"https:\/\/otso.omerfarukarslan.com.tr\/index.php?rest_route=\/wp\/v2\/pages\/3851\/revisions\/3877"}],"wp:attachment":[{"href":"https:\/\/otso.omerfarukarslan.com.tr\/index.php?rest_route=%2Fwp%2Fv2%2Fmedia&parent=3851"}],"curies":[{"name":"wp","href":"https:\/\/api.w.org\/{rel}","templated":true}]}}