{"id":3849,"date":"2022-09-30T14:15:48","date_gmt":"2022-09-30T14:15:48","guid":{"rendered":"https:\/\/www.otso.org.tr\/?page_id=3849"},"modified":"2022-09-30T14:15:48","modified_gmt":"2022-09-30T14:15:48","slug":"ihracat-belgeleri","status":"publish","type":"page","link":"https:\/\/otso.omerfarukarslan.com.tr\/?page_id=3849","title":{"rendered":"\u0130hracat Belgeleri"},"content":{"rendered":"<p>[vc_row][vc_column][vc_column_text]<strong>A.TR Dola\u015f\u0131m Belgesi<\/strong><\/p>\n<p><strong>\u00a0<\/strong><\/p>\n<p>Avrupa Birli\u011fi \u00fclkeleri ile G\u00fcmr\u00fck Birli\u011fi \u00e7er\u00e7evesinde yap\u0131lan tercihli ticarette kullan\u0131l\u0131r. Sanayi ve i\u015flenmi\u015f tar\u0131m \u00fcr\u00fcnleri ihracat\u0131 ve ithalat\u0131nda g\u00fcmr\u00fck vergisi muafiyeti sa\u011flayan belgedir.<\/p>\n<p>&nbsp;<\/p>\n<h2>Basit A.TR Dola\u015f\u0131m Belgesi<\/h2>\n<p>T\u00fcrkiye ile Avrupa Toplulu\u011fu Aras\u0131nda Olu\u015fturulan G\u00fcmr\u00fck Birli\u011fi\u2019nin Uygulanmas\u0131na \u0130li\u015fkin Esaslar Hakk\u0131nda Karar\u2019\u0131n 7. B\u00f6l\u00fcm\u00fc Basitle\u015ftirilmi\u015f \u0130\u015flemler H\u00fckm\u00fc uyar\u0131nca Onaylanm\u0131\u015f \u0130hracat\u00e7\u0131 yetkisi alan firmalarca d\u00fczenlenen ve G\u00fcmr\u00fck \u0130darelerine vize i\u015flemi i\u00e7in ibraz zorunlulu\u011fu olmayan belgedir.<\/p>\n<p><strong>\u00a0<\/strong><\/p>\n<p><strong>EUR.1 Dola\u015f\u0131m Sertifikas\u0131<\/strong><\/p>\n<p>T\u00fcrkiye&#8217;nin Serbest Ticaret Anla\u015fmas\u0131 imzalad\u0131\u011f\u0131 \u00fclkelere yap\u0131lan ihracatlarda, Avrupa Birli\u011fi&#8217; ne \u00fcye \u00fclkelere Tar\u0131m \u00dcr\u00fcnleri Listesi kapsam\u0131na dahil \u00fcr\u00fcnler ile Avrupa K\u00f6m\u00fcr \u00c7elik Toplulu\u011fu \u00dcr\u00fcn Listesi kapsam\u0131nda dahil \u00fcr\u00fcnlerin ihrac\u0131nda men\u015feli \u00fcr\u00fcnlerin anla\u015fma h\u00fck\u00fcmlerinden yararlanabilmesini sa\u011flamak \u00fczere Bakanl\u0131k\u00e7a yetkilendirilen kurulu\u015flarca d\u00fczenlenip, g\u00fcmr\u00fck idarelerince vize edilen belgedir. E\u015fyan\u0131n men\u015fe \u00fclkesini g\u00f6sterir.<\/p>\n<p><strong>EUR.MED Dola\u015f\u0131m Sertifikas\u0131<\/strong><\/p>\n<p>EUR-MED Dola\u015f\u0131m Sertifikas\u0131 PAAMK (Pan Avrupa Akdeniz K\u00fcm\u00fclasyonu)\u2019a taraf \u00fclkelere ilgili \u00fcr\u00fcnlerin ihracat\u0131nda kullan\u0131lan men\u015fe ispat belgesidir.<\/p>\n<p>PAAMK sistemi;<\/p>\n<p>AB-EFTA-T\u00fcrkiye ve baz\u0131 Akdeniz \u00fclkelerinin dahil oldu\u011fu bir \u00e7apraz k\u00fcm\u00fclasyon sistemidir. PAAMK sistemine dahil t\u00fcm \u00fclkelerin aras\u0131nda Serbest Ticaret Anla\u015fmas\u0131, bu anla\u015fmalar\u0131n hepsinde (ikili ticaret hari\u00e7) ayn\u0131 men\u015fe kurallar\u0131n\u0131n uygulanmas\u0131 gerekmektedir. Sistemin i\u015flemesi i\u00e7in PAAMK sistemine dahil en az 3 \u00fclke aras\u0131nda STA(Serbest Ticaret Anla\u015fmas\u0131) tamamlanmal\u0131d\u0131r.<\/p>\n<p><strong>\u00a0<\/strong><\/p>\n<p>&nbsp;<\/p>\n<p><strong>\u00a0<\/strong><\/p>\n<p><strong>\u00a0<\/strong><\/p>\n<p><strong>\u00a0<\/strong><\/p>\n<p><strong>\u00a0<\/strong><\/p>\n<p><strong>\u00a0<\/strong><\/p>\n<p><strong>D-8 Men\u015fe \u0130spat Belgesi<\/strong><\/p>\n<p><strong>\u00a0<\/strong><\/p>\n<p>Banglade\u015f,\u00a0Endonezya, \u0130ran, Malezya, M\u0131s\u0131r, Nijerya, Pakistan ve T\u00fcrkiye\u2019den olu\u015fan Geli\u015fen Sekiz \u00dclke (Developing Eight \/D-8) \u00d6rg\u00fct\u00fc, 15 Haziran 1997 tarihinde \u201c\u0130stanbul Deklarasyonu\u201d ile kurulmu\u015ftur.<\/p>\n<p>&nbsp;<\/p>\n<p>D-8 Men\u015fe \u0130spat Belgesi ise\u00a0G\u00fcmr\u00fck ve Ticaret Bakanl\u0131\u011f\u0131 taraf\u0131ndan haz\u0131rlanan\u00a024.05.2016 tarihli ve 27913 say\u0131l\u0131 Resmi Gazete\u2019de yay\u0131mlanarak\u00a001.07.2016 tarihinde y\u00fcr\u00fcrl\u00fc\u011fe giren\u00a0\u201cD-8 \u00dcyesi Devletler Aras\u0131nda Tercihli Ticaret Anla\u015fmas\u0131 \u00c7er\u00e7evesindeki Ticarette E\u015fyan\u0131n Tercihli Men\u015feinin Tespiti Hakk\u0131nda Y\u00f6netmelik\u201d kapsam\u0131nda\u00a0D-8 \u00dcyesi Devletler Aras\u0131nda Tercihli Ticaret Anla\u015fmas\u0131n\u0131 onaylayan 6 \u00fclke aras\u0131nda tercihli ticaret kapsam\u0131nda yap\u0131lacak ticarette kullan\u0131lan men\u015fe ispat belgesidir.<\/p>\n<p>&nbsp;<\/p>\n<p><strong>\u0130ran Men\u015fe \u0130spat Belgesi<\/strong><\/p>\n<p>&nbsp;<\/p>\n<p>T\u00fcrkiye Cumhuriyeti ile \u0130ran \u0130slam Cumhuriyeti Aras\u0131nda Tercihli Ticaret Anla\u015fmas\u0131 \u00e7er\u00e7evesinde, T\u00fcrkiye Cumhuriyeti ve \u0130ran \u0130slam Cumhuriyeti aras\u0131nda yap\u0131lacak ticarette, e\u015fyan\u0131n tercihli men\u015feini ispat etmek \u00fczere, 1 Ocak 2015 tarihi itibariyle y\u00fcr\u00fcrl\u00fc\u011fe konan, G\u00fcmr\u00fck \u0130daresi\u2019nce ya da bu idare taraf\u0131ndan yetki verilen kurulu\u015flarca d\u00fczenlenip g\u00fcmr\u00fck idarelerimizce vize edilen belgedir.<\/p>\n<p>&nbsp;<\/p>\n<p><strong>\u00a0<\/strong><\/p>\n<p><strong>Malezya Men\u015fe \u0130spat Belgesi<\/strong><\/p>\n<p><strong>\u00a0<\/strong><\/p>\n<p>10.07.2015 tarih 29412 say\u0131l\u0131 Resmi Gazete \u2019de yay\u0131mlanarak y\u00fcr\u00fcrl\u00fc\u011fe giren T\u00fcrkiye Cumhuriyeti ile Malezya Serbest Ticaret Anla\u015fmas\u0131 \u00c7er\u00e7evesindeki Ticarette E\u015fyan\u0131n Tercihli Men\u015feinin Tespiti Hakk\u0131nda Y\u00f6netmelik\u2019e istinaden 01.08.2015 tarihinden itibaren \u201cMen\u015fe Belgesi\u201d d\u00fczenlenecektir.<\/p>\n<p>Bu kapsamda, Malezya\u2019ya \u201ctercihli ticarete\u201d konu olacak e\u015fyan\u0131n men\u015feinin, anla\u015fmada yer alan men\u015fe kurallar\u0131 uyar\u0131nca s\u00f6z konusu Men\u015fe Belgesinin (Certificate Of Origin) ibraz\u0131 suretiyle tevsik edilecektir.<br \/>\nSadece MALEZYA i\u00e7in d\u00fczenlenir.<\/p>\n<p>&nbsp;<\/p>\n<p>&nbsp;<\/p>\n<p><strong>Form-A \u00d6zel Men\u015fe \u015eahadetnamesi<\/strong><\/p>\n<p>Birle\u015fmi\u015f Milletler Ticaret ve Kalk\u0131nma Konferans\u0131 ( UNCTAD) \u00e7er\u00e7evesinde uygulanan Genelle\u015ftirilmi\u015f Tercihler Sisteminden(GTS) yararlanmak \u00fczere ilgili \u00fclkelerin\u00a0g\u00fcmr\u00fck indirimi uygulad\u0131klar\u0131 e\u015fyan\u0131n ihrac\u0131nda d\u00fczenlenen ve ithalat\u00e7\u0131 \u00fclke g\u00fcmr\u00fck idaresine muhatap belgedir.<\/p>\n<p>GTS kapsam\u0131nda, \u00fclkemizde tek tarafl\u0131 olarak sadece Avustralya, Japonya ve Yeni Zelanda taraf\u0131ndan tercihli tarife uygulanmaktad\u0131r.<\/p>\n<p><strong>TR-AZ FORMU Men\u015fe \u0130spat Belgesi (Azerbaycan)<\/strong><\/p>\n<p>T\u00fcrkiye Cumhuriyeti ile Azerbaycan Cumhuriyeti Aras\u0131nda Tercihli Ticaret Anla\u015fmas\u0131 \u00c7er\u00e7evesindeki Ticarette E\u015fyan\u0131n Tercihli Men\u015feinin Tespiti Hakk\u0131nda Y\u00f6netmelik ile 01.03.2021 tarihinden ge\u00e7erli olmak \u00fczere yay\u0131m\u0131 tarihinde y\u00fcr\u00fcrl\u00fc\u011fe giren, Bakanl\u0131k\u00e7a yetkilendirilen kurulu\u015flarca sat\u0131\u015f ve onay i\u015flemleri ger\u00e7ekle\u015ftirilen belgedir.<\/p>\n<p>[\/vc_column_text][\/vc_column][\/vc_row]<\/p>\n","protected":false},"excerpt":{"rendered":"<p>[vc_row][vc_column][vc_column_text]A.TR Dola\u015f\u0131m Belgesi \u00a0 Avrupa Birli\u011fi \u00fclkeleri ile G\u00fcmr\u00fck Birli\u011fi \u00e7er\u00e7evesinde yap\u0131lan tercihli ticarette kullan\u0131l\u0131r. Sanayi ve i\u015flenmi\u015f tar\u0131m \u00fcr\u00fcnleri ihracat\u0131 ve ithalat\u0131nda g\u00fcmr\u00fck vergisi muafiyeti sa\u011flayan belgedir. &nbsp; Basit A.TR Dola\u015f\u0131m Belgesi T\u00fcrkiye ile Avrupa Toplulu\u011fu Aras\u0131nda Olu\u015fturulan G\u00fcmr\u00fck Birli\u011fi\u2019nin Uygulanmas\u0131na \u0130li\u015fkin Esaslar Hakk\u0131nda Karar\u2019\u0131n 7. B\u00f6l\u00fcm\u00fc Basitle\u015ftirilmi\u015f \u0130\u015flemler H\u00fckm\u00fc uyar\u0131nca Onaylanm\u0131\u015f \u0130hracat\u00e7\u0131 yetkisi [&hellip;]<\/p>\n","protected":false},"author":1,"featured_media":0,"parent":0,"menu_order":0,"comment_status":"closed","ping_status":"closed","template":"","meta":{"ngg_post_thumbnail":0,"footnotes":""},"class_list":["post-3849","page","type-page","status-publish","hentry"],"_links":{"self":[{"href":"https:\/\/otso.omerfarukarslan.com.tr\/index.php?rest_route=\/wp\/v2\/pages\/3849","targetHints":{"allow":["GET"]}}],"collection":[{"href":"https:\/\/otso.omerfarukarslan.com.tr\/index.php?rest_route=\/wp\/v2\/pages"}],"about":[{"href":"https:\/\/otso.omerfarukarslan.com.tr\/index.php?rest_route=\/wp\/v2\/types\/page"}],"author":[{"embeddable":true,"href":"https:\/\/otso.omerfarukarslan.com.tr\/index.php?rest_route=\/wp\/v2\/users\/1"}],"replies":[{"embeddable":true,"href":"https:\/\/otso.omerfarukarslan.com.tr\/index.php?rest_route=%2Fwp%2Fv2%2Fcomments&post=3849"}],"version-history":[{"count":1,"href":"https:\/\/otso.omerfarukarslan.com.tr\/index.php?rest_route=\/wp\/v2\/pages\/3849\/revisions"}],"predecessor-version":[{"id":3850,"href":"https:\/\/otso.omerfarukarslan.com.tr\/index.php?rest_route=\/wp\/v2\/pages\/3849\/revisions\/3850"}],"wp:attachment":[{"href":"https:\/\/otso.omerfarukarslan.com.tr\/index.php?rest_route=%2Fwp%2Fv2%2Fmedia&parent=3849"}],"curies":[{"name":"wp","href":"https:\/\/api.w.org\/{rel}","templated":true}]}}