{"id":3847,"date":"2022-09-30T14:14:52","date_gmt":"2022-09-30T14:14:52","guid":{"rendered":"https:\/\/www.otso.org.tr\/?page_id=3847"},"modified":"2022-09-30T14:14:52","modified_gmt":"2022-09-30T14:14:52","slug":"ihracat-belgeleri-satis-fiyatlari","status":"publish","type":"page","link":"https:\/\/otso.omerfarukarslan.com.tr\/?page_id=3847","title":{"rendered":"\u0130hracat Belgeleri Sat\u0131\u015f Fiyatlar\u0131"},"content":{"rendered":"<p>[vc_row][vc_column][vc_column_text]<strong>BELGE SATI\u015e F\u0130YATLARI<\/strong><\/p>\n<table>\n<tbody>\n<tr>\n<td width=\"302\"><strong>BELGE ADI<\/strong><\/td>\n<td width=\"302\"><strong>SATI\u015e BEDEL\u0130 (TL)<\/strong><\/td>\n<\/tr>\n<tr>\n<td width=\"302\">A.TR Dola\u015f\u0131m Belgesi<\/td>\n<td width=\"302\">7,00<\/td>\n<\/tr>\n<tr>\n<td width=\"302\">EUR-1 Dola\u015f\u0131m Belgesi<\/td>\n<td width=\"302\">7,00<\/td>\n<\/tr>\n<tr>\n<td width=\"302\">EUR-MED Dola\u015f\u0131m Belgesi<\/td>\n<td width=\"302\">7,00<\/td>\n<\/tr>\n<tr>\n<td width=\"302\">Form-A \u00d6zel Men\u015fe \u015eahadetnamesi<\/td>\n<td width=\"302\">7,00<\/td>\n<\/tr>\n<tr>\n<td width=\"302\">Men\u015fe \u015eahadetnamesi<\/td>\n<td width=\"302\">7,00<\/td>\n<\/tr>\n<tr>\n<td width=\"302\">D-8 Men\u015fe \u0130spat Belgesi<\/td>\n<td width=\"302\">7,00<\/td>\n<\/tr>\n<tr>\n<td width=\"302\">Men\u015fe \u0130spat Belgesi-\u0130ran<\/td>\n<td width=\"302\">7,00<\/td>\n<\/tr>\n<tr>\n<td width=\"302\">Men\u015fe \u0130spat Belgesi-Malezya<\/td>\n<td width=\"302\">7,00<\/td>\n<\/tr>\n<tr>\n<td width=\"302\">TR-AZ Formu Men\u015fe \u0130spat Belgesi<\/td>\n<td width=\"302\">7,00<\/td>\n<\/tr>\n<\/tbody>\n<\/table>\n<p>[\/vc_column_text][\/vc_column][\/vc_row]<\/p>\n","protected":false},"excerpt":{"rendered":"<p>[vc_row][vc_column][vc_column_text]BELGE SATI\u015e F\u0130YATLARI BELGE ADI SATI\u015e BEDEL\u0130 (TL) A.TR Dola\u015f\u0131m Belgesi 7,00 EUR-1 Dola\u015f\u0131m Belgesi 7,00 EUR-MED Dola\u015f\u0131m Belgesi 7,00 Form-A \u00d6zel Men\u015fe \u015eahadetnamesi 7,00 Men\u015fe \u015eahadetnamesi 7,00 D-8 Men\u015fe \u0130spat Belgesi 7,00 Men\u015fe \u0130spat Belgesi-\u0130ran 7,00 Men\u015fe \u0130spat Belgesi-Malezya 7,00 TR-AZ Formu Men\u015fe \u0130spat Belgesi 7,00 [\/vc_column_text][\/vc_column][\/vc_row]<\/p>\n","protected":false},"author":1,"featured_media":0,"parent":0,"menu_order":0,"comment_status":"closed","ping_status":"closed","template":"","meta":{"ngg_post_thumbnail":0,"footnotes":""},"class_list":["post-3847","page","type-page","status-publish","hentry"],"_links":{"self":[{"href":"https:\/\/otso.omerfarukarslan.com.tr\/index.php?rest_route=\/wp\/v2\/pages\/3847","targetHints":{"allow":["GET"]}}],"collection":[{"href":"https:\/\/otso.omerfarukarslan.com.tr\/index.php?rest_route=\/wp\/v2\/pages"}],"about":[{"href":"https:\/\/otso.omerfarukarslan.com.tr\/index.php?rest_route=\/wp\/v2\/types\/page"}],"author":[{"embeddable":true,"href":"https:\/\/otso.omerfarukarslan.com.tr\/index.php?rest_route=\/wp\/v2\/users\/1"}],"replies":[{"embeddable":true,"href":"https:\/\/otso.omerfarukarslan.com.tr\/index.php?rest_route=%2Fwp%2Fv2%2Fcomments&post=3847"}],"version-history":[{"count":1,"href":"https:\/\/otso.omerfarukarslan.com.tr\/index.php?rest_route=\/wp\/v2\/pages\/3847\/revisions"}],"predecessor-version":[{"id":3848,"href":"https:\/\/otso.omerfarukarslan.com.tr\/index.php?rest_route=\/wp\/v2\/pages\/3847\/revisions\/3848"}],"wp:attachment":[{"href":"https:\/\/otso.omerfarukarslan.com.tr\/index.php?rest_route=%2Fwp%2Fv2%2Fmedia&parent=3847"}],"curies":[{"name":"wp","href":"https:\/\/api.w.org\/{rel}","templated":true}]}}