{"id":3843,"date":"2022-09-30T14:13:27","date_gmt":"2022-09-30T14:13:27","guid":{"rendered":"https:\/\/www.otso.org.tr\/?page_id=3843"},"modified":"2022-09-30T14:13:42","modified_gmt":"2022-09-30T14:13:42","slug":"hangi-ulkeye-hangi-dolasim-belgesi-duzenlenir","status":"publish","type":"page","link":"https:\/\/otso.omerfarukarslan.com.tr\/?page_id=3843","title":{"rendered":"Hangi \u00dclkeye Hangi Dola\u015f\u0131m Belgesi D\u00fczenlenir?"},"content":{"rendered":"<p>[vc_row][vc_column][vc_column_text]<strong>Hangi \u00dclkeye Hangi Dola\u015f\u0131m Belgesi D\u00fczenlenir?<\/strong><\/p>\n<ul>\n<li><strong>TR Dola\u015f\u0131m Belgesi D\u00fczenlenen \u00dclkeler<\/strong><\/li>\n<li>Almanya<\/li>\n<li>Avusturya<\/li>\n<li>Bel\u00e7ika<\/li>\n<li>Bulgaristan<\/li>\n<li>\u00c7ek Cumhuriyeti<\/li>\n<li>Danimarka<\/li>\n<li>Estonya<\/li>\n<li>Finlandiya<\/li>\n<li>Fransa<\/li>\n<li>H\u0131rvatistan<\/li>\n<li>Hollanda<\/li>\n<li>\u0130rlanda<\/li>\n<li>\u0130spanya<\/li>\n<li>\u0130sve\u00e7<\/li>\n<li>\u0130talya<\/li>\n<li>K\u0131br\u0131s<\/li>\n<li>Kuzey \u0130rlanda<\/li>\n<li>Letonya<\/li>\n<li>Litvanya<\/li>\n<li>L\u00fcksemburg<\/li>\n<li>Macaristan<\/li>\n<li>Malta<\/li>\n<li>Polonya<\/li>\n<li>Portekiz<\/li>\n<li>Romanya<\/li>\n<li>Slovakya<\/li>\n<li>Slovenya<\/li>\n<li>Yunanistan<\/li>\n<\/ul>\n<p>&nbsp;<\/p>\n<ul>\n<li><strong>1\/ EUR-MED Dola\u015f\u0131m Sertifikas\u0131 D\u00fczenlenen \u00dclkeler<\/strong><\/li>\n<\/ul>\n<p>&nbsp;<\/p>\n<p><strong>Paamk Sistemi Kapsam\u0131 \u00dclkeler<\/strong><\/p>\n<ul>\n<li>AB ( \u0130\u015flenmemi\u015f Tar\u0131m ve\u00a0AK\u00c7T \u00dcr\u00fcnleri \u0130\u00e7in\u00a0)<\/li>\n<li>Fas<\/li>\n<li>\u0130srail<\/li>\n<li>M\u0131s\u0131r<\/li>\n<li>Tunus<\/li>\n<\/ul>\n<p>&nbsp;<\/p>\n<p><strong>Paamk B\u00f6lgesel Konvansiyona Taraf \u00dclkeler<\/strong><\/p>\n<p>&nbsp;<\/p>\n<ul>\n<li>Arnavutluk<\/li>\n<li>Efta\u00a0<strong>(\u0130svi\u00e7re, \u0130zlanda, Lihten\u015ftayn, Norve\u00e7)<\/strong><\/li>\n<li>Faroe Adalar\u0131<\/li>\n<li>Filistin<\/li>\n<li>G\u00fcrcistan<\/li>\n<li>Karada\u011f<\/li>\n<li>Makedonya<\/li>\n<li>Moldova<\/li>\n<li>S\u0131rbistan<\/li>\n<\/ul>\n<p>&nbsp;<\/p>\n<p><strong>Bat\u0131 Balkan Men\u015fe K\u00fcm\u00fclasyonu Kapsam\u0131 \u00dclkeler<\/strong><\/p>\n<ul>\n<li>Bosna-Hersek<\/li>\n<li>Kosova<\/li>\n<\/ul>\n<p>&nbsp;<\/p>\n<p><strong>Di\u011fer Sta Anla\u015fmalar\u0131na G\u00f6re Eur.1 D\u00fczenlenen \u00dclkeler<\/strong><\/p>\n<ul>\n<li>Morityus<\/li>\n<li>\u015eili<\/li>\n<li>Bolivarc\u0131 Venezuela Cumhuriyeti<\/li>\n<\/ul>\n<p>&nbsp;<\/p>\n<p><strong>NOT:\u00a0AB \u00dcLKELER\u0130 ( \u0130\u015flenmemi\u015f Tar\u0131m ve\u00a0AK\u00c7T \u00dcr\u00fcnleri\u00a0\u0130\u00e7in\u00a0)<\/strong>\u00a0, <strong>FAS, \u0130SRA\u0130L, MISIR, TUNUS, EFTA (\u0130svi\u00e7re, \u0130zlanda, Liechtenstein, Norve\u00e7) \u00dcLKELER\u0130NE YAPILACAK \u0130HRACATLARDA EUR.1 VEYA EUR-MED D\u00dcZENLENEB\u0130L\u0130R. YUKARIDA SAYILAN D\u0130\u011eER \u00dcLKELER \u0130\u00c7\u0130N SADECE EUR.1 D\u00dcZENLENMEKTED\u0130R.<\/strong><\/p>\n<p><strong>\u00a0<\/strong><\/p>\n<ul>\n<li>Men\u015fe \u0130spat Belgesi D\u00fczenlenen \u00dclkeler<\/li>\n<\/ul>\n<p>&nbsp;<\/p>\n<ul>\n<li><strong>\u0130ran Men\u015fe \u0130spat Belgesi<\/strong><\/li>\n<li><strong>Malezya Men\u015fe Belgesi<\/strong><\/li>\n<li><strong>TR-AZ Formu Men\u015fe \u0130spat Belgesi (Azerbaycan)<\/strong><\/li>\n<li><strong>D-8 Men\u015fe \u0130spat Belgesi<\/strong><\/li>\n<li>Endonezya<\/li>\n<li>\u0130ran<\/li>\n<li>Malezya<\/li>\n<li>Nijerya<\/li>\n<li>Pakistan<\/li>\n<\/ul>\n<p>&nbsp;<\/p>\n<ul>\n<li><strong>\u00d6zel Men\u015fe \u015eahadetnamesi ( Form-A) D\u00fczenlenen \u00dclkeler<\/strong><\/li>\n<\/ul>\n<p>&nbsp;<\/p>\n<ul>\n<li>Avustralya<\/li>\n<li>Japonya<\/li>\n<li>Yeni Zelanda<\/li>\n<\/ul>\n<p>&nbsp;<\/p>\n<p><u>\u00a0<\/u><\/p>\n<p><strong><u>\u00d6nemli Notlar;<\/u><\/strong><\/p>\n<p><strong>\u00a0<\/strong><\/p>\n<ol>\n<li><strong>T\u00fcrkiye ile Suriye Aras\u0131nda Serbest Ticaret Alan\u0131 Tesis Eden Ortakl\u0131k Anla\u015fmas\u0131 6 Aral\u0131k 2011 tarihinde ask\u0131ya al\u0131nm\u0131\u015ft\u0131r.<\/strong><\/li>\n<li><strong> \u00a0 \u00a0 \u00a0 \u00a0G\u00fcney Kore, Singapur ve Birle\u015fik Krall\u0131k ile \u00fclkemiz aras\u0131nda d\u00fczenlenen serbest ticaret anla\u015fmas\u0131 gere\u011fi ihracat i\u015flemlerinde ihracat\u00e7\u0131 firmalar\u0131n tercihli ticaretten faydalanabilmesi i\u00e7in\u00a0<u>ihracat\u00e7\u0131 firmalar taraf\u0131ndan<\/u>s\u00f6z konusu serbest ticaret anla\u015fmalar\u0131n\u0131n ekinde yer alan\u00a0<u>men\u015fe beyan\u0131<\/u>\u00a0d\u00fczenlenir.\u00a0<\/strong><\/li>\n<li><strong>Yukar\u0131daki listede yer almayan b\u00fct\u00fcn \u00fclkeler i\u00e7in men\u015fe \u015fahadetnamesi d\u00fczenlenmektedir.<\/strong><\/li>\n<\/ol>\n<p>&nbsp;<\/p>\n<p>[\/vc_column_text][\/vc_column][\/vc_row]<\/p>\n","protected":false},"excerpt":{"rendered":"<p>[vc_row][vc_column][vc_column_text]Hangi \u00dclkeye Hangi Dola\u015f\u0131m Belgesi D\u00fczenlenir? TR Dola\u015f\u0131m Belgesi D\u00fczenlenen \u00dclkeler Almanya Avusturya Bel\u00e7ika Bulgaristan \u00c7ek Cumhuriyeti Danimarka Estonya Finlandiya Fransa H\u0131rvatistan Hollanda \u0130rlanda \u0130spanya \u0130sve\u00e7 \u0130talya K\u0131br\u0131s Kuzey \u0130rlanda Letonya Litvanya L\u00fcksemburg Macaristan Malta Polonya Portekiz Romanya Slovakya Slovenya Yunanistan &nbsp; 1\/ EUR-MED Dola\u015f\u0131m Sertifikas\u0131 D\u00fczenlenen \u00dclkeler &nbsp; Paamk Sistemi Kapsam\u0131 \u00dclkeler AB ( [&hellip;]<\/p>\n","protected":false},"author":1,"featured_media":0,"parent":0,"menu_order":0,"comment_status":"closed","ping_status":"closed","template":"","meta":{"ngg_post_thumbnail":0,"footnotes":""},"class_list":["post-3843","page","type-page","status-publish","hentry"],"_links":{"self":[{"href":"https:\/\/otso.omerfarukarslan.com.tr\/index.php?rest_route=\/wp\/v2\/pages\/3843","targetHints":{"allow":["GET"]}}],"collection":[{"href":"https:\/\/otso.omerfarukarslan.com.tr\/index.php?rest_route=\/wp\/v2\/pages"}],"about":[{"href":"https:\/\/otso.omerfarukarslan.com.tr\/index.php?rest_route=\/wp\/v2\/types\/page"}],"author":[{"embeddable":true,"href":"https:\/\/otso.omerfarukarslan.com.tr\/index.php?rest_route=\/wp\/v2\/users\/1"}],"replies":[{"embeddable":true,"href":"https:\/\/otso.omerfarukarslan.com.tr\/index.php?rest_route=%2Fwp%2Fv2%2Fcomments&post=3843"}],"version-history":[{"count":2,"href":"https:\/\/otso.omerfarukarslan.com.tr\/index.php?rest_route=\/wp\/v2\/pages\/3843\/revisions"}],"predecessor-version":[{"id":3846,"href":"https:\/\/otso.omerfarukarslan.com.tr\/index.php?rest_route=\/wp\/v2\/pages\/3843\/revisions\/3846"}],"wp:attachment":[{"href":"https:\/\/otso.omerfarukarslan.com.tr\/index.php?rest_route=%2Fwp%2Fv2%2Fmedia&parent=3843"}],"curies":[{"name":"wp","href":"https:\/\/api.w.org\/{rel}","templated":true}]}}