{"id":3727,"date":"2022-06-20T10:49:11","date_gmt":"2022-06-20T10:49:11","guid":{"rendered":"https:\/\/www.otso.org.tr\/?page_id=3727"},"modified":"2022-06-20T11:18:13","modified_gmt":"2022-06-20T11:18:13","slug":"is-makinasi-tescil-islemleri-2","status":"publish","type":"page","link":"https:\/\/otso.omerfarukarslan.com.tr\/?page_id=3727","title":{"rendered":"\u0130\u015f Makinas\u0131 Tescil \u0130\u015flemleri"},"content":{"rendered":"<p>[vc_row][vc_column][vc_column_text]<strong>\u0130\u015e MAK\u0130NALARI TESC\u0130L \u0130\u015eLEMLER\u0130<\/strong><\/p>\n<p><strong>\u0130\u015f Makinesinin Tescil Edilmesi \u0130\u00e7in \u0130stenen Belgeler<\/strong><\/p>\n<p><strong>\u00a0<\/strong><\/p>\n<p>\u0130\u015f makinesinin tescil edilmesi i\u00e7in;<\/p>\n<p>a) Odaya hitaben yaz\u0131lm\u0131\u015f ve i\u015f makinesinin tescilini talep eden dilek\u00e7e.<br \/>\nb) \u0130\u015f makinesi sahiplik belgesi;<\/p>\n<ul>\n<li>S\u0131f\u0131r ara\u00e7lar i\u00e7in fatura (\u0130\u015f makinesi ithal edilmi\u015f ise faturaya ek olarak g\u00fcmr\u00fck giri\u015f beyannamesi ve g\u00fcmr\u00fck vergisinin \u00f6dendi\u011fine dair makbuz).<\/li>\n<li>\u0130kinci el ara\u00e7lar i\u00e7in noter sat\u0131\u015f senedi.<\/li>\n<li>Veraset ilam\u0131.<\/li>\n<li>Yukar\u0131da an\u0131lan belgelerin ibraz edilememesi durumunda mahkemeden al\u0131nacak sahiplik belgesi.<\/li>\n<\/ul>\n<p><strong><em>*Yukar\u0131da belirtilen sahiplik belgelerinin asl\u0131 veya noter tasdikli sureti kabul edilebilir. Bu belgeler haricinde hi\u00e7bir belge sahiplik belgesi olarak kabul edilemez.<\/em><\/strong><\/p>\n<p><strong><em>*\u0130\u015f makinesi \u00fczerinde tadilat yap\u0131lm\u0131\u015f ise bu tadilat\u0131 yapan firman\u0131n faturas\u0131 ile firmaca haz\u0131rlanm\u0131\u015f ve onaylanm\u0131\u015f tadilat projesi getirilecektir.<\/em><\/strong><\/p>\n<p>c) Makineye ait teknik belge, teknik belge yoksa tablo 1\u2019de belirtilen form eksiksiz olarak doldurularak firma veya ki\u015fi taraf\u0131ndan ka\u015felenip imzalan\u0131r.<br \/>\nd) Varsa, resim, bro\u015f\u00fcr, \u015fekil, \u00e7izim gibi i\u015f makinesine ait fikir verici ek dok\u00fcmanlar al\u0131narak dosyas\u0131nda muhafaza edilir.[\/vc_column_text][vc_tta_accordion color=&#8221;white&#8221; active_section=&#8221;1&#8243; collapsible_all=&#8221;true&#8221;][vc_tta_section title=&#8221;Yeni Kay\u0131t&#8221; tab_id=&#8221;1636109662361-1fc90f0e-2e6d&#8221;][vc_column_text]<strong>Yeni Kay\u0131t<\/strong><\/p>\n<p><strong>\u00a0<\/strong><\/p>\n<ul>\n<li>\u0130lk defa tescili yap\u0131lacak ger\u00e7ek veya t\u00fczel ki\u015filere ait olan i\u015f makinalar\u0131n\u0131n tescil i\u015flemi, \u00fcyesi olduklar\u0131 Ticaret, Sanayi veya Ticaret ve Sanayi Odalar\u0131nca yap\u0131l\u0131r. \u0130\u015f makinesi sahibi olan ancak hi\u00e7bir odaya kay\u0131tl\u0131 olmayan ger\u00e7ek ki\u015filere ait i\u015f makinelerinin tescilleri ise ikametg\u00e2hlar\u0131n\u0131n bulundu\u011fu yerdeki Ticaret Odalar\u0131, Sanayi Odalar\u0131 veya Ticaret Ve Sanayi Odalar\u0131 taraf\u0131ndan yap\u0131l\u0131r.<\/li>\n<li>\u0130\u015f makinelerinin ilk tescilleri, i\u015f makinas\u0131 sahipleri veya kanuni vekillerince veya t\u00fczel ki\u015filiklerce yetkilendirilen ki\u015filerce ibraz\u0131 mecburi belgeleri g\u00f6stererek yap\u0131l\u0131r.<\/li>\n<li>M\u00fcracaat s\u0131ras\u0131nda sahiplik belgesi asl\u0131 veya noter tasdikli suretinin ibraz edilmesi zorunludur.<\/li>\n<\/ul>\n<p>[\/vc_column_text][\/vc_tta_section][vc_tta_section title=&#8221;\u0130\u015f Makinelerinin El De\u011fi\u015ftirmesi&#8221; tab_id=&#8221;1636109662384-4d92910e-9fa0&#8243;][vc_column_text]<strong>\u0130\u015f Makinelerinin El De\u011fi\u015ftirmesi<\/strong><\/p>\n<p><strong>\u00a0<\/strong><\/p>\n<ul>\n<li>Sat\u0131\u015f ve devirlerin noterlerce yap\u0131lmas\u0131 zorunludur. Bunun d\u0131\u015f\u0131nda yap\u0131lan her t\u00fcrl\u00fc sat\u0131\u015f ve devirler ge\u00e7ersizdir. Noterlerce yap\u0131lan sat\u0131\u015f ve devirlerde;<\/li>\n<li>Sat\u0131\u015f ve devirlerde tescil belgesinin ilgili b\u00f6l\u00fcm\u00fcne, sat\u0131\u015f ve devir tarihi yaz\u0131larak tasdik edilir.<\/li>\n<li>Tescil edilmi\u015f ara\u00e7lar\u0131n sat\u0131\u015f ve devir i\u015flemleri noterler taraf\u0131ndan siciline i\u015flenmek \u00fczere, i\u015flemin tamamlanmas\u0131n\u0131 m\u00fcteakip en ge\u00e7 on be\u015f i\u015f g\u00fcn\u00fc i\u00e7inde ilgili odaya bildirilir.<\/li>\n<li>Tescilli i\u015f makinelerini noter senedi ile sat\u0131n veya devir alanlar, Odaya m\u00fcracaat ederek, bu ara\u00e7lar\u0131n\u0131 bir ay i\u00e7inde tescil ettirmek ve adlar\u0131na tescil belgesi almak zorundad\u0131rlar.<\/li>\n<li>M\u00fcracaat s\u0131ras\u0131nda noterlerce verilmi\u015f sat\u0131\u015f veya devir senedi sahiplik belgesi olarak ibraz edilir. Varsa araca ait sefer g\u00f6rev emri pusulas\u0131 yeni sahibine tebli\u011f edilir.<\/li>\n<li>Finansal Kiralama, Fakt\u00f6ring ve Finansman \u015eirketleri Kanununun 23\u2019\u00fcnc\u00fc maddesine istinaden finansal kiralama konusu i\u015f makinas\u0131n\u0131n sahibi finansal kiralama \u015firketi (kiralayan), a\u015fa\u011f\u0131da yer alan hususlar\u0131n tamam\u0131n\u0131n ger\u00e7ekle\u015fmesi durumunda i\u015f makinesinin tescilli oldu\u011fu odaya tek tarafl\u0131 ba\u015fvurarak m\u00fclkiyetin devrini ve tescilini talep edebilir.<\/li>\n<\/ul>\n<p>[\/vc_column_text][\/vc_tta_section][vc_tta_section title=&#8221;Tescil Belgesi ve Ge\u00e7erlili\u011fi&#8221; tab_id=&#8221;1636109817039-7e25b746-0c67&#8243;][vc_column_text]<strong>Tescil Belgesi ve Ge\u00e7erlili\u011fi<\/strong><\/p>\n<p><strong>\u00a0<\/strong><\/p>\n<ul>\n<li>Tescil belgesi s\u00fcrekli kullan\u0131labilen bir belgedir. Bu belge; arac\u0131n ba\u015fkas\u0131na sat\u0131\u015f\u0131 veya devri, hurdaya \u00e7\u0131kar\u0131lmas\u0131, \u00fczerinde teknik de\u011fi\u015fiklik yap\u0131lmas\u0131 ve kullan\u0131m amac\u0131n\u0131n de\u011fi\u015fmesi halinde a\u015fa\u011f\u0131daki h\u00fck\u00fcmler sakl\u0131 kalmak \u00fczere ge\u00e7ersiz say\u0131l\u0131r.<\/li>\n<li>Ba\u015fkas\u0131na sat\u0131\u015f ve devir halinde tescil belgeleri Trafik Kanununun 20 nci maddesinin (c) bendi gere\u011fince bir ay s\u00fcre ile ge\u00e7erlili\u011fini korur.<\/li>\n<li>\u00dczerinde renk ve teknik de\u011fi\u015fiklik yap\u0131lan veya kullan\u0131m amac\u0131 de\u011fi\u015ftirilen ara\u00e7lara ait tescil belgeleri, sahiplerinin gerekli uygunlu\u011fu sa\u011flamalar\u0131 bak\u0131m\u0131ndan Trafik Kanununun 32\u2019nci maddesi birinci f\u0131kras\u0131 gere\u011fince otuz g\u00fcn s\u00fcre ile ge\u00e7erlili\u011fini korur.<\/li>\n<li>Hurdaya \u00e7\u0131kar\u0131lan ara\u00e7lar\u0131n \u201churdaya \u00e7\u0131kar\u0131lm\u0131\u015ft\u0131r\u201d damgas\u0131 vurularak sahiplerine verilen tescil belgeleri ara\u00e7lar\u0131n hurda olarak sat\u0131\u015flar\u0131nda sahiplik belgesi olarak kullan\u0131l\u0131r.<\/li>\n<li>Her t\u00fcrl\u00fc tescil de\u011fi\u015fikli\u011fi veya tescile ait belgelerin mecburi hallerde yenilenmemesi i\u015flemlerinde ba\u015fvuru dilek\u00e7esiyle verilen evraklar ve odan\u0131n bilgisayar kay\u0131tlar\u0131 esas al\u0131n\u0131r.<\/li>\n<li>Bir i\u015f makinesinin karayollar\u0131nda s\u00fcr\u00fclmesi, Karayollar\u0131 Genel M\u00fcd\u00fcrl\u00fc\u011f\u00fcnden \u00f6zel izin al\u0131nmas\u0131 ve zorunlu mali mesuliyet sigorta akdinin yap\u0131lm\u0131\u015f olmas\u0131 ile m\u00fcmk\u00fcnd\u00fcr. Tescil belgesine ekli trafi\u011fe \u00e7\u0131k\u0131\u015f izin belgesinin odaca tasdik edilerek makine sahibine verilmesi gerekmektedir.<\/li>\n<\/ul>\n<p>[\/vc_column_text][\/vc_tta_section][vc_tta_section title=&#8221;\u00c7al\u0131nan \u0130\u015f Makineleri Hakk\u0131nda Yap\u0131lacak \u0130\u015flemler&#8221; tab_id=&#8221;1636109964043-5b392ea8-1e2f&#8221;][vc_column_text]<strong>\u00c7al\u0131nan \u0130\u015f Makineleri Hakk\u0131nda Yap\u0131lacak \u0130\u015flemler<\/strong><\/p>\n<ul>\n<li>\u00c7al\u0131nan i\u015f makineleri hakk\u0131nda a\u015fa\u011f\u0131daki i\u015flemler yap\u0131l\u0131r;<\/li>\n<\/ul>\n<p>&nbsp;<\/p>\n<p>a) \u00c7al\u0131nd\u0131\u011f\u0131 tarihten itibaren bir ay ge\u00e7mi\u015f olmas\u0131 \u015fart\u0131yla i\u015f makinas\u0131 sahibinin talebi \u00fczerine herhangi bir oda taraf\u0131ndan;<\/p>\n<ul>\n<li>Savc\u0131l\u0131k veya mahalli zab\u0131tadan ald\u0131\u011f\u0131, \u00e7al\u0131nma olay\u0131na ait belgeyi ekledi\u011fi dilek\u00e7esi al\u0131n\u0131r.<\/li>\n<li>Ara\u00e7 sahibinin talebi halinde tescil belgesi \u00fczerine i\u015flem tarihi yaz\u0131larak &#8220;\u00e7al\u0131nm\u0131\u015ft\u0131r&#8221; \u015ferhi d\u00fc\u015f\u00fcl\u00fcr ve tescil belgesi ara\u00e7 sahibine iade edilir.<\/li>\n<li>Ara\u00e7la birlikte araca ait belgeler de \u00e7al\u0131nm\u0131\u015fsa, iste\u011fi halinde ara\u00e7 sahibine arac\u0131n kay\u0131tlar\u0131na \u00e7al\u0131nm\u0131\u015ft\u0131r \u015ferhi konuldu\u011funa dair bir yaz\u0131 verilir.<\/li>\n<\/ul>\n<p>b) \u00c7al\u0131nan ara\u00e7lar\u0131n bulunmas\u0131 halinde, ara\u00e7 sahibinin dilek\u00e7esi al\u0131n\u0131r.<\/p>\n<p><strong>\u00c7al\u0131nan, Kaybedilen, Kullan\u0131lamaz Hale Gelen, Bilgileri De\u011fi\u015fen Belge ve Plakalar<\/strong><\/p>\n<p>1) Ara\u00e7lara ait belgelerin ve tescil plakalar\u0131n\u0131n kaybedilmeleri veya kullan\u0131lamaz duruma gelmeleri halinde a\u015fa\u011f\u0131daki i\u015flemler yap\u0131l\u0131r;<\/p>\n<p>&nbsp;<\/p>\n<ul>\n<li>Sahiplik belgelerinin kaybedilmesi halinde, belgeyi veren kurulu\u015fun bir yaz\u0131 ile bildirdi\u011fi onayl\u0131 \u00f6rnekleri kabul edilir. Gerek g\u00f6r\u00fclmesi halinde tescil i\u015flemi durdurulmamak \u015fart\u0131yla, inceleme ve ara\u015ft\u0131rma yap\u0131labilir.<\/li>\n<li>Zayi, y\u0131pranma, eskime veya \u00e7e\u015fitli nedenlerle yenilenmesi gereken i\u015f makinesi tescil belgeleri ile tescil plakalar\u0131n\u0131n yenilerinin verilmesi i\u015flemleri, i\u015f makinesi sahibi veya vekilinin odaya dilek\u00e7eyle ba\u015fvurusu \u00fczerine yerine getirilir.<\/li>\n<li>Her t\u00fcrl\u00fc tescil de\u011fi\u015fikli\u011fi veya tescile ait belgelerin mecburi hallerde yenilenmesi i\u015flemlerinde \u00f6ncelikle odan\u0131n bilgisayar kay\u0131tlar\u0131 esas al\u0131n\u0131r. Ancak, belgeler ile Oda kay\u0131tlar\u0131 aras\u0131nda farkl\u0131l\u0131k g\u00f6r\u00fclmesi halinde, gerekli inceleme ve ara\u015ft\u0131rma yap\u0131larak sonucuna g\u00f6re hareket edilir.<\/li>\n<\/ul>\n<p>&nbsp;<\/p>\n<p><strong>Tescil Plaka S\u0131ra Numaras\u0131 Verilmesi ve Bu Numaray\u0131 Ta\u015f\u0131yan Tescil Plakalar\u0131n\u0131n Kullan\u0131lmas\u0131<\/strong><\/p>\n<ol>\n<li>Odalarca verilen i\u015f makinesi tescil belgesinde, arac\u0131n tescil plaka numaras\u0131 g\u00f6sterilir<\/li>\n<li>\u0130lk defa tescil edilen ara\u00e7lara tescil plakalar\u0131; il kodu, il\u00e7e kodu, tescil y\u0131l\u0131 ve tescil numaras\u0131 ayr\u0131 ayr\u0131 belirtilmek suretiyle bilgisayar program\u0131 taraf\u0131ndan otomatik olarak verilir.<\/li>\n<li>Tescili yap\u0131lan her i\u015f makinas\u0131na bir tescil plakas\u0131 s\u0131ra numaras\u0131 tahsisi mecburidir. Bu numaralar i\u015f makinas\u0131 ayr\u0131m\u0131 yap\u0131lmaks\u0131z\u0131n s\u0131ra esas\u0131na g\u00f6re verilir.<\/li>\n<li>\u0130\u015f makinesinin sahibi ger\u00e7ek ve t\u00fczel ki\u015fi, Karayollar\u0131 Trafik Y\u00f6netmeli\u011finde g\u00f6sterilen \u00f6l\u00e7\u00fc ve esaslara uygun olarak plaka takt\u0131r\u0131r. *<strong><em>\u00d6n ve arka plaka ayn\u0131 \u00f6l\u00e7\u00fclerde olacak. Ebad\u0131:210X320 mm.<\/em><\/strong> Makinede plaka tak\u0131lacak yer yoksa, plaka numaras\u0131 ayn\u0131 \u00f6l\u00e7\u00fclerde makinenin uygun k\u0131s\u0131mlar\u0131na beyaz zemin \u00fczerine siyah renkte boya ile yaz\u0131larak resmedilir.<\/li>\n<li>Tescili m\u00fcteakip araca tahsis edilen tescil plaka numaras\u0131, tescil sildirilse dahi hi\u00e7bir araca verilemez.<\/li>\n<\/ol>\n<p>[\/vc_column_text][\/vc_tta_section][vc_tta_section title=&#8221;\u0130\u015f Makinalar\u0131n\u0131n Hurdaya \u00c7\u0131kar\u0131lmas\u0131&#8221; tab_id=&#8221;1636110045329-79b9206f-a498&#8243;][vc_column_text]<strong>\u0130\u015f Makinalar\u0131n\u0131n Hurdaya \u00c7\u0131kar\u0131lmas\u0131<\/strong><\/p>\n<p><strong>\u00a0<\/strong><\/p>\n<ol>\n<li>\u0130\u015f makinalar\u0131, sahiplerinin veya kanuni vekillerinin veya t\u00fczel ki\u015filiklerce yetkilendirilen ki\u015filerin dilek\u00e7esi \u00fczerine, kay\u0131tlar\u0131nda haciz, rehin, tedbir gibi \u015ferhler bulunmamas\u0131 halinde muayeneye tabi tutulmadan hurdaya \u00e7\u0131kar\u0131l\u0131r.<\/li>\n<li>Tescil belgesine &#8220;hurdaya \u00e7\u0131kar\u0131lm\u0131\u015ft\u0131r&#8221; \u015ferhi konularak tescil belgesi sahiplerine geri verilir, varsa tescil plakalar\u0131 geri al\u0131narak iptal edilir.<\/li>\n<li>Hurdaya \u00e7\u0131kart\u0131lm\u0131\u015ft\u0131r damgas\u0131 vurularak sahiplerine verilen tescil belgeleri, ara\u00e7lar\u0131n hurda olarak sat\u0131\u015flar\u0131nda sahiplik belgesi olarak kullan\u0131l\u0131r.<\/li>\n<li>Hurdaya ayr\u0131lm\u0131\u015f olan i\u015f makinalar\u0131, onar\u0131mla yenilenseler bile tescil edilemezler. Ancak, kullan\u0131labilir durumdaki motoru ve di\u011fer par\u00e7alar\u0131, ba\u015fka ara\u00e7larda kullan\u0131labilir. Bu i\u015f makinalar\u0131n\u0131n tescile esas m\u00fcracaat formuna ve bilgisayar kay\u0131tlar\u0131na hurdaya \u00e7\u0131kar\u0131ld\u0131klar\u0131na dair gerekli kay\u0131t d\u00fc\u015f\u00fcl\u00fcr.<\/li>\n<\/ol>\n<p>[\/vc_column_text][\/vc_tta_section][\/vc_tta_accordion][\/vc_column][\/vc_row]<\/p>\n","protected":false},"excerpt":{"rendered":"<p>[vc_row][vc_column][vc_column_text]\u0130\u015e MAK\u0130NALARI TESC\u0130L \u0130\u015eLEMLER\u0130 \u0130\u015f Makinesinin Tescil Edilmesi \u0130\u00e7in \u0130stenen Belgeler \u00a0 \u0130\u015f makinesinin tescil edilmesi i\u00e7in; a) Odaya hitaben yaz\u0131lm\u0131\u015f ve i\u015f makinesinin tescilini talep eden dilek\u00e7e. b) \u0130\u015f makinesi sahiplik belgesi; S\u0131f\u0131r ara\u00e7lar i\u00e7in fatura (\u0130\u015f makinesi ithal edilmi\u015f ise faturaya ek olarak g\u00fcmr\u00fck giri\u015f beyannamesi ve g\u00fcmr\u00fck vergisinin \u00f6dendi\u011fine dair makbuz). \u0130kinci [&hellip;]<\/p>\n","protected":false},"author":1,"featured_media":0,"parent":0,"menu_order":0,"comment_status":"closed","ping_status":"closed","template":"","meta":{"ngg_post_thumbnail":0,"footnotes":""},"class_list":["post-3727","page","type-page","status-publish","hentry"],"_links":{"self":[{"href":"https:\/\/otso.omerfarukarslan.com.tr\/index.php?rest_route=\/wp\/v2\/pages\/3727","targetHints":{"allow":["GET"]}}],"collection":[{"href":"https:\/\/otso.omerfarukarslan.com.tr\/index.php?rest_route=\/wp\/v2\/pages"}],"about":[{"href":"https:\/\/otso.omerfarukarslan.com.tr\/index.php?rest_route=\/wp\/v2\/types\/page"}],"author":[{"embeddable":true,"href":"https:\/\/otso.omerfarukarslan.com.tr\/index.php?rest_route=\/wp\/v2\/users\/1"}],"replies":[{"embeddable":true,"href":"https:\/\/otso.omerfarukarslan.com.tr\/index.php?rest_route=%2Fwp%2Fv2%2Fcomments&post=3727"}],"version-history":[{"count":3,"href":"https:\/\/otso.omerfarukarslan.com.tr\/index.php?rest_route=\/wp\/v2\/pages\/3727\/revisions"}],"predecessor-version":[{"id":3730,"href":"https:\/\/otso.omerfarukarslan.com.tr\/index.php?rest_route=\/wp\/v2\/pages\/3727\/revisions\/3730"}],"wp:attachment":[{"href":"https:\/\/otso.omerfarukarslan.com.tr\/index.php?rest_route=%2Fwp%2Fv2%2Fmedia&parent=3727"}],"curies":[{"name":"wp","href":"https:\/\/api.w.org\/{rel}","templated":true}]}}