{"id":3556,"date":"2021-12-10T11:41:02","date_gmt":"2021-12-10T11:41:02","guid":{"rendered":"https:\/\/www.otso.org.tr\/?page_id=3556"},"modified":"2023-05-06T09:58:09","modified_gmt":"2023-05-06T09:58:09","slug":"iletisim","status":"publish","type":"page","link":"https:\/\/otso.omerfarukarslan.com.tr\/?page_id=3556","title":{"rendered":"\u0130leti\u015fim"},"content":{"rendered":"<style id=\"wpforms-css-vars-root\">\n\t\t\t\t:root {\n\t\t\t\t\t--wpforms-field-border-radius: 3px;\n--wpforms-field-background-color: #ffffff;\n--wpforms-field-border-color: rgba( 0, 0, 0, 0.25 );\n--wpforms-field-text-color: rgba( 0, 0, 0, 0.7 );\n--wpforms-label-color: rgba( 0, 0, 0, 0.85 );\n--wpforms-label-sublabel-color: rgba( 0, 0, 0, 0.55 );\n--wpforms-label-error-color: #d63637;\n--wpforms-button-border-radius: 3px;\n--wpforms-button-background-color: #066aab;\n--wpforms-button-text-color: #ffffff;\n--wpforms-field-size-input-height: 43px;\n--wpforms-field-size-input-spacing: 15px;\n--wpforms-field-size-font-size: 16px;\n--wpforms-field-size-line-height: 19px;\n--wpforms-field-size-padding-h: 14px;\n--wpforms-field-size-checkbox-size: 16px;\n--wpforms-field-size-sublabel-spacing: 5px;\n--wpforms-field-size-icon-size: 1;\n--wpforms-label-size-font-size: 16px;\n--wpforms-label-size-line-height: 19px;\n--wpforms-label-size-sublabel-font-size: 14px;\n--wpforms-label-size-sublabel-line-height: 17px;\n--wpforms-button-size-font-size: 17px;\n--wpforms-button-size-height: 41px;\n--wpforms-button-size-padding-h: 15px;\n--wpforms-button-size-margin-top: 10px;\n\n\t\t\t\t}\n\t\t\t<\/style><div class=\"wpforms-container wpforms-container-full wpforms-block wpforms-block-a396203c-30fa-4d68-b59a-75c7868289a3 wpforms-render-modern\" id=\"wpforms-4571\"><form id=\"wpforms-form-4571\" class=\"wpforms-validate wpforms-form wpforms-ajax-form\" data-formid=\"4571\" method=\"post\" enctype=\"multipart\/form-data\" action=\"\/index.php?rest_route=%2Fwp%2Fv2%2Fpages%2F3556\" data-token=\"5410b3acc7a7a1e204dcc03b0be610bc\"><noscript class=\"wpforms-error-noscript\">Bu formu bitirebilmek i\u00e7in taray\u0131c\u0131n\u0131zda JavaScript&#039;i etkinle\u015ftirin.<\/noscript><div class=\"wpforms-hidden\" id=\"wpforms-error-noscript\">Bu formu bitirebilmek i\u00e7in taray\u0131c\u0131n\u0131zda JavaScript&#039;i etkinle\u015ftirin.<\/div><div class=\"wpforms-field-container\"><div id=\"wpforms-4571-field_0-container\" class=\"wpforms-field wpforms-field-name\" data-field-id=\"0\"><fieldset><legend class=\"wpforms-field-label\">Ba\u011flant\u0131 Ad\u0131 Soyad\u0131 <span class=\"wpforms-required-label\" aria-hidden=\"true\">*<\/span><\/legend><div class=\"wpforms-field-row wpforms-field-medium\"><div class=\"wpforms-field-row-block wpforms-first wpforms-one-half\"><input type=\"text\" id=\"wpforms-4571-field_0\" class=\"wpforms-field-name-first wpforms-field-required\" name=\"wpforms[fields][0][first]\" aria-errormessage=\"wpforms-4571-field_0-error\" required><label for=\"wpforms-4571-field_0\" class=\"wpforms-field-sublabel after \">Ad<\/label><\/div><div class=\"wpforms-field-row-block wpforms-one-half\"><input type=\"text\" id=\"wpforms-4571-field_0-last\" class=\"wpforms-field-name-last wpforms-field-required\" name=\"wpforms[fields][0][last]\" aria-errormessage=\"wpforms-4571-field_0-last-error\" required><label for=\"wpforms-4571-field_0-last\" class=\"wpforms-field-sublabel after \">Soyad<\/label><\/div><\/div><\/fieldset><\/div><div id=\"wpforms-4571-field_1-container\" class=\"wpforms-field wpforms-field-email\" data-field-id=\"1\"><label class=\"wpforms-field-label\" for=\"wpforms-4571-field_1\">E-posta <span class=\"wpforms-required-label\" aria-hidden=\"true\">*<\/span><\/label><input type=\"email\" id=\"wpforms-4571-field_1\" class=\"wpforms-field-medium wpforms-field-required\" name=\"wpforms[fields][1]\" spellcheck=\"false\" aria-errormessage=\"wpforms-4571-field_1-error\" required><\/div><div id=\"wpforms-4571-field_3-container\" class=\"wpforms-field wpforms-field-select wpforms-field-select-style-classic\" data-field-id=\"3\"><label class=\"wpforms-field-label\" for=\"wpforms-4571-field_3\">A\u00e7\u0131l\u0131r Men\u00fc<\/label><select id=\"wpforms-4571-field_3\" class=\"wpforms-field-medium\" name=\"wpforms[fields][3]\"><option value=\"\u0130lk Se\u00e7im\" >\u0130lk Se\u00e7im<\/option><option value=\"\u0130kinci Se\u00e7im\" >\u0130kinci Se\u00e7im<\/option><option value=\"\u00dc\u00e7\u00fcnc\u00fc Se\u00e7im\" >\u00dc\u00e7\u00fcnc\u00fc Se\u00e7im<\/option><\/select><\/div><div id=\"wpforms-4571-field_2-container\" class=\"wpforms-field wpforms-field-textarea\" data-field-id=\"2\"><label class=\"wpforms-field-label\" for=\"wpforms-4571-field_2\">Yorum veya Mesaj<\/label><textarea id=\"wpforms-4571-field_2\" class=\"wpforms-field-medium\" name=\"wpforms[fields][2]\" aria-errormessage=\"wpforms-4571-field_2-error\" ><\/textarea><\/div><\/div><!-- .wpforms-field-container --><div class=\"wpforms-submit-container\" ><input type=\"hidden\" name=\"wpforms[id]\" value=\"4571\"><input type=\"hidden\" name=\"wpforms[author]\" value=\"1\"><button type=\"submit\" name=\"wpforms[submit]\" id=\"wpforms-submit-4571\" class=\"wpforms-submit\" data-alt-text=\"G\u00f6nderiliyor...\" data-submit-text=\"G\u00f6nder\" aria-live=\"assertive\" value=\"wpforms-submit\">G\u00f6nder<\/button><img loading=\"lazy\" decoding=\"async\" src=\"https:\/\/otso.omerfarukarslan.com.tr\/wp-content\/plugins\/wpforms-lite\/assets\/images\/submit-spin.svg\" class=\"wpforms-submit-spinner\" style=\"display: none;\" width=\"26\" height=\"26\" alt=\"Y\u00fckleniyor\"><\/div><\/form><\/div>  <!-- .wpforms-container -->\n\n\n<h2 class=\"wp-block-heading\">\u0130leti\u015fim Bilgileri<\/h2>\n\n\n\n<p><strong>Telefon:<\/strong> &nbsp;<a href=\"tel:+90 452 223 25 91\">+90 452 223 25 91<\/a> |<a href=\"tel:+90 452 214 10 77\"> +90 452 214 10 77<\/a> | <a href=\"tel:+90 452 223 27 84\">+90 452 223 27 84<\/a>&nbsp;| <a href=\"tel:+90 452 214 19 35\">+90 452 214 19 35<\/a><\/p>\n\n\n\n<p><strong>Fax<\/strong><strong>:<\/strong> <a href=\"tel:+90 452 214 19 99\">+90 452 214 19 99<\/a><\/p>\n\n\n\n<p><strong>E-Posta<\/strong><strong>:<\/strong> <a href=\"mailto:info@otso.org.tr\">info@otso.org.tr<\/a>&nbsp;&#8211;&nbsp;<a href=\"mailto:ordutso@tobb.org.tr\">ordutso@tobb.org.tr<\/a>&nbsp;&#8211;&nbsp;<a href=\"mailto:ordutso52@gmail.com\">ordutso52@gmail.com<\/a><\/p>\n\n\n\n<p><strong>Adres:<\/strong> <a href=\"https:\/\/www.google.com\/maps\/dir\/40.9801495,37.8993674\/Bah%C3%A7elievler,+Ordu+Ticaret+ve+Sanayi+Odas%C4%B1,+295.+Sk.+No:8,+52200+Alt%C4%B1nordu%2FOrdu\/@40.9801743,37.8963906,17z\/data=!3m1!4b1!4m17!1m6!3m5!1s0x0:0x6729b9497627d53a!2sOrdu+Ticaret+ve+Sanayi+Odas%C4%B1!8m2!3d40.979896!4d37.899526!4m9!1m1!4e1!1m5!1m1!1s0x406320381e6e9351:0x6729b9497627d53a!2m2!1d37.899526!2d40.979896!3e0?hl=tr\">Bah\u00e7elievler mah. 295.sokak No:8 Alt\u0131nordu\/ORDU<\/a>[\/vc_wp_text][vc_wp_text]<iframe loading=\"lazy\" style=\"border: 0;\" src=\"https:\/\/www.google.com\/maps\/embed?pb=!1m14!1m8!1m3!1d12048.28950037816!2d37.899526!3d40.979896!3m2!1i1024!2i768!4f13.1!3m3!1m2!1s0x0%3A0x6729b9497627d53a!2sOrdu%20Ticaret%20ve%20Sanayi%20Odas%C4%B1!5e0!3m2!1str!2str!4v1639137718932!5m2!1str!2str\" width=\"100%\" height=\"800px\" allowfullscreen=\"allowfullscreen\"><\/iframe>[\/vc_wp_text]\n<div class=\"wpcf7 no-js\" id=\"wpcf7-f5-o1\" lang=\"tr-TR\" dir=\"ltr\" data-wpcf7-id=\"5\">\n<div class=\"screen-reader-response\"><p role=\"status\" aria-live=\"polite\" aria-atomic=\"true\"><\/p> <ul><\/ul><\/div>\n<form action=\"\/index.php?rest_route=%2Fwp%2Fv2%2Fpages%2F3556#wpcf7-f5-o1\" method=\"post\" class=\"wpcf7-form init\" aria-label=\"\u0130leti\u015fim Formu\" novalidate=\"novalidate\" data-status=\"init\">\n<fieldset class=\"hidden-fields-container\"><input type=\"hidden\" name=\"_wpcf7\" value=\"5\" \/><input type=\"hidden\" name=\"_wpcf7_version\" value=\"6.1.5\" \/><input type=\"hidden\" name=\"_wpcf7_locale\" value=\"tr_TR\" \/><input type=\"hidden\" name=\"_wpcf7_unit_tag\" value=\"wpcf7-f5-o1\" \/><input type=\"hidden\" name=\"_wpcf7_container_post\" value=\"0\" \/><input type=\"hidden\" name=\"_wpcf7_posted_data_hash\" value=\"\" \/>\n<\/fieldset>\n\n<h2>\u0130leti\u015fim Formu\n<\/h2>\n<p><label> \u0130sim (*)<br \/>\n<span class=\"wpcf7-form-control-wrap\" data-name=\"your-name\"><input size=\"40\" maxlength=\"400\" class=\"wpcf7-form-control wpcf7-text wpcf7-validates-as-required\" aria-required=\"true\" aria-invalid=\"false\" value=\"\" type=\"text\" name=\"your-name\" \/><\/span> <\/label>\n<\/p>\n<p><label> Soyisim (*)<br \/>\n<span class=\"wpcf7-form-control-wrap\" data-name=\"your-email\"><input size=\"40\" maxlength=\"400\" class=\"wpcf7-form-control wpcf7-email wpcf7-validates-as-required wpcf7-text wpcf7-validates-as-email\" aria-required=\"true\" aria-invalid=\"false\" value=\"\" type=\"email\" name=\"your-email\" \/><\/span> <\/label>\n<\/p>\n<p><label> Konu (*)<br \/>\n<span class=\"wpcf7-form-control-wrap\" data-name=\"your-subject\"><input size=\"40\" maxlength=\"400\" class=\"wpcf7-form-control wpcf7-text wpcf7-validates-as-required\" aria-required=\"true\" aria-invalid=\"false\" value=\"\" type=\"text\" name=\"your-subject\" \/><\/span> <\/label>\n<\/p>\n<p><label> \u0130leti (*)<br \/>\n<span class=\"wpcf7-form-control-wrap\" data-name=\"your-message\"><textarea cols=\"40\" rows=\"10\" maxlength=\"2000\" class=\"wpcf7-form-control wpcf7-textarea\" aria-invalid=\"false\" name=\"your-message\"><\/textarea><\/span> <\/label>\n<\/p>\n<p><input class=\"wpcf7-form-control wpcf7-submit has-spinner\" type=\"submit\" value=\"G\u00f6nder\" \/>\n<\/p><div class=\"wpcf7-response-output\" aria-hidden=\"true\"><\/div>\n<\/form>\n<\/div>\n[\/vc_column][\/vc_row]<\/p>\n\n\n","protected":false},"excerpt":{"rendered":"<p>\u0130leti\u015fim Bilgileri Telefon: &nbsp;+90 452 223 25 91 | +90 452 214 10 77 | +90 452 223 27 84&nbsp;| +90 452 214 19 35 Fax: +90 452 214 19 99 E-Posta: info@otso.org.tr&nbsp;&#8211;&nbsp;ordutso@tobb.org.tr&nbsp;&#8211;&nbsp;ordutso52@gmail.com Adres: Bah\u00e7elievler mah. 295.sokak No:8 Alt\u0131nordu\/ORDU[\/vc_wp_text][vc_wp_text][\/vc_wp_text][\/vc_column][\/vc_row]<\/p>\n","protected":false},"author":1,"featured_media":0,"parent":0,"menu_order":0,"comment_status":"closed","ping_status":"closed","template":"","meta":{"ngg_post_thumbnail":0,"footnotes":""},"class_list":["post-3556","page","type-page","status-publish","hentry"],"_links":{"self":[{"href":"https:\/\/otso.omerfarukarslan.com.tr\/index.php?rest_route=\/wp\/v2\/pages\/3556","targetHints":{"allow":["GET"]}}],"collection":[{"href":"https:\/\/otso.omerfarukarslan.com.tr\/index.php?rest_route=\/wp\/v2\/pages"}],"about":[{"href":"https:\/\/otso.omerfarukarslan.com.tr\/index.php?rest_route=\/wp\/v2\/types\/page"}],"author":[{"embeddable":true,"href":"https:\/\/otso.omerfarukarslan.com.tr\/index.php?rest_route=\/wp\/v2\/users\/1"}],"replies":[{"embeddable":true,"href":"https:\/\/otso.omerfarukarslan.com.tr\/index.php?rest_route=%2Fwp%2Fv2%2Fcomments&post=3556"}],"version-history":[{"count":24,"href":"https:\/\/otso.omerfarukarslan.com.tr\/index.php?rest_route=\/wp\/v2\/pages\/3556\/revisions"}],"predecessor-version":[{"id":4579,"href":"https:\/\/otso.omerfarukarslan.com.tr\/index.php?rest_route=\/wp\/v2\/pages\/3556\/revisions\/4579"}],"wp:attachment":[{"href":"https:\/\/otso.omerfarukarslan.com.tr\/index.php?rest_route=%2Fwp%2Fv2%2Fmedia&parent=3556"}],"curies":[{"name":"wp","href":"https:\/\/api.w.org\/{rel}","templated":true}]}}