{"id":3545,"date":"2021-12-10T08:00:23","date_gmt":"2021-12-10T08:00:23","guid":{"rendered":"https:\/\/www.otso.org.tr\/?page_id=3545"},"modified":"2021-12-10T08:01:19","modified_gmt":"2021-12-10T08:01:19","slug":"cografi-isaretli-urunler","status":"publish","type":"page","link":"https:\/\/otso.omerfarukarslan.com.tr\/?page_id=3545","title":{"rendered":"Co\u011frafi \u0130\u015faretli \u00dcr\u00fcnler"},"content":{"rendered":"<p>[vc_row][vc_column][vc_column_text]<\/p>\n<table style=\"height: 300px;\" width=\"513\">\n<tbody>\n<tr>\n<td colspan=\"3\" width=\"334\">CO\u011eRAF\u0130 \u0130\u015eARETL\u0130 \u00dcR\u00dcNLER<\/td>\n<\/tr>\n<tr>\n<td><\/td>\n<td><\/td>\n<td><\/td>\n<\/tr>\n<tr>\n<td><\/td>\n<td>\u00dcR\u00dcN ADI<\/td>\n<td>TESC\u0130L TAR\u0130H\u0130<\/td>\n<\/tr>\n<tr>\n<td>1<\/td>\n<td>AKKU\u015e \u015eEKER FASULYES\u0130<\/td>\n<td>26.03.2012<\/td>\n<\/tr>\n<tr>\n<td>2<\/td>\n<td>KABATA\u015e HELVASI<\/td>\n<td>18.12.2017<\/td>\n<\/tr>\n<tr>\n<td>3<\/td>\n<td>PER\u015eEMBE CEV\u0130Z HELVASI<\/td>\n<td>18.12.2017<\/td>\n<\/tr>\n<tr>\n<td>4<\/td>\n<td>ORDU YAYLA PANCARI TUR\u015eUSU<\/td>\n<td>15.12.2017<\/td>\n<\/tr>\n<tr>\n<td>5<\/td>\n<td>ORDU K\u0130V\u0130S\u0130<\/td>\n<td>5.09.2019<\/td>\n<\/tr>\n<tr>\n<td>6<\/td>\n<td>ORDU TOSTU<\/td>\n<td>24.05.2021<\/td>\n<\/tr>\n<\/tbody>\n<\/table>\n<p>[\/vc_column_text][\/vc_column][\/vc_row]<\/p>\n","protected":false},"excerpt":{"rendered":"<p>[vc_row][vc_column][vc_column_text] CO\u011eRAF\u0130 \u0130\u015eARETL\u0130 \u00dcR\u00dcNLER \u00dcR\u00dcN ADI TESC\u0130L TAR\u0130H\u0130 1 AKKU\u015e \u015eEKER FASULYES\u0130 26.03.2012 2 KABATA\u015e HELVASI 18.12.2017 3 PER\u015eEMBE CEV\u0130Z HELVASI 18.12.2017 4 ORDU YAYLA PANCARI TUR\u015eUSU 15.12.2017 5 ORDU K\u0130V\u0130S\u0130 5.09.2019 6 ORDU TOSTU 24.05.2021 [\/vc_column_text][\/vc_column][\/vc_row]<\/p>\n","protected":false},"author":1,"featured_media":0,"parent":0,"menu_order":0,"comment_status":"closed","ping_status":"closed","template":"","meta":{"ngg_post_thumbnail":0,"footnotes":""},"class_list":["post-3545","page","type-page","status-publish","hentry"],"_links":{"self":[{"href":"https:\/\/otso.omerfarukarslan.com.tr\/index.php?rest_route=\/wp\/v2\/pages\/3545","targetHints":{"allow":["GET"]}}],"collection":[{"href":"https:\/\/otso.omerfarukarslan.com.tr\/index.php?rest_route=\/wp\/v2\/pages"}],"about":[{"href":"https:\/\/otso.omerfarukarslan.com.tr\/index.php?rest_route=\/wp\/v2\/types\/page"}],"author":[{"embeddable":true,"href":"https:\/\/otso.omerfarukarslan.com.tr\/index.php?rest_route=\/wp\/v2\/users\/1"}],"replies":[{"embeddable":true,"href":"https:\/\/otso.omerfarukarslan.com.tr\/index.php?rest_route=%2Fwp%2Fv2%2Fcomments&post=3545"}],"version-history":[{"count":2,"href":"https:\/\/otso.omerfarukarslan.com.tr\/index.php?rest_route=\/wp\/v2\/pages\/3545\/revisions"}],"predecessor-version":[{"id":3548,"href":"https:\/\/otso.omerfarukarslan.com.tr\/index.php?rest_route=\/wp\/v2\/pages\/3545\/revisions\/3548"}],"wp:attachment":[{"href":"https:\/\/otso.omerfarukarslan.com.tr\/index.php?rest_route=%2Fwp%2Fv2%2Fmedia&parent=3545"}],"curies":[{"name":"wp","href":"https:\/\/api.w.org\/{rel}","templated":true}]}}