{"id":3526,"date":"2021-12-02T09:33:54","date_gmt":"2021-12-02T09:33:54","guid":{"rendered":"https:\/\/www.otso.org.tr\/?page_id=3526"},"modified":"2021-12-02T09:55:09","modified_gmt":"2021-12-02T09:55:09","slug":"anlasmali-kurumlar","status":"publish","type":"page","link":"https:\/\/otso.omerfarukarslan.com.tr\/?page_id=3526","title":{"rendered":"Anla\u015fmal\u0131 Kurumlar"},"content":{"rendered":"<p>[vc_row][vc_column][vc_column_text]<strong><u>\u00dcYEL\u0130K\u00a0 AVANTAJLARI<\/u><\/strong><\/p>\n<p>\u00dcye memnuniyetini esas alan, s\u00fcrekli geli\u015fimi \u00f6nemseyen ve bu do\u011frultuda ba\u015far\u0131l\u0131 \u00e7al\u0131\u015fmalara imza atan Ordu Ticaret ve Sanayi\u00a0 Odas\u0131 olarak, \u00dcyelerimizin e\u011fitim ve sa\u011fl\u0131k\u00a0 hizmetlerden en avantajl\u0131 \u015fartlarda yararlanmas\u0131n\u0131 ama\u00e7l\u0131yoruz.<\/p>\n<p>A\u015fa\u011f\u0131da bilgileri bulunan program ortaklar\u0131m\u0131zdan ald\u0131\u011f\u0131n\u0131z hizmetlerle ilgili \u00f6zel indirimlerden yararlanmak i\u00e7in i\u015flem yapt\u0131\u011f\u0131n\u0131z firma yetkililerine OTSO \u00dcye Kimlik Kart\u0131n\u0131z\u0131 g\u00f6stermeniz yeterlidir.<\/p>\n<p>Kimlik kart\u0131 bulunmayan \u00fcyelerimizin Odam\u0131z 1. Kat\u0131nda hizmet veren Oda Muamelat Birimine ba\u015fvurmalar\u0131 gerekmektedir.<\/p>\n<p><strong><u>Ayr\u0131nt\u0131l\u0131 Bilgi \u0130\u00e7in:<br \/>\n<\/u><\/strong>Ordu Ticaret ve Sanayi Odas\u0131<br \/>\n0 452 214 1077<br \/>\nordutso@tobb.org.tr[\/vc_column_text][\/vc_column][\/vc_row][vc_row][vc_column css=&#8221;.vc_custom_1638437704735{padding-top: 15px !important;}&#8221;][vc_text_separator title=&#8221;ORDU \u00d6ZEL S\u0130STEM KOLEJ\u0130&#8221; color=&#8221;turquoise&#8221; style=&#8221;dotted&#8221; css=&#8221;.vc_custom_1638438831223{background-color: #f4f4f4 !important;}&#8221;][vc_column_text css=&#8221;.vc_custom_1638438743029{padding-left: 15px !important;background-color: #f4f4f4 !important;}&#8221;]<em><strong>(2021 \u2013 2022\u00a0 E\u011fitim \u2013 \u00d6\u011fretim Y\u0131l\u0131 \u0130\u00e7in Ge\u00e7erlidir)<\/strong><\/em><\/p>\n<p>&nbsp;<\/p>\n<p><strong>Telefon: \u00a00.452.888 74 44<\/strong><\/p>\n<p><strong>2021-2022 E\u011fitim \u00d6\u011fretim Y\u0131l\u0131 i\u00e7in \u00fccret KDV dahil 20.000 TL\u2019dir. \u0130ndirim uygulamas\u0131;<\/strong><\/p>\n<ul>\n<li><strong>Pe\u015fin \u00f6demeler i\u00e7in %25<\/strong><\/li>\n<li><strong>6 ayl\u0131k \u00f6demelerde %15<\/strong><\/li>\n<\/ul>\n<p>[\/vc_column_text][vc_text_separator title=&#8221;SE\u00c7K\u0130N B\u0130L\u0130M KOLEJ\u0130&#8221; color=&#8221;turquoise&#8221; style=&#8221;dotted&#8221; css=&#8221;.vc_custom_1638438842576{padding-top: 20px !important;}&#8221;][vc_column_text css=&#8221;.vc_custom_1638438751309{padding-left: 15px !important;}&#8221;]<em><strong>(2021 \u2013 2022\u00a0 E\u011fitim \u2013 \u00d6\u011fretim Y\u0131l\u0131 \u0130\u00e7in Ge\u00e7erlidir)<\/strong><\/em><\/p>\n<p>&nbsp;<\/p>\n<p><strong>Telefon: 0.452.600 0222<\/strong><\/p>\n<p><strong>2021 \u2013 2022 E\u011fitim \u2013 \u00d6\u011fretim Y\u0131l\u0131 E\u011fitim <\/strong><\/p>\n<ul>\n<li><strong>Ortaokul\u00a0 \u0130ndirim\u00a0 % 40<\/strong><\/li>\n<li><strong>Lise \u0130ndirim %30<\/strong><\/li>\n<\/ul>\n<p>[\/vc_column_text][vc_text_separator title=&#8221;ORDU U\u011eUR OKULLARI&#8221; color=&#8221;turquoise&#8221; style=&#8221;dotted&#8221; css=&#8221;.vc_custom_1638438855480{padding-top: 20px !important;background-color: #f4f4f4 !important;}&#8221;][vc_column_text css=&#8221;.vc_custom_1638438762885{padding-left: 15px !important;background-color: #f4f4f4 !important;}&#8221;]<em><strong>(2021 \u2013 2022\u00a0 E\u011fitim \u2013 \u00d6\u011fretim Y\u0131l\u0131 \u0130\u00e7in Ge\u00e7erlidir)<\/strong><\/em><\/p>\n<p>&nbsp;<\/p>\n<p><strong>Telefon: 0.452.233 2263<\/strong><\/p>\n<p><strong>A\u00c7IKLANILAN G\u00dcNCEL KAYIT \u00dcCRET\u0130 \u00dcZER\u0130NDEN % 30\u2019 DUR<\/strong>[\/vc_column_text][vc_text_separator title=&#8221;MED\u0130CAL PARK HASTANES\u0130&#8221; color=&#8221;turquoise&#8221; style=&#8221;dotted&#8221; css=&#8221;.vc_custom_1638438869542{padding-top: 20px !important;}&#8221;][vc_column_text css=&#8221;.vc_custom_1638438769309{padding-left: 15px !important;}&#8221;]<strong>Telefon: 0.452.226 1410<br \/>\nAdres: Akyaz\u0131 Mah.Gaffar Okkan Cad.No:9 Alt\u0131nordu \/ ORDU<\/strong><\/p>\n<ul>\n<li><strong><u>SGK G\u00fcvencesini Kullanmayan<\/u><\/strong><strong> \/ <u>Olmayan\u00a0\u00a0\u00a0\u00a0 <\/u><\/strong><strong><u>\u00a0\u00a0<\/u><\/strong><strong>OTSO \u00dcye ve 1.Derece Yak\u0131nlar\u0131na (Anne, Baba, E\u015f ve \u00c7ocuklar\u0131);<\/strong><strong><br \/>\n<\/strong><strong>Hastanenin Cari Fiyatlar\u0131 \u00dczerinden Ayaktan ve Yatarak Tedavi Hizmetlerinde % 20,<\/strong><strong>\u00a0<\/strong><\/li>\n<li><strong><u>SGK G\u00fcvencesini Kullanan<\/u><\/strong><strong> \u00a0\u00a0\u00a0\u00a0\u00a0\u00a0\u00a0\u00a0\u00a0\u00a0\u00a0\u00a0\u00a0\u00a0\u00a0\u00a0\u00a0\u00a0\u00a0\u00a0\u00a0\u00a0\u00a0\u00a0\u00a0\u00a0\u00a0\u00a0\u00a0\u00a0\u00a0OTSO \u00dcye ve 1.Derece Yak\u0131nlar\u0131na (Anne, Baba, E\u015f ve \u00c7ocuklar\u0131);<\/strong><strong><br \/>\nHastane Hizmetlerinde Hastadan Al\u0131nan Fark \u00dccreti \u00dczerinden Ayaktan ve Yatarak Tedavi Hizmetlerinde % 20\u2019 dir. <\/strong><\/li>\n<\/ul>\n<p>[\/vc_column_text][vc_text_separator title=&#8221;UMUT HASTANES\u0130 **&#8221; color=&#8221;turquoise&#8221; style=&#8221;dotted&#8221; css=&#8221;.vc_custom_1638438879814{padding-top: 20px !important;background-color: #f4f4f4 !important;}&#8221;][vc_column_text css=&#8221;.vc_custom_1638438775474{padding-left: 15px !important;background-color: #f4f4f4 !important;}&#8221;]<strong>Telefon: 0.452. 234 9030<br \/>\nAdres: \u015earkiye Mah.Z\u00fcbeyde Han\u0131m Cad.No:218\u00a0\u00a0\u00a0\u00a0\u00a0\u00a0\u00a0\u00a0\u00a0\u00a0\u00a0\u00a0 Alt\u0131nordu \/ ORDU<\/strong><\/p>\n<p>&nbsp;<\/p>\n<ul>\n<li><strong><u>SGK (SSK, BA\u011eKUR, EMEKL\u0130 SANDI\u011eI) G\u00fcvencesi Olan, <\/u><\/strong><strong>OTSO \u00dcye ve 1.Derece Yak\u0131nlar\u0131na (Anne, Baba, E\u015f ve \u00c7ocuklar\u0131);<\/strong><\/li>\n<li><strong><u>Ayaktan Ba\u015fvurularda,<br \/>\n<\/u><\/strong><strong>*T\u00fcm Bran\u015flarda Muayene \u00dccreti i\u00e7in Kan Tetkikleri, R\u00f6ntgen Grafilerinden %20,<br \/>\n<\/strong><strong>*MR,Tomografi, Renkli Dopler, Ultrason gibi ileri G\u00f6r\u00fcnt\u00fcleme Tetkiklerinde %20\u2019 dir.<br \/>\n<\/strong><strong>*T\u00fcm \u00d6demeler Hastadan Al\u0131nacakt\u0131r.<\/strong><\/li>\n<\/ul>\n<p><strong>\u00a0<\/strong><\/p>\n<ul>\n<li><strong><u>Yatakl\u0131 Tedavilerde,<br \/>\n<\/u><\/strong><strong>*Medikal Tedavi Ama\u00e7l\u0131 yada Ameliyatlarda Toplam \u00dccretten %20\u2019 dir.<br \/>\n<\/strong><strong>*T\u00fcm \u00d6demeler Hastadan Al\u0131nacakt\u0131r.<\/strong><\/li>\n<\/ul>\n<p><strong>Diyetisyen, Di\u015f Laboratuvar Tetkik Farklar\u0131ndan ve Endoskopik \u0130\u015flemlerden, Holter, Efor, Kemik Tarama, Fizik Tedavi Rehabilitasyon Ta\u015f K\u0131rma ve Psikolog Hizmetlerinde (SGK Geri \u00d6demesi Kapsam\u0131nda Olmayan Hizmetlerden) \u0130ndirim Uygulanmayacakt\u0131r<\/strong><strong>.<\/strong>[\/vc_column_text][\/vc_column][\/vc_row]<\/p>\n","protected":false},"excerpt":{"rendered":"<p>[vc_row][vc_column][vc_column_text]\u00dcYEL\u0130K\u00a0 AVANTAJLARI \u00dcye memnuniyetini esas alan, s\u00fcrekli geli\u015fimi \u00f6nemseyen ve bu do\u011frultuda ba\u015far\u0131l\u0131 \u00e7al\u0131\u015fmalara imza atan Ordu Ticaret ve Sanayi\u00a0 Odas\u0131 olarak, \u00dcyelerimizin e\u011fitim ve sa\u011fl\u0131k\u00a0 hizmetlerden en avantajl\u0131 \u015fartlarda yararlanmas\u0131n\u0131 ama\u00e7l\u0131yoruz. A\u015fa\u011f\u0131da bilgileri bulunan program ortaklar\u0131m\u0131zdan ald\u0131\u011f\u0131n\u0131z hizmetlerle ilgili \u00f6zel indirimlerden yararlanmak i\u00e7in i\u015flem yapt\u0131\u011f\u0131n\u0131z firma yetkililerine OTSO \u00dcye Kimlik Kart\u0131n\u0131z\u0131 g\u00f6stermeniz yeterlidir. Kimlik [&hellip;]<\/p>\n","protected":false},"author":1,"featured_media":0,"parent":0,"menu_order":0,"comment_status":"closed","ping_status":"closed","template":"","meta":{"ngg_post_thumbnail":0,"footnotes":""},"class_list":["post-3526","page","type-page","status-publish","hentry"],"_links":{"self":[{"href":"https:\/\/otso.omerfarukarslan.com.tr\/index.php?rest_route=\/wp\/v2\/pages\/3526","targetHints":{"allow":["GET"]}}],"collection":[{"href":"https:\/\/otso.omerfarukarslan.com.tr\/index.php?rest_route=\/wp\/v2\/pages"}],"about":[{"href":"https:\/\/otso.omerfarukarslan.com.tr\/index.php?rest_route=\/wp\/v2\/types\/page"}],"author":[{"embeddable":true,"href":"https:\/\/otso.omerfarukarslan.com.tr\/index.php?rest_route=\/wp\/v2\/users\/1"}],"replies":[{"embeddable":true,"href":"https:\/\/otso.omerfarukarslan.com.tr\/index.php?rest_route=%2Fwp%2Fv2%2Fcomments&post=3526"}],"version-history":[{"count":15,"href":"https:\/\/otso.omerfarukarslan.com.tr\/index.php?rest_route=\/wp\/v2\/pages\/3526\/revisions"}],"predecessor-version":[{"id":3543,"href":"https:\/\/otso.omerfarukarslan.com.tr\/index.php?rest_route=\/wp\/v2\/pages\/3526\/revisions\/3543"}],"wp:attachment":[{"href":"https:\/\/otso.omerfarukarslan.com.tr\/index.php?rest_route=%2Fwp%2Fv2%2Fmedia&parent=3526"}],"curies":[{"name":"wp","href":"https:\/\/api.w.org\/{rel}","templated":true}]}}