{"id":3062,"date":"2021-11-05T14:45:51","date_gmt":"2021-11-05T14:45:51","guid":{"rendered":"https:\/\/www.otso.org.tr\/?page_id=3062"},"modified":"2021-11-19T10:46:33","modified_gmt":"2021-11-19T10:46:33","slug":"limited-sirketi-belgeleri","status":"publish","type":"page","link":"https:\/\/otso.omerfarukarslan.com.tr\/?page_id=3062","title":{"rendered":"Limited \u015eirketi Belgeleri"},"content":{"rendered":"<p><a href=\"\/wp-content\/uploads\/2021\/11\/Oda-sigorta-acenteligi-feshi-dilekcesi-1.docx\">Oda sigorta acenteli\u011fi feshi dilek\u00e7esi<\/a><\/p>\n<p><a href=\"\/wp-content\/uploads\/2021\/11\/Oda-sigorta-acenteligi-dilekcesi-3.docx\">Oda sigorta acenteli\u011fi dilek\u00e7esi<\/a><\/p>\n<p><a href=\"\/wp-content\/uploads\/2021\/11\/Oda-mudur-istifasi-dilekcesi-1.docx\">Oda m\u00fcd\u00fcr istifas\u0131 dilek\u00e7esi<\/a><\/p>\n<p><a href=\"\/wp-content\/uploads\/2021\/11\/Oda-mudur-atamasi-dilekcesi.docx\">Oda m\u00fcd\u00fcr atamas\u0131 dilek\u00e7esi<\/a><\/p>\n<p><a href=\"\/wp-content\/uploads\/2021\/11\/Oda-Merkez-Nakli-Kayit-Beyannamesi-8.xlsx\">Oda Merkez Nakli Kay\u0131t Beyannamesi<\/a><\/p>\n<p><a href=\"\/wp-content\/uploads\/2021\/11\/Oda-kurulus-NACE-Dilekcesi-3.docx\">Oda kurulu\u015f NACE Dilek\u00e7esi<\/a><\/p>\n<p><a href=\"\/wp-content\/uploads\/2021\/11\/Oda-Kayit-Beyannamesi-12.xlsx\">Oda Kay\u0131t Beyannamesi<\/a><\/p>\n<p><a href=\"\/wp-content\/uploads\/2021\/11\/Oda-hisse-devri-dilekcesi-1.docx\">Oda hisse devri dilek\u00e7esi<\/a><\/p>\n<p><a href=\"\/wp-content\/uploads\/2021\/11\/Oda-Ana-sozlesme-degisiklik-dilekcesi-1.docx\">Oda Ana s\u00f6zle\u015fme de\u011fi\u015fiklik dilek\u00e7esi<\/a><\/p>\n<p><a href=\"\/wp-content\/uploads\/2021\/11\/Oda-Adres-degisikligi-dilekcesi-5.docx\">Oda Adres de\u011fi\u015fikli\u011fi dilek\u00e7esi<\/a><\/p>\n<p><a href=\"\/wp-content\/uploads\/2021\/11\/Mudur-istifasi-genel-kurul-karari-1.docx\">M\u00fcd\u00fcr istifas\u0131 genel kurul karar\u0131<\/a><\/p>\n<p><a href=\"\/wp-content\/uploads\/2021\/11\/Mudur-istifasi-dilekcesi-1.docx\">M\u00fcd\u00fcr istifas\u0131 dilek\u00e7esi<\/a><\/p>\n<p><a href=\"\/wp-content\/uploads\/2021\/11\/Mudur-atamasi-genel-kurul-karari-1.docx\">M\u00fcd\u00fcr atamas\u0131 genel kurul karar\u0131<\/a><\/p>\n<p><a href=\"\/wp-content\/uploads\/2021\/11\/Mudur-atamasi-dilekcesi-1.docx\">M\u00fcd\u00fcr atamas\u0131 dilek\u00e7esi<\/a><\/p>\n<p><a href=\"\/wp-content\/uploads\/2021\/11\/Merkez-Nakli-NACE-Dilekcesi-5.docx\">Merkez Nakli NACE Dilek\u00e7esi<\/a><\/p>\n<p><a href=\"\/wp-content\/uploads\/2021\/11\/Merkez-Nakli-dilekcesi-3.docx\">Merkez Nakli dilek\u00e7esi<\/a><\/p>\n<p><a href=\"\/wp-content\/uploads\/2021\/11\/Kurulus-dilekcesi-10.docx\">Kurulu\u015f dilek\u00e7esi<\/a><\/p>\n<p><a href=\"\/wp-content\/uploads\/2021\/11\/Kurulus-belge-3.docx\">Kurulu\u015f belge<\/a><\/p>\n<p><a href=\"\/wp-content\/uploads\/2021\/11\/Hisse-devri-genel-kurul-karari.docx\">Hisse devri genel kurul karar\u0131<\/a><\/p>\n<p><a href=\"\/wp-content\/uploads\/2021\/11\/Hisse-devri-dilekcesi-1.docx\">Hisse devri dilek\u00e7esi<\/a><\/p>\n<p><a href=\"\/wp-content\/uploads\/2021\/11\/Genel-kurul-dilekcesi-3.docx\">Genel kurul dilek\u00e7esi<\/a><\/p>\n<p><a href=\"\/wp-content\/uploads\/2021\/11\/Esas-sermaye-azaltimi-dilekcesi.docx\">Esas sermaye azalt\u0131m\u0131 dilek\u00e7esi<\/a><\/p>\n<p><a href=\"\/wp-content\/uploads\/2021\/11\/Esas-sermaye-arttirimi-dilekcesi-3.docx\">Esas sermaye artt\u0131r\u0131m\u0131 dilek\u00e7esi<\/a><\/p>\n<p><a href=\"\/wp-content\/uploads\/2021\/11\/Ana-sozlesme-genel-kurul-karari.docx\">Ana s\u00f6zle\u015fme genel kurul karar\u0131<\/a><\/p>\n<p><a href=\"\/wp-content\/uploads\/2021\/11\/Ana-sozlesme-degisiklik-dilekcesi.docx\">Ana s\u00f6zle\u015fme de\u011fi\u015fiklik dilek\u00e7esi<\/a><\/p>\n<p><a href=\"\/wp-content\/uploads\/2021\/11\/Adres-degisikligi-genel-kurul-karari.docx\">Adres de\u011fi\u015fikli\u011fi genel kurul karar\u0131<\/a><\/p>\n<p><a href=\"\/wp-content\/uploads\/2021\/11\/Adres-degisikligi-dilekcesi-7.docx\">Adres de\u011fi\u015fikli\u011fi dilek\u00e7esi<\/a><\/p>\n<p><a href=\"\/wp-content\/uploads\/2021\/11\/Veraseten-Hisse-Dagilimi-Islemi-dilekcesi.docx\">Veraseten Hisse Da\u011f\u0131l\u0131m\u0131 \u0130\u015flemi dilek\u00e7esi<\/a><\/p>\n<p><a href=\"\/wp-content\/uploads\/2021\/11\/Tasfiyeye-giris-dilekcesi-7.docx\">Tasfiyeye giri\u015f dilek\u00e7esi<\/a><\/p>\n<p><a href=\"\/wp-content\/uploads\/2021\/11\/Tasfiyeden-donus-dilekcesi-1.docx\">Tasfiyeden d\u00f6n\u00fc\u015f dilek\u00e7esi<\/a><\/p>\n<p><a href=\"\/wp-content\/uploads\/2021\/11\/Tasfiye-sonu-genel-kurul-karari.docx\">Tasfiye sonu genel kurul karar\u0131<\/a><\/p>\n<p><a href=\"\/wp-content\/uploads\/2021\/11\/Tasfiye-sonu-dilekcesi-7.docx\">Tasfiye sonu dilek\u00e7esi<\/a><\/p>\n<p><a href=\"\/wp-content\/uploads\/2021\/11\/Tasfiye-giris-genel-kurul-karari.docx\">Tasfiye giri\u015f genel kurul karar\u0131<\/a><\/p>\n<p><a href=\"\/wp-content\/uploads\/2021\/11\/Sube-kapanis-dilekcesi-7.docx\">\u015eube kapan\u0131\u015f dilek\u00e7esi<\/a><\/p>\n<p><a href=\"\/wp-content\/uploads\/2021\/11\/Sube-acilis-genel-kurul-karari-1.docx\">\u015eube a\u00e7\u0131l\u0131\u015f genel kurul karar\u0131<\/a><\/p>\n<p><a href=\"\/wp-content\/uploads\/2021\/11\/Sube-acilis-dilekcesi-8.docx\">\u015eube a\u00e7\u0131l\u0131\u015f dilek\u00e7esi<\/a><\/p>\n<p><a href=\"\/wp-content\/uploads\/2021\/11\/Sigorta-acenteligi-feshi-dilekcesi-1.docx\">Sigorta acenteli\u011fi feshi dilek\u00e7esi<\/a><\/p>\n<p><a href=\"\/wp-content\/uploads\/2021\/11\/Sigorta-acenteligi-dilekcesi-2.docx\">Sigorta acenteli\u011fi dilek\u00e7esi<\/a><\/p>\n<p><a href=\"\/wp-content\/uploads\/2021\/11\/Sermaye-azaltimi-ek-1-1.docx\">Sermaye azalt\u0131m\u0131 ek-1<\/a><\/p>\n<p><a href=\"\/wp-content\/uploads\/2021\/11\/Sermaye-arttirimi-genel-kurul-karari-1.docx\">Sermaye artt\u0131r\u0131m\u0131 genel kurul karar\u0131<\/a><\/p>\n<p><a href=\"\/wp-content\/uploads\/2021\/11\/Orduya-merkez-nakli-dilekcesi-1.docx\">Ordu&#8217;ya merkez nakli dilek\u00e7esi<\/a><\/p>\n<p><a href=\"\/wp-content\/uploads\/2021\/11\/Oda-Veraseten-Hisse-Dagilimi-Islemi-dilekcesi-1.docx\">Oda Veraseten Hisse Da\u011f\u0131l\u0131m\u0131 \u0130\u015flemi dilek\u00e7esi<\/a><\/p>\n<p><a href=\"\/wp-content\/uploads\/2021\/11\/Oda-tasfiyeye-giris-dilekcesi-7.docx\">Oda tasfiyeye giri\u015f dilek\u00e7esi<\/a><\/p>\n<p><a href=\"\/wp-content\/uploads\/2021\/11\/Oda-tasfiyeden-donus-dilekcesi-1.docx\">Oda tasfiyeden d\u00f6n\u00fc\u015f dilek\u00e7esi<\/a><\/p>\n<p><a href=\"\/wp-content\/uploads\/2021\/11\/Oda-tasfiye-sonu-dilekcesi-3.docx\">Oda tasfiye sonu dilek\u00e7esi<\/a><\/p>\n<p><a href=\"\/wp-content\/uploads\/2021\/11\/Oda-Sube-kapanis-dilekcesi-2.docx\">Oda \u015eube kapan\u0131\u015f dilek\u00e7esi<\/a><\/p>\n<p><a href=\"\/wp-content\/uploads\/2021\/11\/Oda-Sube-Acilis-NACE-Dilekcesi-1.docx\">Oda \u015eube A\u00e7\u0131l\u0131\u015f NACE Dilek\u00e7esi<\/a><\/p>\n<p><a href=\"\/wp-content\/uploads\/2021\/11\/Oda-Sube-acilis-Kayit-Beyannamesi-6.xlsx\">Oda \u015eube a\u00e7\u0131l\u0131\u015f Kay\u0131t Beyannamesi<\/a><\/p>\n","protected":false},"excerpt":{"rendered":"<p>Oda sigorta acenteli\u011fi feshi dilek\u00e7esi Oda sigorta acenteli\u011fi dilek\u00e7esi Oda m\u00fcd\u00fcr istifas\u0131 dilek\u00e7esi Oda m\u00fcd\u00fcr atamas\u0131 dilek\u00e7esi Oda Merkez Nakli Kay\u0131t Beyannamesi Oda kurulu\u015f NACE Dilek\u00e7esi Oda Kay\u0131t Beyannamesi Oda hisse devri dilek\u00e7esi Oda Ana s\u00f6zle\u015fme de\u011fi\u015fiklik dilek\u00e7esi Oda Adres de\u011fi\u015fikli\u011fi dilek\u00e7esi M\u00fcd\u00fcr istifas\u0131 genel kurul karar\u0131 M\u00fcd\u00fcr istifas\u0131 dilek\u00e7esi M\u00fcd\u00fcr atamas\u0131 genel kurul karar\u0131 [&hellip;]<\/p>\n","protected":false},"author":1,"featured_media":0,"parent":0,"menu_order":0,"comment_status":"closed","ping_status":"closed","template":"","meta":{"ngg_post_thumbnail":0,"footnotes":""},"class_list":["post-3062","page","type-page","status-publish","hentry"],"_links":{"self":[{"href":"https:\/\/otso.omerfarukarslan.com.tr\/index.php?rest_route=\/wp\/v2\/pages\/3062","targetHints":{"allow":["GET"]}}],"collection":[{"href":"https:\/\/otso.omerfarukarslan.com.tr\/index.php?rest_route=\/wp\/v2\/pages"}],"about":[{"href":"https:\/\/otso.omerfarukarslan.com.tr\/index.php?rest_route=\/wp\/v2\/types\/page"}],"author":[{"embeddable":true,"href":"https:\/\/otso.omerfarukarslan.com.tr\/index.php?rest_route=\/wp\/v2\/users\/1"}],"replies":[{"embeddable":true,"href":"https:\/\/otso.omerfarukarslan.com.tr\/index.php?rest_route=%2Fwp%2Fv2%2Fcomments&post=3062"}],"version-history":[{"count":3,"href":"https:\/\/otso.omerfarukarslan.com.tr\/index.php?rest_route=\/wp\/v2\/pages\/3062\/revisions"}],"predecessor-version":[{"id":3285,"href":"https:\/\/otso.omerfarukarslan.com.tr\/index.php?rest_route=\/wp\/v2\/pages\/3062\/revisions\/3285"}],"wp:attachment":[{"href":"https:\/\/otso.omerfarukarslan.com.tr\/index.php?rest_route=%2Fwp%2Fv2%2Fmedia&parent=3062"}],"curies":[{"name":"wp","href":"https:\/\/api.w.org\/{rel}","templated":true}]}}