{"id":3018,"date":"2021-11-05T14:37:50","date_gmt":"2021-11-05T14:37:50","guid":{"rendered":"https:\/\/www.otso.org.tr\/?page_id=3018"},"modified":"2021-11-19T09:46:08","modified_gmt":"2021-11-19T09:46:08","slug":"kooperatif-belgeler","status":"publish","type":"page","link":"https:\/\/otso.omerfarukarslan.com.tr\/?page_id=3018","title":{"rendered":"Kooperatif Belgeler"},"content":{"rendered":"<p><a href=\"\/kooperatif-belgeler\/oda-kurulus-nace-dilekcesi-8\/\" rel=\"attachment wp-att-3232\">Oda Kurulu\u015f NACE Dilek\u00e7esi<\/a><\/p>\n<p><a href=\"\/kooperatif-belgeler\/oda-kayit-beyannamesi-12\/\" rel=\"attachment wp-att-3231\">Oda Kay\u0131t Beyannamesi<\/a><\/p>\n<p><a href=\"\/kooperatif-belgeler\/oda-genel-kurul-dilekcesi-4\/\" rel=\"attachment wp-att-3230\">Oda genel kurul dilek\u00e7esi<\/a><\/p>\n<p><a href=\"\/kooperatif-belgeler\/oda-ana-sozlesme-degisikligi-dilekcesi-3\/\" rel=\"attachment wp-att-3229\">Oda ana s\u00f6zle\u015fme de\u011fi\u015fikli\u011fi dilek\u00e7esi<\/a><\/p>\n<p><a href=\"\/kooperatif-belgeler\/merkez-nakli-dilekcesi-9\/\" rel=\"attachment wp-att-3228\">Merkez nakli dilek\u00e7esi<\/a><\/p>\n<p><a href=\"\/kooperatif-belgeler\/kurulus-dilekcesi-10\/\" rel=\"attachment wp-att-3227\">Kurulu\u015f dilek\u00e7esi<\/a><\/p>\n<p><a href=\"\/kooperatif-belgeler\/genel-kurul-dilekce-3\/\" rel=\"attachment wp-att-3226\">Genel kurul dilek\u00e7e<\/a><\/p>\n<p><a href=\"\/kooperatif-belgeler\/ana-sozlesme-degisikligi-dilekcesi-3\/\" rel=\"attachment wp-att-3225\">Ana S\u00f6zle\u015fme de\u011fi\u015fikli\u011fi dilek\u00e7esi<\/a><\/p>\n<p><a href=\"\/wp-content\/uploads\/2021\/11\/Tasfiyeye-giris-karari-4.docx\">Tasfiyeye giri\u015f karar\u0131<\/a><\/p>\n<p><a href=\"\/wp-content\/uploads\/2021\/11\/Tasfiyeye-giris-dilekcesi-6.docx\">Tasfiyeye giri\u015f dilek\u00e7esi<\/a><\/p>\n<p><a href=\"\/wp-content\/uploads\/2021\/11\/Tasfiyeye-giris-belge-4.docx\">Tasfiyeye giri\u015f belge<\/a><\/p>\n<p><a href=\"\/wp-content\/uploads\/2021\/11\/Tasfiye-sonu-dilekcesi-6.docx\">Tasfiye sonu dilek\u00e7esi<\/a><\/p>\n<p><a href=\"\/wp-content\/uploads\/2021\/11\/Sube-kapanis-dilekcesi-6.docx\">\u015eube kapan\u0131\u015f dilek\u00e7esi<\/a><\/p>\n<p><a href=\"\/wp-content\/uploads\/2021\/11\/Sube-acilis-dilekcesi-7.docx\">\u015eube a\u00e7\u0131l\u0131\u015f dilek\u00e7esi<\/a><\/p>\n<p><a href=\"\/wp-content\/uploads\/2021\/11\/Oda-tasfiyeye-sonu-dilekcesi-4.docx\">Oda tasfiyeye sonu dilek\u00e7esi<\/a><\/p>\n<p><a href=\"\/wp-content\/uploads\/2021\/11\/Oda-tasfiyeye-giris-dilekcesi-6.docx\">Oda tasfiyeye giri\u015f dilek\u00e7esi<\/a><\/p>\n<p><a href=\"\/wp-content\/uploads\/2021\/11\/Oda-sube-kapanis-dilekcesi-4.docx\">Oda \u015fube kapan\u0131\u015f dilek\u00e7esi<\/a><\/p>\n<p><a href=\"\/wp-content\/uploads\/2021\/11\/Oda-Sube-acilis-NACE-Dilekcesi-4.docx\">Oda \u015eube a\u00e7\u0131l\u0131\u015f NACE Dilek\u00e7esi<\/a><\/p>\n<p><a href=\"\/wp-content\/uploads\/2021\/11\/Oda-Sube-acilis-Kayit-Beyannamesi-5.xlsx\">Oda \u015eube a\u00e7\u0131l\u0131\u015f Kay\u0131t Beyannamesi<\/a><\/p>\n<p><a href=\"\/wp-content\/uploads\/2021\/11\/Oda-Merkez-Nakli-NACE-Dilekcesi-4.docx\">Oda Merkez Nakli NACE Dilek\u00e7esi<\/a><\/p>\n<p><a href=\"\/wp-content\/uploads\/2021\/11\/Oda-Merkez-Nakli-Kayit-Beyannamesi-7.xlsx\">Oda Merkez Nakli Kay\u0131t Beyannamesi<\/a><\/p>\n","protected":false},"excerpt":{"rendered":"<p>Oda Kurulu\u015f NACE Dilek\u00e7esi Oda Kay\u0131t Beyannamesi Oda genel kurul dilek\u00e7esi Oda ana s\u00f6zle\u015fme de\u011fi\u015fikli\u011fi dilek\u00e7esi Merkez nakli dilek\u00e7esi Kurulu\u015f dilek\u00e7esi Genel kurul dilek\u00e7e Ana S\u00f6zle\u015fme de\u011fi\u015fikli\u011fi dilek\u00e7esi Tasfiyeye giri\u015f karar\u0131 Tasfiyeye giri\u015f dilek\u00e7esi Tasfiyeye giri\u015f belge Tasfiye sonu dilek\u00e7esi \u015eube kapan\u0131\u015f dilek\u00e7esi \u015eube a\u00e7\u0131l\u0131\u015f dilek\u00e7esi Oda tasfiyeye sonu dilek\u00e7esi Oda tasfiyeye giri\u015f dilek\u00e7esi Oda [&hellip;]<\/p>\n","protected":false},"author":1,"featured_media":0,"parent":0,"menu_order":0,"comment_status":"closed","ping_status":"closed","template":"","meta":{"ngg_post_thumbnail":0,"footnotes":""},"class_list":["post-3018","page","type-page","status-publish","hentry"],"_links":{"self":[{"href":"https:\/\/otso.omerfarukarslan.com.tr\/index.php?rest_route=\/wp\/v2\/pages\/3018","targetHints":{"allow":["GET"]}}],"collection":[{"href":"https:\/\/otso.omerfarukarslan.com.tr\/index.php?rest_route=\/wp\/v2\/pages"}],"about":[{"href":"https:\/\/otso.omerfarukarslan.com.tr\/index.php?rest_route=\/wp\/v2\/types\/page"}],"author":[{"embeddable":true,"href":"https:\/\/otso.omerfarukarslan.com.tr\/index.php?rest_route=\/wp\/v2\/users\/1"}],"replies":[{"embeddable":true,"href":"https:\/\/otso.omerfarukarslan.com.tr\/index.php?rest_route=%2Fwp%2Fv2%2Fcomments&post=3018"}],"version-history":[{"count":3,"href":"https:\/\/otso.omerfarukarslan.com.tr\/index.php?rest_route=\/wp\/v2\/pages\/3018\/revisions"}],"predecessor-version":[{"id":3234,"href":"https:\/\/otso.omerfarukarslan.com.tr\/index.php?rest_route=\/wp\/v2\/pages\/3018\/revisions\/3234"}],"wp:attachment":[{"href":"https:\/\/otso.omerfarukarslan.com.tr\/index.php?rest_route=%2Fwp%2Fv2%2Fmedia&parent=3018"}],"curies":[{"name":"wp","href":"https:\/\/api.w.org\/{rel}","templated":true}]}}