{"id":3016,"date":"2021-11-05T14:30:15","date_gmt":"2021-11-05T14:30:15","guid":{"rendered":"https:\/\/www.otso.org.tr\/?page_id=3016"},"modified":"2021-11-19T09:39:24","modified_gmt":"2021-11-19T09:39:24","slug":"kollektif-sirketler-belgeler","status":"publish","type":"page","link":"https:\/\/otso.omerfarukarslan.com.tr\/?page_id=3016","title":{"rendered":"Kollektif \u015eirketler Belgeler"},"content":{"rendered":"<p><a href=\"\/kollektif-sirketler-belgeler\/oda-sube-acilis-kayit-beyannamesi-7\/\" rel=\"attachment wp-att-3205\">Oda \u015eube a\u00e7\u0131l\u0131\u015f Kay\u0131t Beyannamesi<\/a><\/p>\n<p><a href=\"\/kollektif-sirketler-belgeler\/oda-sube-acilis-dilekcesi-2\/\" rel=\"attachment wp-att-3204\">Oda \u015eube a\u00e7\u0131l\u0131\u015f dilek\u00e7esi<\/a><\/p>\n<p><a href=\"\/kollektif-sirketler-belgeler\/oda-sozlesme-degisikligi-dilekcesi-2\/\" rel=\"attachment wp-att-3203\">Oda s\u00f6zle\u015fme de\u011fi\u015fikli\u011fi dilek\u00e7esi<\/a><\/p>\n<p><a href=\"\/kollektif-sirketler-belgeler\/oda-merkez-nakli-kayit-beyannamesi-7\/\" rel=\"attachment wp-att-3202\">Oda Merkez Nakli Kay\u0131t Beyannamesi<\/a><\/p>\n<p><a href=\"\/kollektif-sirketler-belgeler\/oda-kurulus-nace-dilekcesi-7\/\" rel=\"attachment wp-att-3201\">Oda Kurulu\u015f NACE Dilek\u00e7esi<\/a><\/p>\n<p><a href=\"\/kollektif-sirketler-belgeler\/oda-kayit-beyannamesi-11\/\" rel=\"attachment wp-att-3200\">Oda Kay\u0131t Beyannamesi<\/a><\/p>\n<p><a href=\"\/kollektif-sirketler-belgeler\/merkez-nakli-nace-dilekcesi-5\/\" rel=\"attachment wp-att-3199\">Merkez Nakli NACE Dilek\u00e7esi<\/a><\/p>\n<p><a href=\"\/kollektif-sirketler-belgeler\/merkez-nakli-dilekcesi-8\/\" rel=\"attachment wp-att-3198\">Merkez nakli dilek\u00e7esi<\/a><\/p>\n<p><a href=\"\/kollektif-sirketler-belgeler\/kurulus-dilekcesi-9\/\" rel=\"attachment wp-att-3197\">Kurulu\u015f dilek\u00e7esi<\/a><\/p>\n<p><a href=\"\/kollektif-sirketler-belgeler\/tasfiyeye-giris-karari-4\/\" rel=\"attachment wp-att-3196\">Tasfiyeye giri\u015f karar\u0131<\/a><\/p>\n<p><a href=\"\/kollektif-sirketler-belgeler\/tasfiyeye-giris-dilekcesi-6\/\" rel=\"attachment wp-att-3195\">Tasfiyeye giri\u015f dilek\u00e7esi<\/a><\/p>\n<p><a href=\"\/kollektif-sirketler-belgeler\/tasfiyeye-giris-belge-4\/\" rel=\"attachment wp-att-3194\">Tasfiyeye giri\u015f belge<\/a><\/p>\n<p><a href=\"\/kollektif-sirketler-belgeler\/tasfiye-sonu-dilekcesi-6\/\" rel=\"attachment wp-att-3193\">Tasfiye sonu dilek\u00e7esi<\/a><\/p>\n<p><a href=\"\/kollektif-sirketler-belgeler\/sube-kapanis-dilekcesi-6\/\" rel=\"attachment wp-att-3192\">\u015eube kapan\u0131\u015f dilek\u00e7esi<\/a><\/p>\n<p><a href=\"\/kollektif-sirketler-belgeler\/sube-acilis-nace-dilekcesi-2\/\" rel=\"attachment wp-att-3191\">\u015eube a\u00e7\u0131l\u0131\u015f NACE Dilek\u00e7esi<\/a><\/p>\n<p><a href=\"\/kollektif-sirketler-belgeler\/sozlesme-degisikligi-ortaklar-kurulu-karari-2\/\" rel=\"attachment wp-att-3190\">S\u00f6zle\u015fme de\u011fi\u015fikli\u011fi ortaklar kurulu karar\u0131<\/a><\/p>\n<p><a href=\"\/kollektif-sirketler-belgeler\/sozlesme-degisikligi-dilekcesi-2\/\" rel=\"attachment wp-att-3189\">S\u00f6zle\u015fme de\u011fi\u015fikli\u011fi dilek\u00e7esi<\/a><\/p>\n<p><a href=\"\/kollektif-sirketler-belgeler\/oda-tasfiyeye-sonu-dilekcesi-4\/\" rel=\"attachment wp-att-3188\">Oda tasfiyeye sonu dilek\u00e7esi<\/a><\/p>\n<p><a href=\"\/kollektif-sirketler-belgeler\/oda-tasfiyeye-giris-dilekcesi-6\/\" rel=\"attachment wp-att-3187\">Oda tasfiyeye giri\u015f dilek\u00e7esi<\/a><\/p>\n<p><a href=\"\/kollektif-sirketler-belgeler\/oda-sube-kapanis-dilekcesi-6\/\" rel=\"attachment wp-att-3186\">Oda \u015fube kapan\u0131\u015f dilek\u00e7esi<\/a><\/p>\n","protected":false},"excerpt":{"rendered":"<p>Oda \u015eube a\u00e7\u0131l\u0131\u015f Kay\u0131t Beyannamesi Oda \u015eube a\u00e7\u0131l\u0131\u015f dilek\u00e7esi Oda s\u00f6zle\u015fme de\u011fi\u015fikli\u011fi dilek\u00e7esi Oda Merkez Nakli Kay\u0131t Beyannamesi Oda Kurulu\u015f NACE Dilek\u00e7esi Oda Kay\u0131t Beyannamesi Merkez Nakli NACE Dilek\u00e7esi Merkez nakli dilek\u00e7esi Kurulu\u015f dilek\u00e7esi Tasfiyeye giri\u015f karar\u0131 Tasfiyeye giri\u015f dilek\u00e7esi Tasfiyeye giri\u015f belge Tasfiye sonu dilek\u00e7esi \u015eube kapan\u0131\u015f dilek\u00e7esi \u015eube a\u00e7\u0131l\u0131\u015f NACE Dilek\u00e7esi S\u00f6zle\u015fme de\u011fi\u015fikli\u011fi [&hellip;]<\/p>\n","protected":false},"author":1,"featured_media":0,"parent":0,"menu_order":0,"comment_status":"closed","ping_status":"closed","template":"","meta":{"ngg_post_thumbnail":0,"footnotes":""},"class_list":["post-3016","page","type-page","status-publish","hentry"],"_links":{"self":[{"href":"https:\/\/otso.omerfarukarslan.com.tr\/index.php?rest_route=\/wp\/v2\/pages\/3016","targetHints":{"allow":["GET"]}}],"collection":[{"href":"https:\/\/otso.omerfarukarslan.com.tr\/index.php?rest_route=\/wp\/v2\/pages"}],"about":[{"href":"https:\/\/otso.omerfarukarslan.com.tr\/index.php?rest_route=\/wp\/v2\/types\/page"}],"author":[{"embeddable":true,"href":"https:\/\/otso.omerfarukarslan.com.tr\/index.php?rest_route=\/wp\/v2\/users\/1"}],"replies":[{"embeddable":true,"href":"https:\/\/otso.omerfarukarslan.com.tr\/index.php?rest_route=%2Fwp%2Fv2%2Fcomments&post=3016"}],"version-history":[{"count":3,"href":"https:\/\/otso.omerfarukarslan.com.tr\/index.php?rest_route=\/wp\/v2\/pages\/3016\/revisions"}],"predecessor-version":[{"id":3207,"href":"https:\/\/otso.omerfarukarslan.com.tr\/index.php?rest_route=\/wp\/v2\/pages\/3016\/revisions\/3207"}],"wp:attachment":[{"href":"https:\/\/otso.omerfarukarslan.com.tr\/index.php?rest_route=%2Fwp%2Fv2%2Fmedia&parent=3016"}],"curies":[{"name":"wp","href":"https:\/\/api.w.org\/{rel}","templated":true}]}}