{"id":2983,"date":"2021-11-05T14:24:19","date_gmt":"2021-11-05T14:24:19","guid":{"rendered":"https:\/\/www.otso.org.tr\/?page_id=2983"},"modified":"2021-11-19T09:35:17","modified_gmt":"2021-11-19T09:35:17","slug":"gercek-kisiler-belgeler","status":"publish","type":"page","link":"https:\/\/otso.omerfarukarslan.com.tr\/?page_id=2983","title":{"rendered":"Ger\u00e7ek Ki\u015filer Belgeler"},"content":{"rendered":"<p><a href=\"\/gercek-kisiler-belgeler\/terk-dilekce-3\/\" rel=\"attachment wp-att-3182\">Terk dilek\u00e7e<\/a><\/p>\n<p><a href=\"\/gercek-kisiler-belgeler\/sube-acilis-dilekcesi-7\/\" rel=\"attachment wp-att-3181\">\u015eube a\u00e7\u0131l\u0131\u015f dilek\u00e7esi<\/a><\/p>\n<p><a href=\"\/gercek-kisiler-belgeler\/sigorta-acenteligi-fesih-dilekcesi-3\/\" rel=\"attachment wp-att-3180\">Sigorta acenteli\u011fi fesih dilek\u00e7esi<\/a><\/p>\n<p><a href=\"\/gercek-kisiler-belgeler\/sigorta-acenteligi-dilekcesi-2\/\" rel=\"attachment wp-att-3179\">Sigorta acenteli\u011fi dilek\u00e7esi<\/a><\/p>\n<p><a href=\"\/gercek-kisiler-belgeler\/sermaye-arttirimi-dilekcesi-2\/\" rel=\"attachment wp-att-3178\">Sermaye Artt\u0131r\u0131m\u0131 Dilek\u00e7esi<\/a><\/p>\n<p><a href=\"\/gercek-kisiler-belgeler\/oda-terk-dilekce-2\/\" rel=\"attachment wp-att-3177\">Oda Terk dilek\u00e7e<\/a><\/p>\n<p><a href=\"\/gercek-kisiler-belgeler\/oda-sube-acilis-nace-dilekcesi-5\/\" rel=\"attachment wp-att-3176\">Oda \u015eube a\u00e7\u0131l\u0131\u015f NACE Dilek\u00e7esi<\/a><\/p>\n<p><a href=\"\/gercek-kisiler-belgeler\/oda-sube-acilis-kayit-beyannamesi-6\/\" rel=\"attachment wp-att-3175\">Oda \u015fube a\u00e7\u0131l\u0131\u015f kay\u0131t beyannamesi<\/a><\/p>\n<p><a href=\"\/gercek-kisiler-belgeler\/oda-sigorta-acenteligi-fesih-dilekcesi-2\/\" rel=\"attachment wp-att-3174\">Oda sigorta acenteli\u011fi fesih dilek\u00e7esi<\/a><\/p>\n<p><a href=\"\/gercek-kisiler-belgeler\/oda-sigorta-acenteligi-dilekcesi-3\/\" rel=\"attachment wp-att-3173\">Oda sigorta acenteli\u011fi dilek\u00e7esi<\/a><\/p>\n<p><a href=\"\/gercek-kisiler-belgeler\/oda-sermaye-arttirimi-dilekcesi-2\/\" rel=\"attachment wp-att-3172\">Oda Sermaye Artt\u0131r\u0131m\u0131 Dilek\u00e7esi<\/a><\/p>\n<p><a href=\"\/gercek-kisiler-belgeler\/oda-merkez-nakli-nace-dilekcesi-4\/\" rel=\"attachment wp-att-3171\">Oda Merkez Nakli NACE Dilek\u00e7esi<\/a><\/p>\n<p><a href=\"\/gercek-kisiler-belgeler\/oda-merkez-nakli-kayit-beyannamesi-6\/\" rel=\"attachment wp-att-3170\">Oda Merkez Nakli Kay\u0131t Beyannamesi<\/a><\/p>\n<p><a href=\"\/oda-kurulus-nace-dilekcesi-5\/\">Oda kurulu\u015f NACE Dilek\u00e7esi<\/a><\/p>\n<p><a href=\"\/gercek-kisiler-belgeler\/oda-kayit-beyannamesi-10\/\" rel=\"attachment wp-att-3168\">Oda Kay\u0131t Beyannamesi<\/a><\/p>\n<p><a href=\"\/gercek-kisiler-belgeler\/oda-faaliyet-degisikligi-dilekcesi-2\/\" rel=\"attachment wp-att-3167\">Oda Faaliyet De\u011fi\u015fikli\u011fi Dilek\u00e7esi<\/a><\/p>\n<p><a href=\"\/gercek-kisiler-belgeler\/oda-adres-degisikligi-dilekcesi-5\/\" rel=\"attachment wp-att-3166\">Oda Adres de\u011fi\u015fikli\u011fi dilek\u00e7esi<\/a><\/p>\n<p><a href=\"\/gercek-kisiler-belgeler\/merkez-nakli-dilekcesi-7\/\" rel=\"attachment wp-att-3165\">Merkez nakli dilek\u00e7esi<\/a><\/p>\n<p><a href=\"\/gercek-kisiler-belgeler\/kurulus-dilekcesi-8\/\" rel=\"attachment wp-att-3164\">Kurulu\u015f dilek\u00e7esi<\/a><\/p>\n<p><a href=\"\/gercek-kisiler-belgeler\/faaliyet-degisikligi-dilekcesi-3\/\" rel=\"attachment wp-att-3163\">Faaliyet De\u011fi\u015fikli\u011fi Dilek\u00e7esi<\/a><\/p>\n<p><a href=\"\/gercek-kisiler-belgeler\/adres-degisikligi-dilekcesi-7\/\" rel=\"attachment wp-att-3162\">Adres de\u011fi\u015fikli\u011fi dilek\u00e7esi<\/a><\/p>\n","protected":false},"excerpt":{"rendered":"<p>Terk dilek\u00e7e \u015eube a\u00e7\u0131l\u0131\u015f dilek\u00e7esi Sigorta acenteli\u011fi fesih dilek\u00e7esi Sigorta acenteli\u011fi dilek\u00e7esi Sermaye Artt\u0131r\u0131m\u0131 Dilek\u00e7esi Oda Terk dilek\u00e7e Oda \u015eube a\u00e7\u0131l\u0131\u015f NACE Dilek\u00e7esi Oda \u015fube a\u00e7\u0131l\u0131\u015f kay\u0131t beyannamesi Oda sigorta acenteli\u011fi fesih dilek\u00e7esi Oda sigorta acenteli\u011fi dilek\u00e7esi Oda Sermaye Artt\u0131r\u0131m\u0131 Dilek\u00e7esi Oda Merkez Nakli NACE Dilek\u00e7esi Oda Merkez Nakli Kay\u0131t Beyannamesi Oda kurulu\u015f NACE Dilek\u00e7esi [&hellip;]<\/p>\n","protected":false},"author":1,"featured_media":0,"parent":0,"menu_order":0,"comment_status":"closed","ping_status":"closed","template":"","meta":{"ngg_post_thumbnail":0,"footnotes":""},"class_list":["post-2983","page","type-page","status-publish","hentry"],"_links":{"self":[{"href":"https:\/\/otso.omerfarukarslan.com.tr\/index.php?rest_route=\/wp\/v2\/pages\/2983","targetHints":{"allow":["GET"]}}],"collection":[{"href":"https:\/\/otso.omerfarukarslan.com.tr\/index.php?rest_route=\/wp\/v2\/pages"}],"about":[{"href":"https:\/\/otso.omerfarukarslan.com.tr\/index.php?rest_route=\/wp\/v2\/types\/page"}],"author":[{"embeddable":true,"href":"https:\/\/otso.omerfarukarslan.com.tr\/index.php?rest_route=\/wp\/v2\/users\/1"}],"replies":[{"embeddable":true,"href":"https:\/\/otso.omerfarukarslan.com.tr\/index.php?rest_route=%2Fwp%2Fv2%2Fcomments&post=2983"}],"version-history":[{"count":3,"href":"https:\/\/otso.omerfarukarslan.com.tr\/index.php?rest_route=\/wp\/v2\/pages\/2983\/revisions"}],"predecessor-version":[{"id":3183,"href":"https:\/\/otso.omerfarukarslan.com.tr\/index.php?rest_route=\/wp\/v2\/pages\/2983\/revisions\/3183"}],"wp:attachment":[{"href":"https:\/\/otso.omerfarukarslan.com.tr\/index.php?rest_route=%2Fwp%2Fv2%2Fmedia&parent=2983"}],"curies":[{"name":"wp","href":"https:\/\/api.w.org\/{rel}","templated":true}]}}