{"id":2969,"date":"2021-11-05T14:16:56","date_gmt":"2021-11-05T14:16:56","guid":{"rendered":"https:\/\/www.otso.org.tr\/?page_id=2969"},"modified":"2021-11-19T12:35:10","modified_gmt":"2021-11-19T12:35:10","slug":"anonim-sirketler-belgeler","status":"publish","type":"page","link":"https:\/\/otso.omerfarukarslan.com.tr\/?page_id=2969","title":{"rendered":"Anonim \u015eirketler Belgeler"},"content":{"rendered":"<p><a href=\"\/wp-content\/uploads\/2021\/11\/Adres-degisikligi-dilekcesi-8.docx\">Adres de\u011fi\u015fikli\u011fi dilek\u00e7esi<\/a><\/p>\n<p><a href=\"\/anonim-sirketler-belgeler\/tasfiye-sonu-dilekcesi-5\/\" rel=\"attachment wp-att-3156\">Tasfiye sonu dilek\u00e7esi<\/a><\/p>\n<p><a href=\"\u201c\/wp-content\/uploads\/2021\/11\/Sube-Oda-Kayit-Beyannamesi-1.xlsx&quot;\">\u015eube Oda Kay\u0131t Beyannamesi<\/a><\/p>\n<p><a href=\"\u201c\/wp-content\/uploads\/2021\/11\/Sube-kapanis-dilekcesi-4.docx&quot;\">\u015eube kapan\u0131\u015f dilek\u00e7esi<\/a><\/p>\n<p><a href=\"\u201c\/wp-content\/uploads\/2021\/11\/Sube-acilis-dilekcesi-5.docx&quot;\">\u015eube a\u00e7\u0131l\u0131\u015f dilek\u00e7esi<\/a><\/p>\n<p><a href=\"\u201c\/wp-content\/uploads\/2021\/11\/Oda-Tek-pay-sahipiligi-dilekcesi-1.docx&quot;\">Oda Tek pay sahipili\u011fi dilek\u00e7esi<\/a><\/p>\n<p><a href=\"\u201c\/wp-content\/uploads\/2021\/11\/Oda-tasfiye-sonu-dilekcesi-2.docx&quot;\">Oda tasfiye sonu dilek\u00e7esi<\/a><\/p>\n<p><a href=\"\u201c\/wp-content\/uploads\/2021\/11\/Oda-tasfiye-donus-dilekcesi-1.docx&quot;\">Oda tasfiye d\u00f6n\u00fc\u015f dilek\u00e7esi<\/a><\/p>\n<p><a href=\"\/anonim-sirketler-belgeler\/oda-sube-kapanis-dilekcesi-5\/\" rel=\"attachment wp-att-3144\">Oda \u015eube kapan\u0131\u015f dilek\u00e7esi<\/a><\/p>\n<p><a href=\"\/anonim-sirketler-belgeler\/oda-kayit-beyannamesi-9\/\" rel=\"attachment wp-att-3143\">Oda Kay\u0131t Beyannamesi<\/a><\/p>\n<p><a href=\"\u201c\/wp-content\/uploads\/2021\/11\/Oda-esas-sermaye-azaltimi-dilekcesi-1.docx&quot;\">Oda esas sermaye azalt\u0131m\u0131 dilek\u00e7esi<\/a><\/p>\n<p><a href=\"\u201c\/wp-content\/uploads\/2021\/11\/Oda-Adres-degisikligi-dilekcesi-3.docx&quot;\">Oda Adres de\u011fi\u015fikli\u011fi dilek\u00e7esi<\/a><\/p>\n<p><a href=\"\u201c\/wp-content\/uploads\/2021\/11\/Merkez-Nakli-NACE-Dilekcesi-3.docx&quot;\">Merkez Nakli NACE Dilek\u00e7esi<\/a><\/p>\n<p><a href=\"\u201c\/wp-content\/uploads\/2021\/11\/KURULUS-NACE-Dilekcesi-1.docx&quot;\">KURULU\u015e NACE Dilek\u00e7esi<\/a><\/p>\n<p><a href=\"\/anonim-sirketler-belgeler\/kurulus-dilekcesi-6\/\" rel=\"attachment wp-att-3134\">Kurulu\u015f dilek\u00e7esi<\/a><\/p>\n<p><a href=\"\u201c\/wp-content\/uploads\/2021\/11\/Genel-kurul-dilekcesi-2.docx&quot;\">Genel kurul dilek\u00e7esi<\/a><\/p>\n<p><a href=\"\u201c\/wp-content\/uploads\/2021\/11\/Genel-kurul-belge-1.docx&quot;\">Genel kurul belge<\/a><\/p>\n<p><a href=\"\/anonim-sirketler-belgeler\/esas-sermaye-azalttimi-dilekcesi-2\/\" rel=\"attachment wp-att-3130\">Esas sermaye azaltt\u0131m\u0131 dilek\u00e7esi<\/a><\/p>\n<p><a href=\"\/anonim-sirketler-belgeler\/esas-sermaye-azaltimi-ek-1-2\/\" rel=\"attachment wp-att-3129\">Esas Sermaye Azalt\u0131m\u0131 ek-1<\/a><\/p>\n<p><a href=\"\u201c\/wp-content\/uploads\/2021\/11\/Esas-sermaye-arttirimi-dilekcesi-2.docx&quot;\">Esas sermaye artt\u0131r\u0131m\u0131 dilek\u00e7esi<\/a><\/p>\n<p><a href=\"\/anonim-sirketler-belgeler\/esas-sermaye-arttirimi-beyani-2\/\" rel=\"attachment wp-att-3126\">Esas sermaye artt\u0131r\u0131m\u0131 beyan\u0131<\/a><\/p>\n<p><a href=\"\/anonim-sirketler-belgeler\/adres-degisikligi-yonetim-kurulu-karari-2\/\" rel=\"attachment wp-att-3125\">Adres de\u011fi\u015fikli\u011fi y\u00f6netim kurulu karar\u0131<\/a><\/p>\n<p><a href=\"\u201c\/wp-content\/uploads\/2021\/11\/Yonetim-Kurulu-Uyesinin-istifasi-ve-atanmasi-yonetim-kurulu-karari-1.docx&quot;\">Y\u00f6netim Kurulu \u00dcyesinin istifas\u0131 ve atanmas\u0131 y\u00f6netim kurulu karar\u0131<\/a><\/p>\n<p><a href=\"\u201c\/wp-content\/uploads\/2021\/11\/Yonetim-Kurulu-Uyesinin-istifasi-ve-atanmasi-belge-1.docx&quot;\">Y\u00f6netim Kurulu \u00dcyesinin istifas\u0131 ve atanmas\u0131 belge<\/a><\/p>\n<p><a href=\"\u201c\/wp-content\/uploads\/2021\/11\/Temsil-karar-ornegi-1.docx&quot;\">Temsil karar \u00f6rne\u011fi<\/a><\/p>\n<p><a href=\"\u201c\/wp-content\/uploads\/2021\/11\/Tek-pay-sahipiligi-yonetim-kurulu-karari-1.docx&quot;\">Tek pay sahipili\u011fi y\u00f6netim kurulu karar\u0131<\/a><\/p>\n<p><a href=\"\u201c\/wp-content\/uploads\/2021\/11\/Tasfiyeye-giris-dilekcesi-4.docx&quot;\">Tasfiyeye giri\u015f dilek\u00e7esi<\/a><\/p>\n<p><a href=\"\/anonim-sirketler-belgeler\/tasfiyeye-giris-belgeleri-2\/\" rel=\"attachment wp-att-3114\">Tasfiyeye giri\u015f belgeleri<\/a><\/p>\n<p><a href=\"\u201c\/wp-content\/uploads\/2021\/11\/Tasfiyeye-donus-genel-kurul-karari-1.docx&quot;\">Tasfiyeye d\u00f6n\u00fc\u015f genel kurul karar\u0131<\/a><\/p>\n","protected":false},"excerpt":{"rendered":"<p>Adres de\u011fi\u015fikli\u011fi dilek\u00e7esi Tasfiye sonu dilek\u00e7esi \u015eube Oda Kay\u0131t Beyannamesi \u015eube kapan\u0131\u015f dilek\u00e7esi \u015eube a\u00e7\u0131l\u0131\u015f dilek\u00e7esi Oda Tek pay sahipili\u011fi dilek\u00e7esi Oda tasfiye sonu dilek\u00e7esi Oda tasfiye d\u00f6n\u00fc\u015f dilek\u00e7esi Oda \u015eube kapan\u0131\u015f dilek\u00e7esi Oda Kay\u0131t Beyannamesi Oda esas sermaye azalt\u0131m\u0131 dilek\u00e7esi Oda Adres de\u011fi\u015fikli\u011fi dilek\u00e7esi Merkez Nakli NACE Dilek\u00e7esi KURULU\u015e NACE Dilek\u00e7esi Kurulu\u015f dilek\u00e7esi Genel [&hellip;]<\/p>\n","protected":false},"author":1,"featured_media":0,"parent":0,"menu_order":0,"comment_status":"closed","ping_status":"closed","template":"","meta":{"ngg_post_thumbnail":0,"footnotes":""},"class_list":["post-2969","page","type-page","status-publish","hentry"],"_links":{"self":[{"href":"https:\/\/otso.omerfarukarslan.com.tr\/index.php?rest_route=\/wp\/v2\/pages\/2969","targetHints":{"allow":["GET"]}}],"collection":[{"href":"https:\/\/otso.omerfarukarslan.com.tr\/index.php?rest_route=\/wp\/v2\/pages"}],"about":[{"href":"https:\/\/otso.omerfarukarslan.com.tr\/index.php?rest_route=\/wp\/v2\/types\/page"}],"author":[{"embeddable":true,"href":"https:\/\/otso.omerfarukarslan.com.tr\/index.php?rest_route=\/wp\/v2\/users\/1"}],"replies":[{"embeddable":true,"href":"https:\/\/otso.omerfarukarslan.com.tr\/index.php?rest_route=%2Fwp%2Fv2%2Fcomments&post=2969"}],"version-history":[{"count":5,"href":"https:\/\/otso.omerfarukarslan.com.tr\/index.php?rest_route=\/wp\/v2\/pages\/2969\/revisions"}],"predecessor-version":[{"id":3346,"href":"https:\/\/otso.omerfarukarslan.com.tr\/index.php?rest_route=\/wp\/v2\/pages\/2969\/revisions\/3346"}],"wp:attachment":[{"href":"https:\/\/otso.omerfarukarslan.com.tr\/index.php?rest_route=%2Fwp%2Fv2%2Fmedia&parent=2969"}],"curies":[{"name":"wp","href":"https:\/\/api.w.org\/{rel}","templated":true}]}}