{"id":2875,"date":"2021-11-05T12:07:04","date_gmt":"2021-11-05T12:07:04","guid":{"rendered":"https:\/\/www.otso.org.tr\/?page_id=2875"},"modified":"2021-11-23T09:55:07","modified_gmt":"2021-11-23T09:55:07","slug":"kooperatifler","status":"publish","type":"page","link":"https:\/\/otso.omerfarukarslan.com.tr\/?page_id=2875","title":{"rendered":"Kooperatifler"},"content":{"rendered":"<p>[vc_row][vc_column][vc_column_text]<strong>Kooperatif<\/strong><\/p>\n<p>&nbsp;<\/p>\n<p>Kooperatifler; t\u00fczel ki\u015fili\u011fi haiz olmak \u00fczere ortaklar\u0131n\u0131n belirli ekonomik menfaatlerini ve \u00f6zellikle meslek ve ge\u00e7imlerine ait ihtiya\u00e7lar\u0131n\u0131 i\u015f g\u00fcc\u00fc ve parasal katk\u0131lar\u0131yla kar\u015f\u0131l\u0131kl\u0131 yard\u0131m, dayan\u0131\u015fma ve kefalet suretiyle sa\u011flay\u0131p korumak amac\u0131yla ger\u00e7ek ve t\u00fczel ki\u015filer taraf\u0131ndan kurulan de\u011fi\u015fir ortakl\u0131 ve de\u011fi\u015fir sermayeli ortakl\u0131klara kooperatif denir. Kooperatifler en az 7 ortak taraf\u0131ndan imzalanan ana s\u00f6zle\u015fme ile kurulur.<\/p>\n<p><u>Kooperatif s\u00f6zle\u015fmesinde bulunmas\u0131 gerekli hususlar \u015funlard\u0131r:<\/u><\/p>\n<ul>\n<li>S\u00f6zle\u015fme onay tarihi,<\/li>\n<li>Kooperatifin unvan\u0131 ve merkezi,<\/li>\n<li>Kooperatifin amac\u0131 ve \u00e7al\u0131\u015fma konular\u0131, varsa s\u00fcresi,<\/li>\n<li>Ortakl\u0131k s\u0131fat\u0131n\u0131 kazand\u0131ran ve kaybettiren hal ve \u015fartlar,<\/li>\n<li>Kooperatifin sermayesi ve bunun nakdi k\u0131sm\u0131na kar\u015f\u0131l\u0131k olarak \u00f6denen en az miktar ve her ortakl\u0131k pay\u0131n\u0131n de\u011feri,<\/li>\n<li>Ortakl\u0131k pay\u0131 belgelerinin ada yaz\u0131l\u0131 oldu\u011fu<\/li>\n<li>Ortaklar\u0131n ayni sermaye koyup koymayacaklar\u0131, Ayni sermaye ve devral\u0131nan ak\u00e7al\u0131 k\u0131ymetlerle i\u015fletmelerin neden ibaret olduklar\u0131 ve bunlara bi\u00e7ilen de\u011ferler,<\/li>\n<li>Kooperatifin y\u00fck\u00fcml\u00fcl\u00fcklerinden dolay\u0131 ortaklar\u0131n sorumluluk durumu ve derecesi,<\/li>\n<li>Kooperatifin y\u00f6netici ve denetleyici organlar\u0131n\u0131n g\u00f6rev, yetki ve sorumluluklar\u0131,<\/li>\n<li>Kooperatifin temsiline ait h\u00fck\u00fcmler,<\/li>\n<li>Y\u0131ll\u0131k gelir gider farklar\u0131n\u0131n hesaplama ve kullan\u0131m \u015fekilleri,<\/li>\n<li>Kooperatifin yapaca\u011f\u0131 ilanlar\u0131n \u015fekli ve \u015firket s\u00f6zle\u015fmesinde de bu hususta bir h\u00fck\u00fcm varsa y\u00f6netim kurulu kararlar\u0131n\u0131n ortaklara ne suretle bildirilece\u011fi<\/li>\n<li>Kurucular\u0131n ad\u0131, soyad\u0131, i\u015f ve konut adresleri<\/li>\n<\/ul>\n<p>[\/vc_column_text][\/vc_column][\/vc_row][vc_row][vc_column][vc_tta_accordion style=&#8221;modern&#8221; color=&#8221;white&#8221; active_section=&#8221;1&#8243;][vc_tta_section title=&#8221;Kurulu\u015f \u0130\u015flemi&#8221; tab_id=&#8221;1636113745581-b2835b3a-0353&#8243;][vc_column_text]<strong><br \/>\nKURULU\u015e<\/strong><\/p>\n<ul>\n<li><a href=\"\/wp-content\/uploads\/2021\/11\/Kurulus-dilekcesi-14.docx\">Dilek\u00e7e<\/a>\u00a0(Kooperatif y\u00f6netim kurulu \u00fcyeleri taraf\u0131ndan m\u00fc\u015ftereken imzalanmal\u0131, vekaleten imzalanm\u0131\u015f ise vekaletin asl\u0131 veya onayl\u0131 sureti eklenmeli, ekindeki evrak d\u00f6k\u00fcm\u00fcn\u00fc i\u00e7ermelidir.Dilek\u00e7ede kooperatifin \u00fcnvan\u0131, sermayesi, merkezi, a\u00e7\u0131l\u0131\u015f tarihi ve bu tarihteki ger\u00e7ek faaliyetinin konusu NACE koduyla birlikte a\u00e7\u0131k\u00e7a g\u00f6sterilmeli ve bu bilgilerin do\u011fru oldu\u011fu aksinin tespit edilmesi durumunda sorumlulu\u011fun dilek\u00e7eyi imzalayan ki\u015fi ya da ki\u015filere ait oldu\u011fu yaz\u0131lmal\u0131d\u0131r.)<\/li>\n<li>\u0130lgili Bakanl\u0131k taraf\u0131ndan onaylanm\u0131\u015f s\u00f6zle\u015fme kitap\u00e7\u0131\u011f\u0131<\/li>\n<li>Bakanl\u0131k izin yaz\u0131s\u0131 asl\u0131<\/li>\n<li><u>14.01.2010 tarih 27462 say\u0131l\u0131 Resmi Gazetede yay\u0131mlanan tebli\u011f gere\u011fince;<\/u> 1163 say\u0131l\u0131 Kooperatifler Kanunu&#8217; na tabi kooperatiflerde 1 ortakl\u0131k pay\u0131n\u0131n de\u011feri 100 TL ye y\u00fckseltilmi\u015ftir.<\/li>\n<li>MERS\u0130S ba\u015fvurusu<\/li>\n<li>Y\u00f6netim kurulu \u00fcyelerinin 2\u2019\u015fer n\u00fcfus c\u00fczdan fotokopileri<\/li>\n<li>\u0130kametgah Belgesi (Oda sicil i\u015flemleri i\u00e7in)<\/li>\n<li><a href=\"\/wp-content\/uploads\/2021\/11\/Oda-Kurulus-Kayit-Beyannamesi.xlsx\">Oda Kay\u0131t Beyannamesi\u00a0<\/a> (Oda sicil i\u015flemleri i\u00e7in)<\/li>\n<li>Nace Dilek\u00e7esi (Oda sicil i\u015flemleri i\u00e7in)<\/li>\n<li>Yetkililerin 2 adet vesikal\u0131k foto\u011fraf\u0131 (Oda sicil i\u015flemleri i\u00e7in)<\/li>\n<\/ul>\n<p><strong>\u00a0<\/strong>[\/vc_column_text][\/vc_tta_section][vc_tta_section title=&#8221;Ana S\u00f6zle\u015fme De\u011fi\u015fikli\u011fi \u0130\u015flemi&#8221; tab_id=&#8221;1636113651866-ba7d5327-8294&#8243;][vc_column_text]<strong>\u00a0<\/strong><\/p>\n<p><strong><br \/>\nANA S\u00d6ZLE\u015eME DE\u011e\u0130\u015e\u0130KL\u0130\u011e\u0130<\/strong><\/p>\n<ul>\n<li><a href=\"\/wp-content\/uploads\/2021\/11\/Ana-Sozlesme-degisikligi-dilekcesi-3.docx\">Dilek\u00e7e<\/a>\u00a0(Yetkililer taraf\u0131ndan m\u00fc\u015ftereken imzalanmal\u0131, ekindeki evrak d\u00f6k\u00fcm\u00fcn\u00fc i\u00e7ermelidir. Vekaleten imzalanm\u0131\u015f ise vekaletin asl\u0131 veya tasdikli sureti eklenmelidir)<\/li>\n<li>Genel kurul tutana\u011f\u0131 (2 n\u00fcsha)<\/li>\n<li>Hazirun cetveli<\/li>\n<li>Bakanl\u0131k temsilcisi atama yaz\u0131s\u0131 asl\u0131<\/li>\n<li>Bakanl\u0131k temsilci raporu<\/li>\n<li>G\u00fcndem<\/li>\n<li>Erteleme var ise erteleme tutana\u011f\u0131<\/li>\n<li>Ortaklara ne \u015fekilde duyuru yap\u0131ld\u0131 ise ona ait evrak\/tutanak<\/li>\n<li>Tadil mukavelesi (2 n\u00fcsha)<\/li>\n<li>Tadile ait bakanl\u0131k izin yaz\u0131s\u0131 asl\u0131.<\/li>\n<li>MERS\u0130S ba\u015fvurusu<\/li>\n<li><a href=\"\/wp-content\/uploads\/2021\/11\/Oda-ana-sozlesme-degisikligi-dilekcesi-3.docx\">Dilek\u00e7e<\/a> (Oda i\u015flemleri i\u00e7in)<\/li>\n<\/ul>\n<p>[\/vc_column_text][\/vc_tta_section][vc_tta_section title=&#8221;Genel Kurul \u0130\u015flemi&#8221; tab_id=&#8221;1636113651882-d69ef7e6-2116&#8243;][vc_column_text]<strong>GENEL KURUL<\/strong><\/p>\n<ul>\n<li><a href=\"\/wp-content\/uploads\/2021\/11\/Genel-kurul-dilekce-3.docx\">Dilek\u00e7e<\/a>\u00a0(Yetkililer taraf\u0131ndan m\u00fc\u015ftereken imzalanmal\u0131, ekindeki evrak d\u00f6k\u00fcm\u00fcn\u00fc i\u00e7ermelidir. Vekaleten imzalanm\u0131\u015f ise vekaletin asl\u0131 veya tasdikli sureti eklenmelidir)<\/li>\n<li>Genel kurul toplant\u0131 tutana\u011f\u0131 (2 n\u00fcsha)<\/li>\n<li>Hazirun cetveli<\/li>\n<li>Bakanl\u0131k temsilci raporu<\/li>\n<li>Bakanl\u0131k temsilci atama yaz\u0131s\u0131 asl\u0131<\/li>\n<li>G\u00fcndem<\/li>\n<li>Erteleme var ise erteleme tutana\u011f\u0131<\/li>\n<li>Ortaklara ne \u015fekilde duyuru yap\u0131ld\u0131 ise ona ait evrak\/tutanak<\/li>\n<li><a href=\"\/wp-content\/uploads\/2021\/11\/Oda-genel-kurul-dilekcesi-5.docx\">Dilek\u00e7e<\/a> (Oda i\u015flemleri i\u00e7in)<\/li>\n<\/ul>\n<p><strong>Genel kurulda y\u00f6netim kurulu se\u00e7imi var ise yukar\u0131daki belgelere ek olarak;<\/strong><\/p>\n<ul>\n<li>G\u00f6rev taksimi ve kooperatifin temsil ve ilzam\u0131n\u0131n ne \u015fekilde olaca\u011f\u0131na dair y\u00f6netim kurulu karar\u0131 (4 adet \u0131slak imzal\u0131) (tasdiki m\u00fcd\u00fcrl\u00fc\u011f\u00fcm\u00fczce yap\u0131lacakt\u0131r)<\/li>\n<li>Genel kurul ve y\u00f6netim kurulu karar\u0131nda \u00fcyelerin adlar\u0131 k\u0131salt\u0131lmadan TC Kimlik numaralar\u0131 ile birlikte yaz\u0131lmal\u0131d\u0131r.<\/li>\n<li>Sicil gazetesi ilan\u0131nda ya\u015fanan g\u00fc\u00e7l\u00fck nedeniyle genel kurul tutana\u011f\u0131 okunakl\u0131 yaz\u0131lmal\u0131d\u0131r.<\/li>\n<li>Yetkililerin 2\u2019\u015fer n\u00fcfus c\u00fczdan fotokopileri<\/li>\n<li>MERS\u0130S ba\u015fvurusu<\/li>\n<\/ul>\n<p>[\/vc_column_text][\/vc_tta_section][vc_tta_section title=&#8221;Ordu&#8217;ya Merkez Nakli \u0130\u015flemi&#8221; tab_id=&#8221;1636113784229-6a1b8277-a206&#8243;][vc_column_text]<strong>MERKEZ\u0130 BA\u015eKA B\u0130R S\u0130C\u0130L\u0130N G\u00d6REV ALANINDA BULUNAN KOOPERAT\u0130F\u0130N \u015e\u0130RKET\u0130N\u00a0ORDU&#8217;YA MERKEZ NAKL\u0130<\/strong><\/p>\n<ul>\n<li><a href=\"\/wp-content\/uploads\/2021\/11\/Merkez-nakli-dilekcesi-8.docx\">Dilek\u00e7e<\/a>\u00a0(Kooperatif ka\u015fesi ile yetkililer taraf\u0131ndan m\u00fc\u015ftereken imzalanmal\u0131, ekindeki evrak d\u00f6k\u00fcm\u00fcn\u00fc i\u00e7ermelidir.Dilek\u00e7ede kooperatifin \u00fcnvan\u0131, sermayesi, merkezi, a\u00e7\u0131l\u0131\u015f tarihi ve bu tarihteki ger\u00e7ek faaliyetinin konusu NACE koduyla birlikte a\u00e7\u0131k\u00e7a g\u00f6sterilmeli ve bu bilgilerin do\u011fru oldu\u011fu aksinin tespit edilmesi durumunda sorumlulu\u011fun dilek\u00e7eyi imzalayan ki\u015fi ya da ki\u015filere ait oldu\u011fu yaz\u0131lmal\u0131d\u0131r.)<\/li>\n<li>Genel kurul toplant\u0131 tutana\u011f\u0131 asl\u0131(2 n\u00fcsha)<\/li>\n<li>Bakanl\u0131k izin yaz\u0131s\u0131 asl\u0131<\/li>\n<li>G\u00fcndem<\/li>\n<li>Erteleme var ise erteleme tutana\u011f\u0131<\/li>\n<li>Ortaklara duyuru ne \u015fekilde yap\u0131ld\u0131\u011f\u0131 ise ona ait evrak\/tutanak<\/li>\n<li>Bakanl\u0131k onayl\u0131 Tadil metni (2 n\u00fcsha)<\/li>\n<li>Bakanl\u0131k temsilcisi atama yaz\u0131s\u0131 asl\u0131<\/li>\n<li>Bakanl\u0131k temsilci raporu<\/li>\n<li>Hazirun cetveli<\/li>\n<li>Merkezin nakil olarak geldi\u011fi Sicil M\u00fcd\u00fcrl\u00fc\u011f\u00fc\u2019nden Sicil Y\u00f6netmeli\u011finin 111. md.ne g\u00f6re al\u0131nan belge<\/li>\n<li>Merkezin nakil olarak geldi\u011fi Sicil M\u00fcd\u00fcrl\u00fc\u011f\u00fc\u2019nce tescil edilen\u00a0ana s\u00f6zle\u015fme ve ana s\u00f6zle\u015fme de\u011fi\u015fiklikleri ile son y\u00f6netim kurulu se\u00e7imine ili\u015fkin tescillerin onayl\u0131 sureti ile son tescile ait Ticaret Sicil Gazetesi<\/li>\n<li>Temsil yetkisine sahip olanlar\u0131n 2\u2019\u015fer n\u00fcfus c\u00fczdan fotokopileri<\/li>\n<li>MERS\u0130S ba\u015fvurusu<\/li>\n<li><a href=\"\/wp-content\/uploads\/2021\/11\/Oda-Merkez-Nakli-Dilekcesi.docx\">Dilek\u00e7e<\/a> (Oda i\u015flemleri i\u00e7in)<\/li>\n<\/ul>\n<p>[\/vc_column_text][\/vc_tta_section][vc_tta_section title=&#8221;\u015eube A\u00e7\u0131l\u0131\u015f \u0130\u015flemi&#8221; tab_id=&#8221;1636113851939-37bd6b10-4100&#8243;][vc_column_text]<strong><br \/>\n\u015eUBE A\u00c7ILI\u015eI<\/strong><\/p>\n<ul>\n<li><a href=\"\/wp-content\/uploads\/2021\/11\/Sube-acilis-dilekcesi-11.docx\">Dilek\u00e7e<\/a>(Kooperatif ka\u015fesi ile yetkililer taraf\u0131ndan m\u00fc\u015ftereken imzalanmal\u0131, ekindeki evrak d\u00f6k\u00fcm\u00fcn\u00fc i\u00e7ermelidir. Dilek\u00e7ede \u015fubenin \u00fcnvan\u0131, sermayesi, merkezi, a\u00e7\u0131l\u0131\u015f tarihi ve bu tarihteki ger\u00e7ek faaliyetinin konusu NACE koduyla birlikte a\u00e7\u0131k\u00e7a g\u00f6sterilmeli ve bu bilgilerin do\u011fru oldu\u011fu aksinin tespit edilmesi durumunda sorumlulu\u011fun dilek\u00e7eyi imzalayan ki\u015fi ya da ki\u015filere ait oldu\u011fu yaz\u0131lmal\u0131d\u0131r.))<\/li>\n<li>\u015eube a\u00e7\u0131l\u0131\u015f\u0131na ili\u015fkin 2 n\u00fcsha noter onayl\u0131 y\u00f6netim kurulu karar\u0131. (bu kararda \u015fubenin ticaret unvan\u0131, a\u00e7\u0131k adresi, temsilcileri ve temsil \u015fekli a\u00e7\u0131k\u00e7a belirtilecektir)<\/li>\n<li>\u015eube temsilcilerinin 2 n\u00fcfus c\u00fczdan fotokopisi<\/li>\n<li>Merkezin bulundu\u011fu Sicil M\u00fcd\u00fcrl\u00fc\u011f\u00fc ordu d\u0131\u015f\u0131nda ise Merkezin sicil m\u00fcd\u00fcrl\u00fc\u011f\u00fcnden Sicil Y\u00f6netmeli\u011finin 120. md.ne g\u00f6re al\u0131nan belge<\/li>\n<li>Merkezin bulundu\u011fu Sicil M\u00fcd\u00fcrl\u00fc\u011f\u00fc Ordu d\u0131\u015f\u0131nda ise merkezin sicil m\u00fcd\u00fcrl\u00fc\u011f\u00fcnce tescil edilen ana s\u00f6zle\u015fme ve ana s\u00f6zle\u015fme de\u011fi\u015fiklikleri ile son Y\u00f6netim Kurulu se\u00e7imine ili\u015fkin tescillerin onayl\u0131 sureti ile merkezde yap\u0131lan son tescile ait Ticaret sicil gazetesi<\/li>\n<li>MERS\u0130S ba\u015fvurusu<\/li>\n<li><a href=\"\/wp-content\/uploads\/2021\/11\/Oda-Sube-Acilis-Dilekcesi.docx\">Dilek\u00e7e<\/a> (Oda i\u015flemleri i\u00e7in)<\/li>\n<\/ul>\n<p>[\/vc_column_text][\/vc_tta_section][vc_tta_section title=&#8221;\u015eube Kapan\u0131\u015f \u0130\u015flemi&#8221; tab_id=&#8221;1636113893206-5e647888-fcf3&#8243;][vc_column_text]<strong>\u015eUBE KAPANI\u015eI<\/strong><\/p>\n<ul>\n<li><a href=\"\/wp-content\/uploads\/2021\/11\/Sube-kapanis-dilekcesi-10.docx\">Dilek\u00e7e<\/a>\u00a0(Kooperatif ka\u015fesi ile yetkililer taraf\u0131ndan m\u00fc\u015ftereken imzalanmal\u0131, ekindeki evrak d\u00f6k\u00fcm\u00fcn\u00fc i\u00e7ermelidir.)<\/li>\n<li>\u015eube kapan\u0131\u015f\u0131na ili\u015fkin noter onayl\u0131 y\u00f6netim kurulu karar\u0131 (2 n\u00fcsha)<\/li>\n<li>Merkezi ba\u015fka bir ilde ise son y\u00f6netim kurulu \u00fcyelerini g\u00f6sterir Ticaret Sicili Gazetesi sureti<\/li>\n<li>MERS\u0130S ba\u015fvurusu<\/li>\n<li><a href=\"\/wp-content\/uploads\/2021\/11\/Oda-sube-kapanis-dilekcesi-6.docx\">Dilek\u00e7e<\/a> (Oda i\u015flemleri i\u00e7in)<\/li>\n<\/ul>\n<p>[\/vc_column_text][\/vc_tta_section][vc_tta_section title=&#8221;Tasfiyeye Giri\u015f \u0130\u015flemi&#8221; tab_id=&#8221;1636113936939-f302eecc-9438&#8243;][vc_column_text]<strong>TASF\u0130YEYE G\u0130R\u0130\u015e<\/strong><\/p>\n<ul>\n<li><a href=\"\/wp-content\/uploads\/2021\/11\/Tasfiyeye-giris-dilekcesi-10.docx\">Dilek\u00e7e<\/a>\u00a0(Yetkililer taraf\u0131ndan m\u00fc\u015ftereken imzalanmal\u0131, ekindeki evrak d\u00f6k\u00fcm\u00fcn\u00fc i\u00e7ermelidir. Vekaleten imzalanm\u0131\u015f ise vekaletin asl\u0131 veya tasdikli sureti eklenmelidir)<\/li>\n<li>Genel kurul toplant\u0131 tutana\u011f\u0131 (2 n\u00fcsha)<\/li>\n<li>Hazirun cetveli<\/li>\n<li>Bakanl\u0131k temsilci raporu<\/li>\n<li>G\u00fcndem<\/li>\n<li>Erteleme var ise erteleme tutana\u011f\u0131<\/li>\n<li>Ortaklara duyuru ne \u015fekilde yap\u0131ld\u0131 ise ona ait evrak\/tutanak<\/li>\n<li>Bakanl\u0131k temsilci atama yaz\u0131s\u0131 asl\u0131<\/li>\n<li>Tasfiye Memurlar\u0131n\u0131n tasfiye halinde ibaresi ile ba\u015flayan \u00fcnvan alt\u0131nda d\u00fczenlenmi\u015f imza beyannamesi<\/li>\n<li>MERS\u0130S ba\u015fvurusu<\/li>\n<li><a href=\"\/wp-content\/uploads\/2021\/11\/Oda-tasfiyeye-giris-dilekcesi-10.docx\">Dilek\u00e7e<\/a> (Oda i\u015flemleri i\u00e7in)<\/li>\n<\/ul>\n<ul>\n<li>Tasfiye giri\u015finin tescili sonras\u0131nda T\u00fcrkiye Ticaret Sicili Gazetesinde alacakl\u0131lara \u00e7a\u011fr\u0131ya ait ilan\u0131n yap\u0131lmas\u0131 gereklidir. Bu yap\u0131lmad\u0131\u011f\u0131 takdirde tasfiye s\u00fcresinin uzamas\u0131 durumu ortaya \u00e7\u0131kmaktad\u0131r. Memurlu\u011fumuzda bulunan\u00a0ilan formlar\u0131\u00a0ka\u015fe ve tasfiye memurlar\u0131n\u0131n m\u00fc\u015fterek imzas\u0131 ile ilana verilmelidir.<\/li>\n<\/ul>\n<p>[\/vc_column_text][\/vc_tta_section][vc_tta_section title=&#8221;Tasfiyeye Sonu \u0130\u015flemi&#8221; tab_id=&#8221;1636113981941-d09d464a-a00d&#8221;][vc_column_text]<strong>TASF\u0130YE SONU<\/strong><\/p>\n<ul>\n<li><a href=\"\/wp-content\/uploads\/2021\/11\/Tasfiye-sonu-dilekcesi-10.docx\">Dilek\u00e7e<\/a>\u00a0(Tasfiye memurlar\u0131 taraf\u0131ndan m\u00fc\u015ftereken imzalanm\u0131\u015f olmal\u0131)<\/li>\n<li>Tasfiye sonuna ili\u015fkin genel kurul toplant\u0131 tutana\u011f\u0131 (2 n\u00fcsha)<\/li>\n<li>Hazirun cetveli<\/li>\n<li>Bakanl\u0131k temsilci raporu<\/li>\n<li>G\u00fcndem<\/li>\n<li>Erteleme var ise erteleme tutana\u011f\u0131<\/li>\n<li>Ortaklara duyuru ne \u015fekilde yap\u0131ld\u0131 ise ona ait evrak\/tutanak<\/li>\n<li>Bakanl\u0131k temsilci atama yaz\u0131s\u0131 asl\u0131<\/li>\n<li>Tasfiye Sonu\u00a0Bilan\u00e7osu\u00a0(2 n\u00fcsha &#8211; kooperatif ka\u015fesi ile tasfiye memurlar\u0131 taraf\u0131ndan m\u00fc\u015ftereken imzalanm\u0131\u015f olmal\u0131)<\/li>\n<li>Tasfiye bilan\u00e7osunun kabul\u00fc ile tasfiye sonuna ait genel kurul alacakl\u0131lar\u0131 3.defa davetten itibaren 1 y\u0131l sonra toplanabilir.<\/li>\n<li>Tasfiye bilan\u00e7osunun kabul\u00fc ile tasfiye sonuna ait toplant\u0131da evvelce yap\u0131lmayan ola\u011fan genel kurullar var ise bu d\u00f6nemlerin de g\u00f6r\u00fc\u015f\u00fclerek ibra edilmesi gerekmektedir.<\/li>\n<li>Ortaklar\u0131n \/ Y\u00f6netim Kurulu \u00fcyelerinin TC kimlik numaralar\u0131 kararda yaz\u0131lmal\u0131 veya karar ekinde internet \u00e7\u0131kt\u0131s\u0131 verilmeli.<\/li>\n<li>MERS\u0130S ba\u015fvurusu<\/li>\n<li><a href=\"\/wp-content\/uploads\/2021\/11\/Oda-tasfiyeye-sonu-dilekcesi-6.docx\">Dilek\u00e7e<\/a> (Oda i\u015flemleri i\u00e7in)<\/li>\n<\/ul>\n<p>[\/vc_column_text][\/vc_tta_section][\/vc_tta_accordion][\/vc_column][\/vc_row]<\/p>\n","protected":false},"excerpt":{"rendered":"<p>[vc_row][vc_column][vc_column_text]Kooperatif &nbsp; Kooperatifler; t\u00fczel ki\u015fili\u011fi haiz olmak \u00fczere ortaklar\u0131n\u0131n belirli ekonomik menfaatlerini ve \u00f6zellikle meslek ve ge\u00e7imlerine ait ihtiya\u00e7lar\u0131n\u0131 i\u015f g\u00fcc\u00fc ve parasal katk\u0131lar\u0131yla kar\u015f\u0131l\u0131kl\u0131 yard\u0131m, dayan\u0131\u015fma ve kefalet suretiyle sa\u011flay\u0131p korumak amac\u0131yla ger\u00e7ek ve t\u00fczel ki\u015filer taraf\u0131ndan kurulan de\u011fi\u015fir ortakl\u0131 ve de\u011fi\u015fir sermayeli ortakl\u0131klara kooperatif denir. Kooperatifler en az 7 ortak taraf\u0131ndan imzalanan ana [&hellip;]<\/p>\n","protected":false},"author":1,"featured_media":0,"parent":0,"menu_order":0,"comment_status":"closed","ping_status":"closed","template":"","meta":{"ngg_post_thumbnail":0,"footnotes":""},"class_list":["post-2875","page","type-page","status-publish","hentry"],"_links":{"self":[{"href":"https:\/\/otso.omerfarukarslan.com.tr\/index.php?rest_route=\/wp\/v2\/pages\/2875","targetHints":{"allow":["GET"]}}],"collection":[{"href":"https:\/\/otso.omerfarukarslan.com.tr\/index.php?rest_route=\/wp\/v2\/pages"}],"about":[{"href":"https:\/\/otso.omerfarukarslan.com.tr\/index.php?rest_route=\/wp\/v2\/types\/page"}],"author":[{"embeddable":true,"href":"https:\/\/otso.omerfarukarslan.com.tr\/index.php?rest_route=\/wp\/v2\/users\/1"}],"replies":[{"embeddable":true,"href":"https:\/\/otso.omerfarukarslan.com.tr\/index.php?rest_route=%2Fwp%2Fv2%2Fcomments&post=2875"}],"version-history":[{"count":8,"href":"https:\/\/otso.omerfarukarslan.com.tr\/index.php?rest_route=\/wp\/v2\/pages\/2875\/revisions"}],"predecessor-version":[{"id":3505,"href":"https:\/\/otso.omerfarukarslan.com.tr\/index.php?rest_route=\/wp\/v2\/pages\/2875\/revisions\/3505"}],"wp:attachment":[{"href":"https:\/\/otso.omerfarukarslan.com.tr\/index.php?rest_route=%2Fwp%2Fv2%2Fmedia&parent=2875"}],"curies":[{"name":"wp","href":"https:\/\/api.w.org\/{rel}","templated":true}]}}