{"id":2862,"date":"2021-11-05T11:13:14","date_gmt":"2021-11-05T11:13:14","guid":{"rendered":"https:\/\/www.otso.org.tr\/?page_id=2862"},"modified":"2021-11-23T09:32:54","modified_gmt":"2021-11-23T09:32:54","slug":"kollektif-sirketler","status":"publish","type":"page","link":"https:\/\/otso.omerfarukarslan.com.tr\/?page_id=2862","title":{"rendered":"Kollektif \u015eirketler"},"content":{"rendered":"<p>[vc_row][vc_column][vc_column_text]<strong>KOLLEKT\u0130F \u015e\u0130RKETLER<\/strong><\/p>\n<p>Kollektif \u015firket; ticari i\u015fletmeyi bir ticaret unvan\u0131 alt\u0131nda i\u015fletmek amac\u0131yla ger\u00e7ek ki\u015filer aras\u0131nda kurulan ve ortaklardan hi\u00e7birisinin sorumlulu\u011fu \u015firket alacakl\u0131lar\u0131na kar\u015f\u0131s\u0131n\u0131rland\u0131r\u0131lmam\u0131\u015f \u015firkettir.<\/p>\n<p>Kollektif \u015firket s\u00f6zle\u015fmesi yaz\u0131l\u0131 \u015fekle tabidir, s\u00f6zle\u015fmedeki imzalar\u0131n noterce tasdiki \u015fartt\u0131r.<\/p>\n<p>Kollektif \u015firket s\u00f6zle\u015fmesinde bulunmas\u0131 zorunlu hususlar \u015funlard\u0131r;<\/p>\n<ul>\n<li>Ortaklar\u0131n ad ve soyadlar\u0131, ikametgah ve uyruklar\u0131 ile T.C. Kimlik numaralar\u0131 (yabanc\u0131 uyruklular\u0131n vergi numaras\u0131 veya yabanc\u0131lara mahsus kimlik numaras\u0131) belirtilecek<\/li>\n<li>\u015eirketin kollektif oldu\u011fu\u00a0Ticaret \u00fcnvan\u0131 ve merkezi<\/li>\n<li>\u00c7al\u0131\u015fma konusu<\/li>\n<li>Her orta\u011f\u0131n sermaye olarak koymay\u0131 taahh\u00fct etti\u011fi sermaye t\u00fcr\u00fc, tutar\u0131<\/li>\n<li>\u015eirketi temsile yetkililer ve temsil \u015fekli<\/li>\n<\/ul>\n<p>Kollektif \u015firketin ticaret \u00fcnvan\u0131 b\u00fct\u00fcn ortaklar\u0131n veya ortaklardan birinin ad ve soyad\u0131yla \u015firket nevini g\u00f6sterecek bir ibareyi ihtiva etmelidir.<\/p>\n<p>&nbsp;<\/p>\n<p>[\/vc_column_text][vc_tta_accordion style=&#8221;modern&#8221; color=&#8221;white&#8221; active_section=&#8221;1&#8243; collapsible_all=&#8221;true&#8221;][vc_tta_section title=&#8221;Kurulu\u015f \u0130\u015flemi&#8221; tab_id=&#8221;1636110582375-f89c3905-4b29&#8243;][vc_column_text]<strong>KURULU\u015e<\/strong><\/p>\n<ul>\n<li><a href=\"\/wp-content\/uploads\/2021\/11\/Kurulus-dilekcesi-13.docx\">Dilek\u00e7e<\/a>\u00a0(Kurucular\u0131n tamam\u0131 taraf\u0131ndan imzalanmal\u0131, vekaleten imzalanm\u0131\u015f ise vekaletin asl\u0131 veya onayl\u0131 sureti eklenmeli, \u015eirketin ba\u011fl\u0131 olaca\u011f\u0131 vergi dairesi belirtilmeli, ekindeki evrak d\u00f6k\u00fcm\u00fcn\u00fc i\u00e7ermelidir.\u00a0Dilek\u00e7ede \u015firketin \u00fcnvan\u0131 sermayesi merkezi a\u00e7\u0131l\u0131\u015f tarihi ve bu tarihteki ger\u00e7ek faaliyetinin konusu NACE koduyla birlikte a\u00e7\u0131k\u00e7a g\u00f6sterilmeli ve bu bilgilerin do\u011fru oldu\u011fu aksinin tespit edilmesi durumunda sorumlulu\u011fun dilek\u00e7eyi imzalayan ki\u015fi ya da ki\u015filere ait oldu\u011fu yaz\u0131lmal\u0131d\u0131r.<\/li>\n<li><a href=\"https:\/\/mersis.gtb.gov.tr\/\">MERS\u0130S<\/a> ba\u015fvurusu<\/li>\n<li>Ortaklar\u0131n ve yetkililerin 2\u2019\u015fer n\u00fcfus c\u00fczdan fotokopileri<\/li>\n<li>\u0130kametgah Belgesi (Oda sicil i\u015flemleri i\u00e7in)<\/li>\n<li>Oda Kay\u0131t Beyannamesi\u00a0 (Oda sicil i\u015flemleri i\u00e7in)<\/li>\n<li><a href=\"\/wp-content\/uploads\/2021\/11\/Oda-Kurulus-NACE-Dilekcesi-5.docx\">Nace Dilek\u00e7esi<\/a> (Oda sicil i\u015flemleri i\u00e7in)<\/li>\n<li>Yetkililerin 2 adet vesikal\u0131k foto\u011fraf\u0131 (Oda sicil i\u015flemleri i\u00e7in)<\/li>\n<\/ul>\n<p>Not: Oda sicil i\u015flemleri vekalet ile yap\u0131lacaksa, vekalet fotokopisi ile birlikte vekalet alan ki\u015finin noter onayl\u0131 imza beyan\u0131 asl\u0131 gereklidir.[\/vc_column_text][\/vc_tta_section][vc_tta_section title=&#8221;Ordu&#8217;ya Merkez Nakli \u0130\u015flemi&#8221; tab_id=&#8221;1636110582386-b3acf41e-5d0d&#8221;][vc_column_text]<strong>MERKEZ\u0130 BA\u015eKA B\u0130R S\u0130C\u0130L\u0130N G\u00d6REV ALANINDA BULUNAN KOLLEKT\u0130F \u015e\u0130RKET\u0130N ORDU\u2019YA MERKEZ NAKL\u0130<\/strong><\/p>\n<ul>\n<li><a href=\"\/wp-content\/uploads\/2021\/11\/Merkez-nakli-dilekcesi-7.docx\">Dilek\u00e7e<\/a>\u00a0(\u015eirket ka\u015fesi ile \u015firketi temsile yetkili ki\u015fi taraf\u0131ndan veya vekaleten imzalanmal\u0131 vekaletin asl\u0131 veya onayl\u0131 sureti eklenmelidir. Dilek\u00e7ede ; \u015firketin unvan\u0131 sermayesi a\u00e7\u0131l\u0131\u015f tarihi ve bu tarihteki ger\u00e7ek faaliyetinin konusu NACE koduyla birlikte a\u00e7\u0131k\u00e7a g\u00f6sterilmeli ve bu bilgilerin do\u011fru oldu\u011fu aksinin tespit edilmesi durumunda sorumlulu\u011fun dilek\u00e7eyi imzalayan ki\u015fi ya da ki\u015filere ait oldu\u011fu yaz\u0131lmal\u0131d\u0131r.<\/li>\n<li>Merkez nakline ili\u015fkin ana s\u00f6zle\u015fme tadil metnini i\u00e7eren noter onayl\u0131 ortaklar kurul karar\u0131 (2 n\u00fcsha)<\/li>\n<li>Merkezin nakil olarak geldi\u011fi Sicil M\u00fcd\u00fcrl\u00fc\u011f\u00fc\u2019nden Sicil Y\u00f6netmeli\u011finin 111. md.ne g\u00f6re al\u0131nan belge<\/li>\n<li>Merkezin nakil olarak geldi\u011fi Sicil M\u00fcd\u00fcrl\u00fc\u011f\u00fc\u2019nce tescil edilen ana s\u00f6zle\u015fme ve ana s\u00f6zle\u015fme de\u011fi\u015fiklikleri ile son ortaklara ili\u015fkin tescillerin onayl\u0131 sureti ile son tescile ait Ticaret Sicil Gazetesi<\/li>\n<li>Temsil yetkisine sahip olanlar\u0131n 2\u2019\u015fer n\u00fcfus c\u00fczdan fotokopileri<\/li>\n<li><a href=\"https:\/\/mersis.gtb.gov.tr\/\">MERS\u0130S<\/a> ba\u015fvurusu<\/li>\n<li><u><a href=\"\/wp-content\/uploads\/2021\/11\/Oda-Merkez-Nakli-Kayit-Beyannamesi-10.xlsx\">Oda kay\u0131t beyannamesi<\/a> (<\/u>Oda sicil i\u015flemleri i\u00e7in)<\/li>\n<li><a href=\"\/wp-content\/uploads\/2021\/11\/Merkez-Nakli-NACE-Dilekcesi-7.docx\"><u>Nace <\/u>Dilek\u00e7e<u>si<\/u><\/a> (Oda sicil i\u015flemleri i\u00e7in)<\/li>\n<\/ul>\n<p>[\/vc_column_text][\/vc_tta_section][vc_tta_section title=&#8221;S\u00f6zle\u015fme De\u011fi\u015fikli\u011fi \u0130\u015flemi&#8221; tab_id=&#8221;1636110804186-7fe36d1d-7a62&#8243;][vc_column_text]<strong>\u015e\u0130RKET S\u00d6ZLE\u015eMES\u0130 DE\u011e\u0130\u015e\u0130KL\u0130\u011e\u0130<\/strong><\/p>\n<ul>\n<li><a href=\"\/wp-content\/uploads\/2021\/11\/Sozlesme-degisikligi-dilekcesi-2.docx\">Dilek\u00e7e\u00a0<\/a>(\u015eirket ka\u015fesi ile \u015firketi temsile yetkili ki\u015fi taraf\u0131ndan veya vekaleten imzalanmal\u0131 vekaletin asl\u0131 veya onayl\u0131 sureti eklenmelidir)<\/li>\n<li>Ortaklar Kurulu Karar\u0131\u00a0(Noter onayl\u0131 &#8211; anas\u00f6zle\u015fmenin de\u011fi\u015fen maddesine ili\u015fkin tadil metnini i\u00e7ermelidir.)(2 as\u0131l &#8211; 2 fotokopi)<\/li>\n<li>Yabanc\u0131 uyruklu ortak\/yetkili giri\u015fi var ise terc\u00fcmesi noterden onayl\u0131 pasaportu, yeni yetkililerin \u015firket unvan\u0131 alt\u0131nda imza beyannameleri (1 n\u00fcsha) ibraz edilmeli, tadil mukavelesinde TC kimlik numaralar\u0131 (yabanc\u0131 uyruklular\u0131n vergi numaras\u0131 veya yabanc\u0131lara mahsus kimlik numaras\u0131) belirtilmelidir.<\/li>\n<li>Anas\u00f6zle\u015fme de\u011fi\u015fikli\u011fi \u015firketin s\u00fcre maddesi ile ilgili ise; \u015firketin faaliyetini s\u00fcrd\u00fcrd\u00fc\u011f\u00fc ve tasfiye i\u015flemlerinin ba\u015flamad\u0131\u011f\u0131 mahkemece atanm\u0131\u015f bilirki\u015fi raporu veya yeminli mali m\u00fc\u015favir raporu veya serbest muhasebeci mali m\u00fc\u015favir raporuyla tevsik edilmelidir.<\/li>\n<li><a href=\"https:\/\/mersis.gtb.gov.tr\/\">MERS\u0130S<\/a> ba\u015fvurusu<\/li>\n<li>Yeni yetki verilen ki\u015fi var ise 2 n\u00fcfus c\u00fczdan fotokopisi<\/li>\n<li><a href=\"\/wp-content\/uploads\/2021\/11\/Oda-sozlesme-degisikligi-dilekcesi-2.docx\">Dilek\u00e7e<\/a> (Oda i\u015flemleri i\u00e7in)<\/li>\n<\/ul>\n<p>[\/vc_column_text][\/vc_tta_section][vc_tta_section title=&#8221;\u015eube A\u00e7\u0131l\u0131\u015f \u0130\u015flemi&#8221; tab_id=&#8221;1636110898241-91ec4433-5c45&#8243;][vc_column_text]<strong>\u015eUBE A\u00c7ILI\u015eI<\/strong><\/p>\n<ul>\n<li><a href=\"\/wp-content\/uploads\/2021\/11\/Sube-acilis-dilekcesi-13.docx\">Dilek\u00e7e<\/a> (\u015eirket ka\u015fesi ile \u015firketi temsile yetkili ki\u015fi taraf\u0131ndan veya vekaleten imzalanmal\u0131 vekaletin asl\u0131 veya onayl\u0131 sureti eklenmelidir)\u00a0Dilek\u00e7ede ; \u015firketin \u00fcnvan\u0131 sermayesi a\u00e7\u0131l\u0131\u015f tarihi ve bu tarihteki ger\u00e7ek faaliyetinin konusu NACE koduyla birlikte a\u00e7\u0131k\u00e7a g\u00f6sterilmeli ve bu bilgilerin do\u011fru oldu\u011fu aksinin tespit edilmesi durumunda sorumlulu\u011fun dilek\u00e7eyi imzalayan ki\u015fi ya da ki\u015filere ait oldu\u011fu yaz\u0131lmal\u0131d\u0131r.<\/li>\n<li>\u015eube a\u00e7\u0131l\u0131\u015f\u0131na ili\u015fkin noter onayl\u0131 ortaklar kurulu karar\u0131(2 as\u0131l &#8211; 2 fotokopi)<\/li>\n<li>Merkezin bulundu\u011fu Sicil M\u00fcd\u00fcrl\u00fc\u011f\u00fc Ordu d\u0131\u015f\u0131nda ise Merkezin sicil m\u00fcd\u00fcrl\u00fc\u011f\u00fcnden Sicil Y\u00f6netmeli\u011finin 120. md.ne g\u00f6re al\u0131nan belge<\/li>\n<li>Merkezin bulundu\u011fu Sicil M\u00fcd\u00fcrl\u00fc\u011f\u00fc Ordu d\u0131\u015f\u0131nda ise merkezin sicil m\u00fcd\u00fcrl\u00fc\u011f\u00fcnce tescil edilen ana s\u00f6zle\u015fme ve ana s\u00f6zle\u015fme de\u011fi\u015fiklikleri ile son ortaklara ili\u015fkin tescillerin onayl\u0131 sureti ile merkezde yap\u0131lan son tescile ait sicil gazetesi<\/li>\n<li><a href=\"https:\/\/mersis.gtb.gov.tr\/\">MERS\u0130S<\/a> ba\u015fvurusu<\/li>\n<li>Yetki verilen ki\u015finin 2 n\u00fcfus c\u00fczdan fotokopisi<\/li>\n<li>\u0130kametgah Belgesi (Oda sicil i\u015flemleri i\u00e7in)<\/li>\n<li><a href=\"\/wp-content\/uploads\/2021\/11\/Oda-Sube-acilis-Kayit-Beyannamesi-7.xlsx\">Oda Kay\u0131t Beyannamesi<\/a>\u00a0 (Oda sicil i\u015flemleri i\u00e7in)<\/li>\n<li><a href=\"\/wp-content\/uploads\/2021\/11\/Sube-acilis-NACE-Dilekcesi-2.docx\">Nace Dilek\u00e7esi<\/a> (Oda sicil i\u015flemleri i\u00e7in)<\/li>\n<li>Yetkililerin 2 adet vesikal\u0131k foto\u011fraf\u0131 (Oda sicil i\u015flemleri i\u00e7in)<\/li>\n<\/ul>\n<p>[\/vc_column_text][\/vc_tta_section][vc_tta_section title=&#8221;\u015eube Kapan\u0131\u015f \u0130\u015flemi&#8221; tab_id=&#8221;1636111004213-fbb35ad6-b6c1&#8243;][vc_column_text]<strong>\u015eUBE KAPANI\u015eI<\/strong><\/p>\n<ul>\n<li><a href=\"\/wp-content\/uploads\/2021\/11\/Sube-kapanis-dilekcesi-9.docx\">Dilek\u00e7e<\/a>(\u015eirket ka\u015fesi ile yetkili taraf\u0131ndan imzalanmal\u0131, vekaleten imzalanm\u0131\u015f ise vekaletin asl\u0131 veya onayl\u0131 sureti eklenmeli.)<\/li>\n<li>\u015eube kapan\u0131\u015f\u0131na ili\u015fkin noter onayl\u0131 ortaklar\u00a0kurulu karar\u0131\u00a0(2 as\u0131l 2 fotokopi)<\/li>\n<li><a href=\"\/wp-content\/uploads\/2021\/11\/Oda-sube-kapanis-dilekcesi-5.docx\">Dilek\u00e7e <\/a>(Oda sicil i\u015flemleri i\u00e7in)<\/li>\n<\/ul>\n<p>[\/vc_column_text][\/vc_tta_section][vc_tta_section title=&#8221;Tasfiye Giri\u015f \u0130\u015flemi&#8221; tab_id=&#8221;1636111094351-0c4fb579-ab1b&#8221;][vc_column_text]<strong>\u00a0<\/strong><\/p>\n<p><strong>TASF\u0130YE G\u0130R\u0130\u015e<\/strong><\/p>\n<ul>\n<li><a href=\"\/wp-content\/uploads\/2021\/11\/Tasfiyeye-giris-dilekcesi-9.docx\">Dilek\u00e7e<\/a>\u00a0(\u015eirket ka\u015fesi ile ortaklar\u0131n t\u00fcm\u00fc taraf\u0131ndan veya vekaleten imzalanmal\u0131 vekaletin asl\u0131 veya onayl\u0131 sureti eklenmelidir<\/li>\n<li>Tasfiyeye ili\u015fkin\u00a0karar\u00a0(Noter onayl\u0131 &#8211; 2 as\u0131l 2 fotokopi)<\/li>\n<li>Tasfiye memurlar\u0131n\u0131n ortaklar d\u0131\u015f\u0131ndan atanmas\u0131 halinde, d\u0131\u015far\u0131dan atanan memurlar\u0131n g\u00f6revi kabul etti\u011fine ili\u015fkin imzalar\u0131 \u00a0<a href=\"https:\/\/www.otso.org.tr\/dosya\/belgeler\/anonim_\/gorev_kabul.doc\">belge<\/a>leri ve 2 adet n\u00fcfus c\u00fczdan fotokopisi<\/li>\n<li>\u015eirket s\u00f6zle\u015fmesinde alacakl\u0131lar\u0131n davetine ili\u015fkin h\u00fck\u00fcm bulunmas\u0131 halinde tasfiye memurlar\u0131nca haz\u0131rlanm\u0131\u015f, alacakl\u0131lar\u0131n davetinin yap\u0131ld\u0131\u011f\u0131na ili\u015fkin\u00a0ilan formlar\u0131\u00a0\u015firket ka\u015fesi ve tasfiye memurunun imzas\u0131 ile ilana verilmelidir.<\/li>\n<li><a href=\"https:\/\/mersis.gtb.gov.tr\/\">MERS\u0130S<\/a> ba\u015fvurusu<\/li>\n<li><a href=\"\/wp-content\/uploads\/2021\/11\/Oda-tasfiyeye-giris-dilekcesi-9.docx\">Dilek\u00e7e<\/a> (Oda sicil i\u015flemleri i\u00e7in)<\/li>\n<\/ul>\n<p><strong><em>\u00d6NEML\u0130 NOT:<\/em><\/strong>\u00a0\u015eirket s\u00f6zle\u015fmesinde \u00f6zel d\u00fczenleme bulunan hallerde bu h\u00fck\u00fcmler uygulan\u0131r. (TTK m.267)<\/p>\n<p>[\/vc_column_text][\/vc_tta_section][vc_tta_section title=&#8221;Tasfiye Sonu \u0130\u015flemi&#8221; tab_id=&#8221;1636111171762-895d4db1-9969&#8243;][vc_column_text]<strong>TASF\u0130YE SONU<\/strong><\/p>\n<p>Tasfiyenin tamamlanmas\u0131ndan sonra ise, a\u015fa\u011f\u0131daki belgelerin ibraz\u0131 gerekmektedir:<\/p>\n<ul>\n<li><a href=\"\/wp-content\/uploads\/2021\/11\/Tasfiye-sonu-dilekcesi-9.docx\">Dilek\u00e7e<\/a>\u00a0(\u015eirket ka\u015fesi\/ \u00fcnvan\u0131 alt\u0131nda tasfiye memuru taraf\u0131ndan veya vekaleten imzalanmal\u0131 vekaletin asl\u0131 veya onayl\u0131 sureti eklenmelidir<strong>)<\/strong><\/li>\n<li>Tasfiye memurlar\u0131nca son bilan\u00e7onun ortaklara tebli\u011f edildi\u011fine ili\u015fkin belge,<\/li>\n<li>Ortaklar\u0131n son bilan\u00e7onun onay\u0131na ili\u015fkin karar\u0131 veya mahkemeye itirazda bulunmayacaklar\u0131na dair imzalar\u0131 noterden tasdikli yaz\u0131l\u0131 beyanlar\u0131<\/li>\n<li>Ortaklar kurulunca onaylanm\u0131\u015f, ortaklar kurul tarihi itibariyle d\u00fczenlenmi\u015f, tasfiye halinde \u015firket ka\u015fesi ile tasfiye memuru taraf\u0131ndan imzalanm\u0131\u015f son ve kati bilan\u00e7o\u00a0(Tasfiye Sonu Beyan\u0131\u00a0) (2 n\u00fcsha)<\/li>\n<li><a href=\"https:\/\/mersis.gtb.gov.tr\/\">MERS\u0130S<\/a> ba\u015fvurusu<\/li>\n<li><a href=\"\/wp-content\/uploads\/2021\/11\/Oda-tasfiyeye-sonu-dilekcesi-5.docx\">Dilek\u00e7e<\/a> (Oda sicil i\u015flemleri i\u00e7in)<\/li>\n<\/ul>\n<p>Tescilli \u015fube var ise sicil kayd\u0131n\u0131n terkininden \u00f6nce \u015fubelerin terkini ba\u015fvurusu yap\u0131lmal\u0131d\u0131r.[\/vc_column_text][\/vc_tta_section][\/vc_tta_accordion][\/vc_column][\/vc_row]<\/p>\n","protected":false},"excerpt":{"rendered":"<p>[vc_row][vc_column][vc_column_text]KOLLEKT\u0130F \u015e\u0130RKETLER Kollektif \u015firket; ticari i\u015fletmeyi bir ticaret unvan\u0131 alt\u0131nda i\u015fletmek amac\u0131yla ger\u00e7ek ki\u015filer aras\u0131nda kurulan ve ortaklardan hi\u00e7birisinin sorumlulu\u011fu \u015firket alacakl\u0131lar\u0131na kar\u015f\u0131s\u0131n\u0131rland\u0131r\u0131lmam\u0131\u015f \u015firkettir. Kollektif \u015firket s\u00f6zle\u015fmesi yaz\u0131l\u0131 \u015fekle tabidir, s\u00f6zle\u015fmedeki imzalar\u0131n noterce tasdiki \u015fartt\u0131r. Kollektif \u015firket s\u00f6zle\u015fmesinde bulunmas\u0131 zorunlu hususlar \u015funlard\u0131r; Ortaklar\u0131n ad ve soyadlar\u0131, ikametgah ve uyruklar\u0131 ile T.C. Kimlik numaralar\u0131 (yabanc\u0131 uyruklular\u0131n [&hellip;]<\/p>\n","protected":false},"author":1,"featured_media":0,"parent":0,"menu_order":0,"comment_status":"closed","ping_status":"closed","template":"","meta":{"ngg_post_thumbnail":0,"footnotes":""},"class_list":["post-2862","page","type-page","status-publish","hentry"],"_links":{"self":[{"href":"https:\/\/otso.omerfarukarslan.com.tr\/index.php?rest_route=\/wp\/v2\/pages\/2862","targetHints":{"allow":["GET"]}}],"collection":[{"href":"https:\/\/otso.omerfarukarslan.com.tr\/index.php?rest_route=\/wp\/v2\/pages"}],"about":[{"href":"https:\/\/otso.omerfarukarslan.com.tr\/index.php?rest_route=\/wp\/v2\/types\/page"}],"author":[{"embeddable":true,"href":"https:\/\/otso.omerfarukarslan.com.tr\/index.php?rest_route=\/wp\/v2\/users\/1"}],"replies":[{"embeddable":true,"href":"https:\/\/otso.omerfarukarslan.com.tr\/index.php?rest_route=%2Fwp%2Fv2%2Fcomments&post=2862"}],"version-history":[{"count":5,"href":"https:\/\/otso.omerfarukarslan.com.tr\/index.php?rest_route=\/wp\/v2\/pages\/2862\/revisions"}],"predecessor-version":[{"id":3499,"href":"https:\/\/otso.omerfarukarslan.com.tr\/index.php?rest_route=\/wp\/v2\/pages\/2862\/revisions\/3499"}],"wp:attachment":[{"href":"https:\/\/otso.omerfarukarslan.com.tr\/index.php?rest_route=%2Fwp%2Fv2%2Fmedia&parent=2862"}],"curies":[{"name":"wp","href":"https:\/\/api.w.org\/{rel}","templated":true}]}}