{"id":2853,"date":"2021-11-05T11:08:16","date_gmt":"2021-11-05T11:08:16","guid":{"rendered":"https:\/\/www.otso.org.tr\/?page_id=2853"},"modified":"2021-11-23T09:31:04","modified_gmt":"2021-11-23T09:31:04","slug":"gercek-kisiler","status":"publish","type":"page","link":"https:\/\/otso.omerfarukarslan.com.tr\/?page_id=2853","title":{"rendered":"Ger\u00e7ek Ki\u015filer"},"content":{"rendered":"<p>[vc_row][vc_column][vc_column_text]<strong>Ger\u00e7ek Ki\u015filer<\/strong><\/p>\n<p>&nbsp;<\/p>\n<p>Bir ticari i\u015fletmeyi k\u0131smen dahi olsa kendi ad\u0131na i\u015fleten kimseye tacir denir (TTK m.12)<br \/>\nGer\u00e7ek ki\u015fi tacirin ticaret unvan\u0131 k\u0131salt\u0131lmadan yaz\u0131lan\u00a0 ad ve soyad\u0131ndan meydana gelir. Ad ve soyad\u0131na TTK.n\u0131n 46. maddesine uygun ekler yap\u0131labilir. Unvanda; ortakl\u0131k bulundu\u011fu izlenimini yaratacak \u00e7o\u011ful ekler, ba\u015fka ki\u015filerin adlar\u0131 ve yabanc\u0131 kelimeler kullan\u0131lmamal\u0131d\u0131r.<\/p>\n<p>\u0130\u015fletme sahibinin velayet veya vesayet alt\u0131nda bulunmas\u0131 veyahut kendisine bir yasal dan\u0131\u015fman atanm\u0131\u015f olmas\u0131 gibi ehliyeti ilgilendiren hallerde bu durum ve veli, vasi veya yasal dan\u0131\u015fman\u0131n kimler oldu\u011fu tescil edilir. Bu durumlar\u0131n sonradan meydana gelmesi halinde de ayn\u0131 h\u00fck\u00fcm uygulan\u0131r.<\/p>\n<p>[\/vc_column_text][vc_tta_accordion color=&#8221;white&#8221; active_section=&#8221;1&#8243; collapsible_all=&#8221;true&#8221;][vc_tta_section title=&#8221;Adres De\u011fi\u015fikli\u011fi \u0130\u015flemi&#8221; tab_id=&#8221;1636109662361-1fc90f0e-2e6d&#8221;][vc_column_text]<strong>Ger\u00e7ek Ki\u015fi Adres De\u011fi\u015fikli\u011fi \u0130\u015flemi (\u015eah\u0131s Firmas\u0131)<\/strong><\/p>\n<p>&nbsp;<\/p>\n<p>1-)\u00a0<a href=\"http:\/\/mersis.gtb.gov.tr\/\">Mersis<\/a> ba\u015fvurusu<\/p>\n<p>2-) <a href=\"\/wp-content\/uploads\/2021\/11\/Adres-degisikligi-dilekcesi-9.docx\">Dilek\u00e7e\u00a0<\/a><\/p>\n<p>(Firma ka\u015fesi ile Tacir taraf\u0131ndan veya vek\u00e2leten imzalanmal\u0131. Vek\u00e2leten imzalan\u0131yorsa vek\u00e2letin asl\u0131 veya vekaletin fotokopisi ile birlikte vekalet alan ki\u015finin imza beyan\u0131 asl\u0131 sunulmal\u0131d\u0131r. )[\/vc_column_text][\/vc_tta_section][vc_tta_section title=&#8221;Faaliyet Konusu De\u011fi\u015fikli\u011fi \u0130\u015flemi&#8221; tab_id=&#8221;1636109662384-4d92910e-9fa0&#8243;][vc_column_text]<strong>Ger\u00e7ek Ki\u015fi Faaliyet Konusu De\u011fi\u015fikli\u011fi \u0130\u015flemi (\u015eah\u0131s Firmas\u0131)<\/strong><\/p>\n<p>&nbsp;<\/p>\n<p>1-)\u00a0<a href=\"http:\/\/mersis.gtb.gov.tr\/\">MERS\u0130S<\/a>\u00a0Ba\u015fvurusu<\/p>\n<p>2-)\u00a0<a href=\"\/wp-content\/uploads\/2021\/11\/Faaliyet-Degisikligi-Dilekcesi-3.docx\">Dilek\u00e7e<\/a><\/p>\n<p>* (Firma ka\u015fesi ile Tacir taraf\u0131ndan veya vek\u00e2leten imzalanmal\u0131. Vek\u00e2leten imzalan\u0131yorsa vek\u00e2letin asl\u0131 veya vekaletin fotokopisi ile birlikte vekalet alan ki\u015finin imza beyan\u0131 asl\u0131 sunulmal\u0131d\u0131r. )<\/p>\n<p>3-) Vergi Levhas\u0131 Fotokopisi[\/vc_column_text][\/vc_tta_section][vc_tta_section title=&#8221;Kurulu\u015f \u0130\u015flemleri&#8221; tab_id=&#8221;1636109817039-7e25b746-0c67&#8243;][vc_column_text]<strong>Ger\u00e7ek Ki\u015fi Kurulu\u015f \u0130\u015flemi (\u015eah\u0131s Firmas\u0131)<\/strong><\/p>\n<p>&nbsp;<\/p>\n<p>1-)\u00a0<a href=\"http:\/\/mersis.gtb.gov.tr\/\">MERS\u0130S<\/a>\u00a0Ba\u015fvurusu<\/p>\n<p>2-)\u00a0<a href=\"\/wp-content\/uploads\/2021\/11\/Kurulus-dilekcesi-12.docx\">Dilek\u00e7e<\/a><\/p>\n<p>3-)\u00a0<a href=\"\/wp-content\/uploads\/2021\/11\/Oda-Kayit-Beyannamesi-14.xlsx\">Oda Kay\u0131t Beyannamesi<\/a><\/p>\n<p>* (Tacir taraf\u0131ndan imzalanmal\u0131, tacirin foto\u011fraf\u0131 bulunmal\u0131d\u0131r.)\u00a0 Ba\u015fka bir ger\u00e7ek ki\u015finin kulland\u0131\u011f\u0131 ticaret unvan\u0131n\u0131n ayn\u0131s\u0131n\u0131n se\u00e7ilmesi m\u00fcmk\u00fcn de\u011fildir. Belirtilen NACE kodu MERS\u0130S&#8217;ten girilen ile ayn\u0131 olmal\u0131d\u0131r.<\/p>\n<p>4-)\u00a0Vergi levhas\u0131 fotokopisi<\/p>\n<p>5-)\u00a0Yabanc\u0131 uyruklu ise terc\u00fcme edilmi\u015f noter onayl\u0131 pasaport sureti, ayr\u0131ca T\u00fcrkiye\u2019de ikamet ediyor ise noter onayl\u0131 ikamet tezkeresi, vergi dairesinden al\u0131nm\u0131\u015f vergi kimlik numaras\u0131.<\/p>\n<p>&nbsp;<\/p>\n<p><strong>Not:<\/strong> Sigorta faaliyetinde bulunan ki\u015filerin;<\/p>\n<ul>\n<li>Sermayesi en az 30 bin TL olmal\u0131<\/li>\n<li>Unvanlar\u0131nda \u201c Acentelik veya Arac\u0131l\u0131k\u201d ifadelerinden birisinin bulunmal\u0131<\/li>\n<li>Faaliyetleri sigorta \u00fczerine olmal\u0131d\u0131r.<\/li>\n<\/ul>\n<p>[\/vc_column_text][\/vc_tta_section][vc_tta_section title=&#8221;Merkez Nakli \u0130\u015flemi&#8221; tab_id=&#8221;1636109964043-5b392ea8-1e2f&#8221;][vc_column_text]<strong>Ger\u00e7ek Ki\u015fi Ordu\u2019ya Merkez Nakli \u0130\u015flemi (\u015eah\u0131s Firmas\u0131)<\/strong><\/p>\n<p><strong>\u00a0<\/strong><\/p>\n<p>1-)\u00a0<a href=\"http:\/\/mersis.gtb.gov.tr\/\">MERS\u0130S<\/a>\u00a0Ba\u015fvurusu<\/p>\n<p>2-)\u00a0<a href=\"\/wp-content\/uploads\/2021\/11\/Merkez-nakli-dilekcesi-6.docx\">Dilek\u00e7e<\/a><\/p>\n<p>* Firma ka\u015fesi ile Tacir taraf\u0131ndan veya vek\u00e2leten imzalanmal\u0131. Vek\u00e2leten imzalan\u0131yorsa vek\u00e2letin asl\u0131 veya vekaletin fotokopisi ile birlikte vekalet alan ki\u015finin imza beyan\u0131 asl\u0131 sunulmal\u0131d\u0131r. Dilek\u00e7ede i\u015fletmenin \u00fcnvan\u0131 sermayesi merkezi i\u015fletmenin a\u00e7\u0131l\u0131\u015f tarihi ve bu tarihteki ger\u00e7ek faaliyetinin konusu NACE koduyla birlikte a\u00e7\u0131k\u00e7a g\u00f6sterilmeli ve bu bilgilerin do\u011fru oldu\u011fu aksinin tespit edilmesi durumunda sorumlulu\u011fun dilek\u00e7eyi imzalayan ki\u015fiye ait oldu\u011fu yaz\u0131lmal\u0131d\u0131r.<\/p>\n<p>3-)\u00a0<a href=\"\/wp-content\/uploads\/2021\/11\/Oda-Merkez-Nakli-Kayit-Beyannamesi-9.xlsx\">Oda kay\u0131t beyannamesi<\/a><\/p>\n<p>* Firma yetkilisi taraf\u0131ndan imzalanmal\u0131, \u015fube yetkilisinin resmi bulunmal\u0131d\u0131r.<\/p>\n<p>4-) \u0130\u015fletme unvan\u0131 alt\u0131nda imza beyan\u0131<\/p>\n<p>5-) \u00d6nceki merkezin bulundu\u011fu\u00a0Ticaret Sicil M\u00fcd\u00fcrl\u00fc\u011f\u00fcnden, Sicil Y\u00f6netmeli\u011finin 111. md.ne g\u00f6re al\u0131nan belge<\/p>\n<p><strong>\u00a0<\/strong>[\/vc_column_text][\/vc_tta_section][vc_tta_section title=&#8221;Sermaye Artt\u0131r\u0131m\u0131 \u0130\u015flemi&#8221; tab_id=&#8221;1636110045329-79b9206f-a498&#8243;][vc_column_text]<strong>Ger\u00e7ek Ki\u015fi Sermaye Artt\u0131r\u0131m\u0131 \u0130\u015flemi (\u015eah\u0131s Firmas\u0131)<\/strong><\/p>\n<p>&nbsp;<\/p>\n<p>1-)\u00a0<a href=\"http:\/\/mersis.gtb.gov.tr\/\">Mersis<\/a> ba\u015fvurusu<\/p>\n<p>2-) <a href=\"\/wp-content\/uploads\/2021\/11\/Sermaye-Arttirimi-Dilekcesi-2.docx\">Dilek\u00e7e\u00a0<\/a><\/p>\n<p>(Firma ka\u015fesi ile Tacir taraf\u0131ndan veya vek\u00e2leten imzalanmal\u0131. Vek\u00e2leten imzalan\u0131yorsa vek\u00e2letin asl\u0131 veya vekaletin fotokopisi ile birlikte vekalet alan ki\u015finin imza beyan\u0131 asl\u0131 sunulmal\u0131d\u0131r. )[\/vc_column_text][\/vc_tta_section][vc_tta_section title=&#8221;Sigorta Acenteli\u011fi Fesih \u0130\u015flemi&#8221; tab_id=&#8221;1636110095053-2564e04e-75ba&#8221;][vc_column_text]<strong>Ger\u00e7ek Ki\u015fi Sigorta Acenteli\u011fi Fesih \u0130\u015flemi (\u015eah\u0131s Firmas\u0131)<\/strong><\/p>\n<p>&nbsp;<\/p>\n<p>1-)\u00a0<a href=\"http:\/\/mersis.gtb.gov.tr\/\">Mersis<\/a> ba\u015fvurusu<\/p>\n<p>2-) <a href=\"\/wp-content\/uploads\/2021\/11\/Sigorta-acenteligi-fesih-dilekcesi-3.docx\">Dilek\u00e7e<\/a><\/p>\n<p>(Firma ka\u015fesi ile Tacir taraf\u0131ndan veya vek\u00e2leten imzalanmal\u0131. Vek\u00e2leten imzalan\u0131yorsa vek\u00e2letin asl\u0131 veya vekaletin fotokopisi ile birlikte vekalet alan ki\u015finin imza beyan\u0131 asl\u0131 sunulmal\u0131d\u0131r. )<\/p>\n<p>2-) <a href=\"\/wp-content\/uploads\/2021\/11\/Oda-sigorta-acenteligi-fesih-dilekcesi-2.docx\">Dilek\u00e7e<\/a>( Oda sicil i\u015flemleri i\u00e7in)<\/p>\n<p>3-) Acentelik s\u00f6zle\u015fmesi fesihnamesi (Noter onayl\u0131 &#8211; 2\u00a0n\u00fcsha as\u0131l ve 1 fotokopi)[\/vc_column_text][\/vc_tta_section][vc_tta_section title=&#8221;Sigorta Acenteli\u011fi \u0130\u015flemi&#8221; tab_id=&#8221;1636110193685-86315388-c3bf&#8221;][vc_column_text]<strong>Ger\u00e7ek Ki\u015fi Sigorta Acentelik \u0130\u015flemi (\u015eah\u0131s Firmas\u0131)<\/strong><\/p>\n<p>&nbsp;<\/p>\n<p>1-)\u00a0<a href=\"http:\/\/mersis.gtb.gov.tr\/\">Mersis<\/a> ba\u015fvurusu<\/p>\n<p>2-) <a href=\"\/wp-content\/uploads\/2021\/11\/Sigorta-acenteligi-dilekcesi-3.docx\">Dilek\u00e7e\u00a0<\/a><\/p>\n<p>(Firma ka\u015fesi ile Tacir taraf\u0131ndan veya vek\u00e2leten imzalanmal\u0131. Vek\u00e2leten imzalan\u0131yorsa vek\u00e2letin asl\u0131 veya vekaletin fotokopisi ile birlikte vekalet alan ki\u015finin imza beyan\u0131 asl\u0131 sunulmal\u0131d\u0131r. )<\/p>\n<p>2-) <a href=\"\/wp-content\/uploads\/2021\/11\/Oda-sigorta-acenteligi-dilekcesi-4.docx\">Dilek\u00e7e<\/a>( Oda sicil i\u015flemleri i\u00e7in)<\/p>\n<p>3-) Acentelik s\u00f6zle\u015fmesi (1 as\u0131l)<\/p>\n<p>4-) Acentelik vekaletnamesi (Noter onayl\u0131 &#8211; 2\u00a0n\u00fcsha as\u0131l ve 2 fotokopi)[\/vc_column_text][\/vc_tta_section][vc_tta_section title=&#8221;\u015eube \u0130\u015flemleri&#8221; tab_id=&#8221;1636110252581-c5a92d68-6727&#8243;][vc_column_text]<strong>Ger\u00e7ek Ki\u015fi \u015eube \u0130\u015flemleri (\u015eah\u0131s Firmas\u0131)<\/strong><\/p>\n<p>&nbsp;<\/p>\n<p>1-)\u00a0<a href=\"http:\/\/mersis.gtb.gov.tr\/\">MERS\u0130S<\/a>\u00a0Ba\u015fvurusu<\/p>\n<p>2-)\u00a0<a href=\"\/wp-content\/uploads\/2021\/11\/Sube-acilis-dilekcesi-10.docx\">Dilek\u00e7e<\/a><\/p>\n<p>* Firma ka\u015fesi ile Tacir taraf\u0131ndan veya vek\u00e2leten imzalanmal\u0131. Vek\u00e2leten imzalan\u0131yorsa vek\u00e2letin asl\u0131 veya vekaletin fotokopisi ile birlikte vekalet alan ki\u015finin imza beyan\u0131 asl\u0131 sunulmal\u0131d\u0131r. Dilek\u00e7ede i\u015fletmenin \u00fcnvan\u0131 sermayesi merkezi i\u015fletmenin a\u00e7\u0131l\u0131\u015f tarihi ve bu tarihteki ger\u00e7ek faaliyetinin konusu NACE koduyla birlikte a\u00e7\u0131k\u00e7a g\u00f6sterilmeli ve bu bilgilerin do\u011fru oldu\u011fu aksinin tespit edilmesi durumunda sorumlulu\u011fun dilek\u00e7eyi imzalayan ki\u015fiye ait oldu\u011fu yaz\u0131lmal\u0131d\u0131r.<\/p>\n<p>3-)\u00a0<a href=\"\/wp-content\/uploads\/2021\/11\/Oda-sube-acilis-kayit-beyannamesi-2.xlsx\">Oda kay\u0131t beyannamesi<\/a><\/p>\n<p>* Firma yetkilisi taraf\u0131ndan imzalanmal\u0131, \u015fube yetkilisinin resmi bulunmal\u0131d\u0131r<\/p>\n<p>4-) \u0130\u015fletme unvan\u0131 alt\u0131nda imza beyannamesi (<em>M\u00fcd\u00fcrl\u00fc\u011f\u00fcm\u00fczde d\u00fczenlenecektir<\/em>)<\/p>\n<p>5-) Merkezin bulundu\u011fu Ticaret Sicil M\u00fcd\u00fcrl\u00fc\u011f\u00fc Sivas d\u0131\u015f\u0131nda ise merkezin sicil m\u00fcd\u00fcrl\u00fc\u011f\u00fcnce tescil edilen hususlara ait sicil onayl\u0131 evrak ile en son tescile ait Ticaret Sicil Gazetesi<\/p>\n<p>6-) \u015eube a\u00e7\u0131l\u0131\u015f\u0131na ili\u015fkin vergi dairesinden al\u0131nm\u0131\u015f m\u00fckellefiyet yaz\u0131s\u0131 ve Merkezin Vergi Levhas\u0131<\/p>\n<p><strong>\u015eube Kayd\u0131nda Meydana Gelen De\u011fi\u015fiklik \u0130\u015flemleri:<\/strong><\/p>\n<p>1-)\u00a0<a href=\"http:\/\/mersis.gtb.gov.tr\/\">MERS\u0130S<\/a>\u00a0Ba\u015fvurusu<\/p>\n<p>2-)\u00a0<a href=\"\/wp-content\/uploads\/2021\/11\/Sube-Kaydinda-Meydana-Gelen-Degisiklikler-Dilekce.docx\">Dilek\u00e7e<\/a><\/p>\n<p>* Firma ka\u015fesi ile Tacir taraf\u0131ndan veya vek\u00e2leten imzalanmal\u0131. Vek\u00e2leten imzalan\u0131yorsa vek\u00e2letin asl\u0131 veya vekaletin fotokopisi ile birlikte vekalet alan ki\u015finin imza beyan\u0131 asl\u0131 sunulmal\u0131d\u0131r.<\/p>\n<p>3-) Vergi Levhas\u0131 Fotokopisi<\/p>\n<p><strong>\u015eube Kayd\u0131n\u0131n Terkini:<\/strong><\/p>\n<p>1-)\u00a0<a href=\"http:\/\/mersis.gtb.gov.tr\/\">MERS\u0130S<\/a>\u00a0Ba\u015fvurusu<\/p>\n<p>2-)\u00a0<a href=\"\/wp-content\/uploads\/2021\/11\/Terk-dilekce-3.docx\">Dilek\u00e7e<\/a><\/p>\n<p>* Firma ka\u015fesi ile Tacir taraf\u0131ndan veya vek\u00e2leten imzalanmal\u0131. Vek\u00e2leten imzalan\u0131yorsa vek\u00e2letin asl\u0131 veya vekaletin fotokopisi ile birlikte vekalet alan ki\u015finin imza beyan\u0131 asl\u0131 sunulmal\u0131d\u0131r.<\/p>\n<p>3-) \u015eubenin terkinine ili\u015fkin Vergi Dairesi yaz\u0131s\u0131[\/vc_column_text][\/vc_tta_section][vc_tta_section title=&#8221;Terk \u0130\u015flemleri&#8221; tab_id=&#8221;1636110403747-aa90e7c6-cb4a&#8221;][vc_column_text]<strong>Ger\u00e7ek Ki\u015fi Terk \u0130\u015flemi (\u015eah\u0131s Firmas\u0131)<\/strong><\/p>\n<p><strong>\u00a0<\/strong><\/p>\n<p>1-)\u00a0<a href=\"http:\/\/mersis.gtb.gov.tr\/\">MERS\u0130S<\/a>\u00a0Ba\u015fvurusu<\/p>\n<p>2-)\u00a0<a href=\"\/wp-content\/uploads\/2021\/11\/Terk-dilekce-3.docx\">Dilek\u00e7e<\/a><\/p>\n<p>* Firma ka\u015fesi ile Tacir taraf\u0131ndan veya vek\u00e2leten imzalanmal\u0131. Vek\u00e2leten imzalan\u0131yorsa vek\u00e2letin asl\u0131 veya vekaletin fotokopisi ile birlikte vekalet alan ki\u015finin imza beyan\u0131 asl\u0131 sunulmal\u0131d\u0131r.<\/p>\n<p>3-)\u00a0Mal Beyan\u0131<\/p>\n<p>4-) Vergi Dairesinden faaliyetini sonland\u0131rd\u0131\u011f\u0131na dair Terk Yoklama Tutana\u011f\u0131<\/p>\n<p>5-) Vefat nedeniyle kapan\u0131\u015f talebinde Noter onayl\u0131 yada as\u0131l veraset ilam\u0131 veya Noterden al\u0131nan miras\u00e7\u0131l\u0131k belgesi eklenmeli,\u00a0dilek\u00e7e\u00a0ve ekinde bulunan\u00a0mal beyan\u0131n\u0131\u00a0varislerden biri imzalamal\u0131d\u0131r.<\/p>\n<p><strong>\u00a0<\/strong>[\/vc_column_text][\/vc_tta_section][\/vc_tta_accordion][\/vc_column][\/vc_row]<\/p>\n","protected":false},"excerpt":{"rendered":"<p>[vc_row][vc_column][vc_column_text]Ger\u00e7ek Ki\u015filer &nbsp; Bir ticari i\u015fletmeyi k\u0131smen dahi olsa kendi ad\u0131na i\u015fleten kimseye tacir denir (TTK m.12) Ger\u00e7ek ki\u015fi tacirin ticaret unvan\u0131 k\u0131salt\u0131lmadan yaz\u0131lan\u00a0 ad ve soyad\u0131ndan meydana gelir. Ad ve soyad\u0131na TTK.n\u0131n 46. maddesine uygun ekler yap\u0131labilir. Unvanda; ortakl\u0131k bulundu\u011fu izlenimini yaratacak \u00e7o\u011ful ekler, ba\u015fka ki\u015filerin adlar\u0131 ve yabanc\u0131 kelimeler kullan\u0131lmamal\u0131d\u0131r. \u0130\u015fletme sahibinin velayet [&hellip;]<\/p>\n","protected":false},"author":1,"featured_media":0,"parent":0,"menu_order":0,"comment_status":"closed","ping_status":"closed","template":"","meta":{"ngg_post_thumbnail":0,"footnotes":""},"class_list":["post-2853","page","type-page","status-publish","hentry"],"_links":{"self":[{"href":"https:\/\/otso.omerfarukarslan.com.tr\/index.php?rest_route=\/wp\/v2\/pages\/2853","targetHints":{"allow":["GET"]}}],"collection":[{"href":"https:\/\/otso.omerfarukarslan.com.tr\/index.php?rest_route=\/wp\/v2\/pages"}],"about":[{"href":"https:\/\/otso.omerfarukarslan.com.tr\/index.php?rest_route=\/wp\/v2\/types\/page"}],"author":[{"embeddable":true,"href":"https:\/\/otso.omerfarukarslan.com.tr\/index.php?rest_route=\/wp\/v2\/users\/1"}],"replies":[{"embeddable":true,"href":"https:\/\/otso.omerfarukarslan.com.tr\/index.php?rest_route=%2Fwp%2Fv2%2Fcomments&post=2853"}],"version-history":[{"count":4,"href":"https:\/\/otso.omerfarukarslan.com.tr\/index.php?rest_route=\/wp\/v2\/pages\/2853\/revisions"}],"predecessor-version":[{"id":3497,"href":"https:\/\/otso.omerfarukarslan.com.tr\/index.php?rest_route=\/wp\/v2\/pages\/2853\/revisions\/3497"}],"wp:attachment":[{"href":"https:\/\/otso.omerfarukarslan.com.tr\/index.php?rest_route=%2Fwp%2Fv2%2Fmedia&parent=2853"}],"curies":[{"name":"wp","href":"https:\/\/api.w.org\/{rel}","templated":true}]}}