{"id":2771,"date":"2021-11-05T09:39:34","date_gmt":"2021-11-05T09:39:34","guid":{"rendered":"https:\/\/www.otso.org.tr\/?page_id=2771"},"modified":"2021-11-05T09:41:07","modified_gmt":"2021-11-05T09:41:07","slug":"genelgeler-ve-gorusler","status":"publish","type":"page","link":"https:\/\/otso.omerfarukarslan.com.tr\/?page_id=2771","title":{"rendered":"Genelgeler ve G\u00f6r\u00fc\u015fler"},"content":{"rendered":"<p>[vc_row][vc_column][vc_column_text]<\/p>\n<ul>\n<li><a href=\"\/wp-content\/uploads\/2021\/11\/genelge_4880.pdf\"><img loading=\"lazy\" decoding=\"async\" class=\"alignnone size-full wp-image-2616\" src=\"\/wp-content\/uploads\/2021\/11\/pdf.png\" alt=\"\" width=\"43\" height=\"46\" \/><\/a>\u00a0 3 Temmuz 2012 tarih ve 4880 Say\u0131l\u0131 G\u00fcmr\u00fck ve Ticaret Bakanl\u0131\u011f\u0131 \u0130\u00e7 Ticaret Genel M\u00fcd\u00fcrl\u00fc\u011f\u00fc Genelgesi<\/li>\n<li><a href=\"\/wp-content\/uploads\/2021\/11\/genelge_4879.pdf\"><img loading=\"lazy\" decoding=\"async\" class=\"alignnone size-full wp-image-2616\" src=\"\/wp-content\/uploads\/2021\/11\/pdf.png\" alt=\"\" width=\"43\" height=\"46\" \/><\/a>\u00a0 3 Temmuz 2012 tarih ve 4879 Say\u0131l\u0131 G\u00fcmr\u00fck ve Ticaret Bakanl\u0131\u011f\u0131 \u0130\u00e7 Ticaret Genel M\u00fcd\u00fcrl\u00fc\u011f\u00fc Genelgesi<\/li>\n<li><a href=\"\/wp-content\/uploads\/2021\/11\/tic_sic_tastikname.pdf\"><img loading=\"lazy\" decoding=\"async\" class=\"alignnone size-full wp-image-2616\" src=\"\/wp-content\/uploads\/2021\/11\/pdf.png\" alt=\"\" width=\"43\" height=\"46\" \/><\/a>\u00a0 Ticaret Sicil Tasdiknamesi hk.<\/li>\n<li><a href=\"\/wp-content\/uploads\/2021\/11\/kucuk_ortaboy_isletmeler.pdf\"><img loading=\"lazy\" decoding=\"async\" class=\"alignnone size-full wp-image-2616\" src=\"\/wp-content\/uploads\/2021\/11\/pdf.png\" alt=\"\" width=\"43\" height=\"46\" \/><\/a>\u00a0 K\u00fc\u00e7\u00fck ve Orta B\u00fcy\u00fckl\u00fckteki \u0130\u015fletmeler hk. (27 Kas\u0131m 2012)<\/li>\n<li><a href=\"\/wp-content\/uploads\/2021\/11\/ttk_363.pdf\"><img loading=\"lazy\" decoding=\"async\" class=\"alignnone size-full wp-image-2616\" src=\"\/wp-content\/uploads\/2021\/11\/pdf.png\" alt=\"\" width=\"43\" height=\"46\" \/><\/a>\u00a0 Y\u00f6netim Kurulundan \u0130stifalar ve Atamalar hk. (22 Ekim 2012)<\/li>\n<li><a href=\"\/wp-content\/uploads\/2021\/11\/devir_yasagi.pdf\"><img loading=\"lazy\" decoding=\"async\" class=\"alignnone size-full wp-image-2616\" src=\"\/wp-content\/uploads\/2021\/11\/pdf.png\" alt=\"\" width=\"43\" height=\"46\" \/><\/a>\u00a0 Ayni Sermayeden Dolay\u0131 Hisse Devir Yasa\u011f\u0131 hk.(14 Eyl\u00fcl 2012)<\/li>\n<li><a href=\"\/wp-content\/uploads\/2021\/11\/bakanlik_temsilcisi.pdf\"><img loading=\"lazy\" decoding=\"async\" class=\"alignnone size-full wp-image-2616\" src=\"\/wp-content\/uploads\/2021\/11\/pdf.png\" alt=\"\" width=\"43\" height=\"46\" \/><\/a>\u00a0 Kooperatiflerde Bakanl\u0131k Temsilcisi G\u00f6revlendirilmesi hk. (16 A\u011fustos 2012)<\/li>\n<li><a href=\"\/wp-content\/uploads\/2021\/11\/6111.pdf\"><img loading=\"lazy\" decoding=\"async\" class=\"alignnone size-full wp-image-2616\" src=\"\/wp-content\/uploads\/2021\/11\/pdf.png\" alt=\"\" width=\"43\" height=\"46\" \/><\/a>\u00a0 Kayda Al\u0131nan Emtia \u00d6zel Kar\u015f\u0131l\u0131k Hesab\u0131n\u0131n Sermayeye \u0130lavesi hk. (13 Temmuz 2012)<\/li>\n<li><a href=\"\/wp-content\/uploads\/2021\/11\/bakanlik_yazisi.pdf\"><img loading=\"lazy\" decoding=\"async\" class=\"alignnone size-full wp-image-2616\" src=\"\/wp-content\/uploads\/2021\/11\/pdf.png\" alt=\"\" width=\"43\" height=\"46\" \/><\/a>\u00a0 Ger\u00e7ek Ki\u015fi \u015eah\u0131s Firmalar\u0131 Tescil Ba\u015fvurular\u0131 Hk. (25 Ocak 2013)<\/li>\n<li><a href=\"\/wp-content\/uploads\/2021\/11\/ser_art.pdf\"><img loading=\"lazy\" decoding=\"async\" class=\"alignnone size-full wp-image-2616\" src=\"\/wp-content\/uploads\/2021\/11\/pdf.png\" alt=\"\" width=\"43\" height=\"46\" \/><\/a>\u00a0 Sermaye Art\u0131r\u0131m\u0131 hk.(30 Ekim 2012)<\/li>\n<li><a href=\"\/wp-content\/uploads\/2021\/11\/ser_art1.pdf\"><img loading=\"lazy\" decoding=\"async\" class=\"alignnone size-full wp-image-2616\" src=\"\/wp-content\/uploads\/2021\/11\/pdf.png\" alt=\"\" width=\"43\" height=\"46\" \/><\/a>\u00a0 Sermaye Art\u0131r\u0131m\u0131 hk. (25 Ocak 2013)<\/li>\n<li><a href=\"\/wp-content\/uploads\/2021\/11\/bagimsiz_dnt_disindaki_as.pdf\"><img loading=\"lazy\" decoding=\"async\" class=\"alignnone size-full wp-image-2616\" src=\"\/wp-content\/uploads\/2021\/11\/pdf.png\" alt=\"\" width=\"43\" height=\"46\" \/><\/a>\u00a0 Ba\u011f\u0131ms\u0131z Denetim Kapsam\u0131 D\u0131\u015f\u0131ndaki Anonim \u015eirketler Hakk\u0131nda (29 Nisan 2013)<\/li>\n<li><a href=\"\/wp-content\/uploads\/2021\/11\/ayni_sermaye.pdf\"><img loading=\"lazy\" decoding=\"async\" class=\"alignnone size-full wp-image-2616\" src=\"\/wp-content\/uploads\/2021\/11\/pdf.png\" alt=\"\" width=\"43\" height=\"46\" \/><\/a>\u00a0 Alaca\u011f\u0131n Ayni Sermaye Olarak \u015eirkete Konulmas\u0131 hk. (2 Ocak 2014)<\/li>\n<li><a href=\"\/wp-content\/uploads\/2021\/11\/ayni_ser_sayilmasi.pdf\"><img loading=\"lazy\" decoding=\"async\" class=\"alignnone size-full wp-image-2616\" src=\"\/wp-content\/uploads\/2021\/11\/pdf.png\" alt=\"\" width=\"43\" height=\"46\" \/><\/a>\u00a0 Ortaklar\u0131n \u015eirketten Alaca\u011f\u0131n\u0131n Ayni Sermaye Say\u0131lmas\u0131 hk.( 15 Temmuz 2013)<\/li>\n<li><a href=\"\/wp-content\/uploads\/2021\/11\/ort_cikarmada_karar_nisab.pdf\"><img loading=\"lazy\" decoding=\"async\" class=\"alignnone size-full wp-image-2616\" src=\"\/wp-content\/uploads\/2021\/11\/pdf.png\" alt=\"\" width=\"43\" height=\"46\" \/><\/a>\u00a0 Ortakl\u0131ktan \u00c7\u0131karmada Karar Nisab\u0131 hk.( 17 Temmuz 2013)<\/li>\n<li><a href=\"\/wp-content\/uploads\/2021\/11\/ayni_alacak.pdf\"><img loading=\"lazy\" decoding=\"async\" class=\"alignnone size-full wp-image-2616\" src=\"\/wp-content\/uploads\/2021\/11\/pdf.png\" alt=\"\" width=\"43\" height=\"46\" \/><\/a>\u00a0 Alaca\u011f\u0131n Ayni Sermaye Olarak \u015eirkete Konulmas\u0131 hk.(27 Eyl\u00fcl 2013)<\/li>\n<li><a href=\"\/wp-content\/uploads\/2021\/11\/bolunme_islemleri.pdf\"><img loading=\"lazy\" decoding=\"async\" class=\"alignnone size-full wp-image-2616\" src=\"\/wp-content\/uploads\/2021\/11\/pdf.png\" alt=\"\" width=\"43\" height=\"46\" \/><\/a>\u00a0 B\u00f6l\u00fcnme i\u015flemler hk. (18 Kas\u0131m 2013)<\/li>\n<li><a href=\"\/wp-content\/uploads\/2021\/11\/kismi_bolunme.pdf\"><img loading=\"lazy\" decoding=\"async\" class=\"alignnone size-full wp-image-2616\" src=\"\/wp-content\/uploads\/2021\/11\/pdf.png\" alt=\"\" width=\"43\" height=\"46\" \/><\/a>\u00a0 K\u0131smi B\u00f6l\u00fcnmeye Konu Malvarl\u0131\u011f\u0131 hk. (26 Kas\u0131m 2013)<\/li>\n<li><a href=\"\/wp-content\/uploads\/2021\/11\/tasfiyede_kalan_varlik.pdf\"><img loading=\"lazy\" decoding=\"async\" class=\"alignnone size-full wp-image-2616\" src=\"\/wp-content\/uploads\/2021\/11\/pdf.png\" alt=\"\" width=\"43\" height=\"46\" \/><\/a>\u00a0 Tasfiyede kalan varl\u0131\u011f\u0131 da\u011f\u0131t\u0131lmas\u0131 i\u00e7in beklenecek s\u00fcre (20.02.2017)<\/li>\n<\/ul>\n<p>[\/vc_column_text][\/vc_column][\/vc_row]<\/p>\n","protected":false},"excerpt":{"rendered":"<p>[vc_row][vc_column][vc_column_text] \u00a0 3 Temmuz 2012 tarih ve 4880 Say\u0131l\u0131 G\u00fcmr\u00fck ve Ticaret Bakanl\u0131\u011f\u0131 \u0130\u00e7 Ticaret Genel M\u00fcd\u00fcrl\u00fc\u011f\u00fc Genelgesi \u00a0 3 Temmuz 2012 tarih ve 4879 Say\u0131l\u0131 G\u00fcmr\u00fck ve Ticaret Bakanl\u0131\u011f\u0131 \u0130\u00e7 Ticaret Genel M\u00fcd\u00fcrl\u00fc\u011f\u00fc Genelgesi \u00a0 Ticaret Sicil Tasdiknamesi hk. \u00a0 K\u00fc\u00e7\u00fck ve Orta B\u00fcy\u00fckl\u00fckteki \u0130\u015fletmeler hk. (27 Kas\u0131m 2012) \u00a0 Y\u00f6netim Kurulundan \u0130stifalar ve [&hellip;]<\/p>\n","protected":false},"author":1,"featured_media":0,"parent":0,"menu_order":0,"comment_status":"closed","ping_status":"closed","template":"","meta":{"ngg_post_thumbnail":0,"footnotes":""},"class_list":["post-2771","page","type-page","status-publish","hentry"],"_links":{"self":[{"href":"https:\/\/otso.omerfarukarslan.com.tr\/index.php?rest_route=\/wp\/v2\/pages\/2771","targetHints":{"allow":["GET"]}}],"collection":[{"href":"https:\/\/otso.omerfarukarslan.com.tr\/index.php?rest_route=\/wp\/v2\/pages"}],"about":[{"href":"https:\/\/otso.omerfarukarslan.com.tr\/index.php?rest_route=\/wp\/v2\/types\/page"}],"author":[{"embeddable":true,"href":"https:\/\/otso.omerfarukarslan.com.tr\/index.php?rest_route=\/wp\/v2\/users\/1"}],"replies":[{"embeddable":true,"href":"https:\/\/otso.omerfarukarslan.com.tr\/index.php?rest_route=%2Fwp%2Fv2%2Fcomments&post=2771"}],"version-history":[{"count":3,"href":"https:\/\/otso.omerfarukarslan.com.tr\/index.php?rest_route=\/wp\/v2\/pages\/2771\/revisions"}],"predecessor-version":[{"id":2793,"href":"https:\/\/otso.omerfarukarslan.com.tr\/index.php?rest_route=\/wp\/v2\/pages\/2771\/revisions\/2793"}],"wp:attachment":[{"href":"https:\/\/otso.omerfarukarslan.com.tr\/index.php?rest_route=%2Fwp%2Fv2%2Fmedia&parent=2771"}],"curies":[{"name":"wp","href":"https:\/\/api.w.org\/{rel}","templated":true}]}}