{"id":2731,"date":"2021-11-05T08:51:12","date_gmt":"2021-11-05T08:51:12","guid":{"rendered":"https:\/\/www.otso.org.tr\/?page_id=2731"},"modified":"2021-11-05T08:55:45","modified_gmt":"2021-11-05T08:55:45","slug":"yonetmelik","status":"publish","type":"page","link":"https:\/\/otso.omerfarukarslan.com.tr\/?page_id=2731","title":{"rendered":"Y\u00f6netmelik"},"content":{"rendered":"<p>[vc_row][vc_column][vc_column_text]<\/p>\n<ul>\n<li><a href=\"\/wp-content\/uploads\/2021\/11\/anonim-sirketlerin-genel-kurul-toplantilarinin-usul-ve-esaslari-le-bu-toplantilarda-bulunacak-gumruk-ve-ticaret-bakanligi-temsilcileri-hakkinda-yonetmelikte-degisiklik-yapilmasina-dair-yonetmelik.pdf\"><img loading=\"lazy\" decoding=\"async\" class=\"alignnone size-full wp-image-2616\" src=\"\/wp-content\/uploads\/2021\/11\/pdf.png\" alt=\"\" width=\"43\" height=\"46\" \/><\/a>\u00a0 Anonim \u015eirketlerin Genel Kurul Toplant\u0131lar\u0131n\u0131n Usul Ve Esaslar\u0131 \u0130le Bu Toplant\u0131larda Bulunacak G\u00fcmr\u00fck Ve Ticaret Bakanl\u0131\u011f\u0131 Temsilcileri Hakk\u0131nda Y\u00f6netmelikte De\u011fi\u015fiklik Yap\u0131lmas\u0131na Dair Y\u00f6netmelik<\/li>\n<li><a href=\"\/wp-content\/uploads\/2021\/11\/201912121830976.pdf\"><img loading=\"lazy\" decoding=\"async\" class=\"alignnone size-full wp-image-2616\" src=\"\/wp-content\/uploads\/2021\/11\/pdf.png\" alt=\"\" width=\"43\" height=\"46\" \/><\/a>\u00a0 Ticaret Sicil Y\u00f6netmeli\u011finde De\u011fi\u015fiklik Yap\u0131lmas\u0131na Dair Y\u00f6netmelik (Karar Say\u0131s\u0131:1819)<\/li>\n<li><a href=\"\/wp-content\/uploads\/2021\/11\/elektronik_yonetmelik.pdf\"><img loading=\"lazy\" decoding=\"async\" class=\"alignnone size-full wp-image-2616\" src=\"\/wp-content\/uploads\/2021\/11\/pdf.png\" alt=\"\" width=\"43\" height=\"46\" \/><\/a>\u00a0 Elektronik Tebligat Y\u00f6netmeli\u011fi<\/li>\n<li><a href=\"\/wp-content\/uploads\/2021\/11\/yillik_faaliyet_raporu.pdf\"><img loading=\"lazy\" decoding=\"async\" class=\"alignnone size-full wp-image-2616\" src=\"\/wp-content\/uploads\/2021\/11\/pdf.png\" alt=\"\" width=\"43\" height=\"46\" \/><\/a>\u00a0 \u015eirketlerin Y\u0131ll\u0131k Faaliyet Raporunun Asgari \u0130\u00e7eri\u011finin Belirlenmesi Hakk\u0131nda Y\u00f6netmelik<\/li>\n<li><a href=\"\/wp-content\/uploads\/2021\/11\/tic_sirket_denetlenmesi.pdf\"><img loading=\"lazy\" decoding=\"async\" class=\"alignnone size-full wp-image-2616\" src=\"\/wp-content\/uploads\/2021\/11\/pdf.png\" alt=\"\" width=\"43\" height=\"46\" \/><\/a>\u00a0 Ticaret \u015eirketlerinin G\u00fcmr\u00fck ve Ticaret Bakanl\u0131\u011f\u0131nca Denetlenmesi Hakk\u0131nda Y\u00f6netmelik<\/li>\n<li><a href=\"\/wp-content\/uploads\/2021\/11\/elektronik_ortamlar.pdf\"><img loading=\"lazy\" decoding=\"async\" class=\"alignnone size-full wp-image-2616\" src=\"\/wp-content\/uploads\/2021\/11\/pdf.png\" alt=\"\" width=\"43\" height=\"46\" \/><\/a>\u00a0 Anonim \u015eirketlerde Elektronik Ortamda Yap\u0131lacak Genel Kurullara \u0130li\u015fkin Y\u00f6netmelik<\/li>\n<li><a href=\"\/wp-content\/uploads\/2021\/11\/isletmelerin_tanimi.pdf\"><img loading=\"lazy\" decoding=\"async\" class=\"alignnone size-full wp-image-2616\" src=\"\/wp-content\/uploads\/2021\/11\/pdf.png\" alt=\"\" width=\"43\" height=\"46\" \/><\/a>\u00a0 K\u00fc\u00e7\u00fck ve Orta B\u00fcy\u00fckl\u00fckteki \u0130\u015fletmelerin Tan\u0131m\u0131, Nitelikleri ve S\u0131n\u0131fland\u0131r\u0131lmas\u0131 Hakk\u0131nda Y\u00f6netmelikte De\u011fi\u015fiklik Yap\u0131lmas\u0131na Dair Y\u00f6netmelik<\/li>\n<li><a href=\"\/wp-content\/uploads\/2021\/11\/komser_yonetmeligi.pdf\"><img loading=\"lazy\" decoding=\"async\" class=\"alignnone size-full wp-image-2616\" src=\"\/wp-content\/uploads\/2021\/11\/pdf.png\" alt=\"\" width=\"43\" height=\"46\" \/><\/a>\u00a0 Anonim \u015eirketlerin Genel Kurul Toplant\u0131lar\u0131n\u0131n Usul ve Esaslar\u0131 \u0130le Bu Toplant\u0131larda Bulunacak G\u00fcmr\u00fck ve Ticaret Bakanl\u0131\u011f\u0131 Temsilcileri<\/li>\n<li><a href=\"\/wp-content\/uploads\/2021\/11\/bakanlik_tebligi.pdf\"><img loading=\"lazy\" decoding=\"async\" class=\"alignnone size-full wp-image-2616\" src=\"\/wp-content\/uploads\/2021\/11\/pdf.png\" alt=\"\" width=\"43\" height=\"46\" \/><\/a>\u00a0 Anonim \u015eirketlerin Genel Kurul Toplant\u0131lar\u0131n\u0131n Usul Ve Esaslar\u0131 \u0130le Bu Toplant\u0131larda Bulunacak G\u00fcmr\u00fck Ve Ticaret Bakanl\u0131\u011f\u0131 Temsilcileri Hakk\u0131nda Y\u00f6netmelikte De\u011fi\u015fiklik Yap\u0131lmas\u0131na Dair Y\u00f6netmelik<\/li>\n<li><a href=\"\/wp-content\/uploads\/2021\/11\/bagimsiz_denetim_yonetmeligi.pdf\"><img loading=\"lazy\" decoding=\"async\" class=\"alignnone size-full wp-image-2616\" src=\"\/wp-content\/uploads\/2021\/11\/pdf.png\" alt=\"\" width=\"43\" height=\"46\" \/><\/a> Ba\u011f\u0131ms\u0131z Denetim Y\u00f6netmeli\u011fi<\/li>\n<li><a href=\"\/wp-content\/uploads\/2021\/11\/tic_yonetmelik.pdf\"><img loading=\"lazy\" decoding=\"async\" class=\"alignnone size-full wp-image-2616\" src=\"\/wp-content\/uploads\/2021\/11\/pdf.png\" alt=\"\" width=\"43\" height=\"46\" \/><\/a> Ticaret Sicili Y\u00f6netmeli\u011fi<\/li>\n<li><a href=\"\/wp-content\/uploads\/2021\/11\/ser_int_siteleri_yonetmelik.pdf\"><img loading=\"lazy\" decoding=\"async\" class=\"alignnone size-full wp-image-2616\" src=\"\/wp-content\/uploads\/2021\/11\/pdf.png\" alt=\"\" width=\"43\" height=\"46\" \/><\/a> Sermaye \u015eirketlerinin A\u00e7acaklar\u0131 \u0130nternet Sitelerine Dair Y\u00f6netmelik<\/li>\n<li><a href=\"\/wp-content\/uploads\/2021\/11\/int_yonetmelik_degisiklik.pdf\"><img loading=\"lazy\" decoding=\"async\" class=\"alignnone size-full wp-image-2616\" src=\"\/wp-content\/uploads\/2021\/11\/pdf.png\" alt=\"\" width=\"43\" height=\"46\" \/><\/a> Sermaye \u015eirketlerinin A\u00e7acaklar\u0131 \u0130nternet Sitelerine Dair Y\u00f6netmelikte De\u011fi\u015fiklik Yap\u0131lmas\u0131na Dair Y\u00f6netmelik<\/li>\n<\/ul>\n<p>[\/vc_column_text][\/vc_column][\/vc_row]<\/p>\n","protected":false},"excerpt":{"rendered":"<p>[vc_row][vc_column][vc_column_text] \u00a0 Anonim \u015eirketlerin Genel Kurul Toplant\u0131lar\u0131n\u0131n Usul Ve Esaslar\u0131 \u0130le Bu Toplant\u0131larda Bulunacak G\u00fcmr\u00fck Ve Ticaret Bakanl\u0131\u011f\u0131 Temsilcileri Hakk\u0131nda Y\u00f6netmelikte De\u011fi\u015fiklik Yap\u0131lmas\u0131na Dair Y\u00f6netmelik \u00a0 Ticaret Sicil Y\u00f6netmeli\u011finde De\u011fi\u015fiklik Yap\u0131lmas\u0131na Dair Y\u00f6netmelik (Karar Say\u0131s\u0131:1819) \u00a0 Elektronik Tebligat Y\u00f6netmeli\u011fi \u00a0 \u015eirketlerin Y\u0131ll\u0131k Faaliyet Raporunun Asgari \u0130\u00e7eri\u011finin Belirlenmesi Hakk\u0131nda Y\u00f6netmelik \u00a0 Ticaret \u015eirketlerinin G\u00fcmr\u00fck ve Ticaret [&hellip;]<\/p>\n","protected":false},"author":1,"featured_media":0,"parent":0,"menu_order":0,"comment_status":"closed","ping_status":"closed","template":"","meta":{"ngg_post_thumbnail":0,"footnotes":""},"class_list":["post-2731","page","type-page","status-publish","hentry"],"_links":{"self":[{"href":"https:\/\/otso.omerfarukarslan.com.tr\/index.php?rest_route=\/wp\/v2\/pages\/2731","targetHints":{"allow":["GET"]}}],"collection":[{"href":"https:\/\/otso.omerfarukarslan.com.tr\/index.php?rest_route=\/wp\/v2\/pages"}],"about":[{"href":"https:\/\/otso.omerfarukarslan.com.tr\/index.php?rest_route=\/wp\/v2\/types\/page"}],"author":[{"embeddable":true,"href":"https:\/\/otso.omerfarukarslan.com.tr\/index.php?rest_route=\/wp\/v2\/users\/1"}],"replies":[{"embeddable":true,"href":"https:\/\/otso.omerfarukarslan.com.tr\/index.php?rest_route=%2Fwp%2Fv2%2Fcomments&post=2731"}],"version-history":[{"count":3,"href":"https:\/\/otso.omerfarukarslan.com.tr\/index.php?rest_route=\/wp\/v2\/pages\/2731\/revisions"}],"predecessor-version":[{"id":2747,"href":"https:\/\/otso.omerfarukarslan.com.tr\/index.php?rest_route=\/wp\/v2\/pages\/2731\/revisions\/2747"}],"wp:attachment":[{"href":"https:\/\/otso.omerfarukarslan.com.tr\/index.php?rest_route=%2Fwp%2Fv2%2Fmedia&parent=2731"}],"curies":[{"name":"wp","href":"https:\/\/api.w.org\/{rel}","templated":true}]}}