{"id":2723,"date":"2021-11-05T08:38:37","date_gmt":"2021-11-05T08:38:37","guid":{"rendered":"https:\/\/www.otso.org.tr\/?page_id=2723"},"modified":"2021-11-05T08:43:19","modified_gmt":"2021-11-05T08:43:19","slug":"kanunlar","status":"publish","type":"page","link":"https:\/\/otso.omerfarukarslan.com.tr\/?page_id=2723","title":{"rendered":"Kanunlar"},"content":{"rendered":"<p>[vc_row][vc_column][vc_column_text]<\/p>\n<ul>\n<li>6102 Say\u0131l\u0131 T\u00fcrk Ticaret Kanunu <a href=\"\/wp-content\/uploads\/2021\/11\/6102_ttk.pdf\"><img loading=\"lazy\" decoding=\"async\" class=\"size-full wp-image-2616 alignnone\" src=\"https:\/\/www.otso.org.tr\/wp-content\/uploads\/2021\/11\/pdf.png\" alt=\"\" width=\"43\" height=\"46\" \/><\/a><\/li>\n<li>6103 Say\u0131l\u0131 T\u00fcrk Ticaret Kanununun Y\u00fcr\u00fcrl\u00fc\u011f\u00fc ve Uygulama \u015eekli Hakk\u0131nda Kanunu <a href=\"\/wp-content\/uploads\/2021\/11\/6103_ttk_uygulama.pdf\"><img loading=\"lazy\" decoding=\"async\" class=\"size-full wp-image-2616 alignnone\" src=\"https:\/\/www.otso.org.tr\/wp-content\/uploads\/2021\/11\/pdf.png\" alt=\"\" width=\"43\" height=\"46\" \/><\/a><\/li>\n<li>Ticaret Kanunu ile T\u00fcrk Ticaret Kanununun Y\u00fcr\u00fcrl\u00fc\u011f\u00fc ve Uygulama \u015eekli Hakk\u0131nda<a href=\"\/wp-content\/uploads\/2021\/11\/6335_ttk.pdf\"><img loading=\"lazy\" decoding=\"async\" class=\"size-full wp-image-2616 alignnone\" src=\"https:\/\/www.otso.org.tr\/wp-content\/uploads\/2021\/11\/pdf.png\" alt=\"\" width=\"43\" height=\"46\" \/><\/a><br \/>\nKanunda De\u011fi\u015fiklik Yap\u0131lmas\u0131na Dair Kanunu<\/li>\n<\/ul>\n<article>\u00a0<\/article>\n<p>[\/vc_column_text][\/vc_column][\/vc_row]<\/p>\n","protected":false},"excerpt":{"rendered":"<p>[vc_row][vc_column][vc_column_text] 6102 Say\u0131l\u0131 T\u00fcrk Ticaret Kanunu 6103 Say\u0131l\u0131 T\u00fcrk Ticaret Kanununun Y\u00fcr\u00fcrl\u00fc\u011f\u00fc ve Uygulama \u015eekli Hakk\u0131nda Kanunu Ticaret Kanunu ile T\u00fcrk Ticaret Kanununun Y\u00fcr\u00fcrl\u00fc\u011f\u00fc ve Uygulama \u015eekli Hakk\u0131nda Kanunda De\u011fi\u015fiklik Yap\u0131lmas\u0131na Dair Kanunu \u00a0 [\/vc_column_text][\/vc_column][\/vc_row]<\/p>\n","protected":false},"author":1,"featured_media":0,"parent":0,"menu_order":0,"comment_status":"closed","ping_status":"closed","template":"","meta":{"ngg_post_thumbnail":0,"footnotes":""},"class_list":["post-2723","page","type-page","status-publish","hentry"],"_links":{"self":[{"href":"https:\/\/otso.omerfarukarslan.com.tr\/index.php?rest_route=\/wp\/v2\/pages\/2723","targetHints":{"allow":["GET"]}}],"collection":[{"href":"https:\/\/otso.omerfarukarslan.com.tr\/index.php?rest_route=\/wp\/v2\/pages"}],"about":[{"href":"https:\/\/otso.omerfarukarslan.com.tr\/index.php?rest_route=\/wp\/v2\/types\/page"}],"author":[{"embeddable":true,"href":"https:\/\/otso.omerfarukarslan.com.tr\/index.php?rest_route=\/wp\/v2\/users\/1"}],"replies":[{"embeddable":true,"href":"https:\/\/otso.omerfarukarslan.com.tr\/index.php?rest_route=%2Fwp%2Fv2%2Fcomments&post=2723"}],"version-history":[{"count":6,"href":"https:\/\/otso.omerfarukarslan.com.tr\/index.php?rest_route=\/wp\/v2\/pages\/2723\/revisions"}],"predecessor-version":[{"id":2729,"href":"https:\/\/otso.omerfarukarslan.com.tr\/index.php?rest_route=\/wp\/v2\/pages\/2723\/revisions\/2729"}],"wp:attachment":[{"href":"https:\/\/otso.omerfarukarslan.com.tr\/index.php?rest_route=%2Fwp%2Fv2%2Fmedia&parent=2723"}],"curies":[{"name":"wp","href":"https:\/\/api.w.org\/{rel}","templated":true}]}}