{"id":2708,"date":"2021-11-04T17:06:49","date_gmt":"2021-11-04T17:06:49","guid":{"rendered":"https:\/\/www.otso.org.tr\/?page_id=2708"},"modified":"2021-11-04T17:06:49","modified_gmt":"2021-11-04T17:06:49","slug":"turkiye-ticaret-sicili-gazetesi-sureti-islemleri","status":"publish","type":"page","link":"https:\/\/otso.omerfarukarslan.com.tr\/?page_id=2708","title":{"rendered":"T\u00fcrkiye Ticaret Sicili Gazetesi Sureti \u0130\u015flemleri"},"content":{"rendered":"<p>[vc_row][vc_column][vc_column_text]<\/p>\n<h3>T\u00fcrkiye Ticaret Sicili Gazetesi Sureti \u0130\u015flemleri<\/h3>\n<p class=\"v1MsoListParagraph\">T\u00fcrkiye Ticaret Sicili Gazetesi M\u00fcd\u00fcrl\u00fc\u011f\u00fc taraf\u0131ndan yay\u0131nlanm\u0131\u015f olan ticaret sicil gazeteleri, Odam\u0131z hizmet binas\u0131 birinci kat\u0131nda bulunan Muamelat Servisinden temin edilebilir.<\/p>\n<p class=\"v1MsoNormal\">\u00dccrete tabidir.<\/p>\n<p>[\/vc_column_text][\/vc_column][\/vc_row]<\/p>\n","protected":false},"excerpt":{"rendered":"<p>[vc_row][vc_column][vc_column_text] T\u00fcrkiye Ticaret Sicili Gazetesi Sureti \u0130\u015flemleri T\u00fcrkiye Ticaret Sicili Gazetesi M\u00fcd\u00fcrl\u00fc\u011f\u00fc taraf\u0131ndan yay\u0131nlanm\u0131\u015f olan ticaret sicil gazeteleri, Odam\u0131z hizmet binas\u0131 birinci kat\u0131nda bulunan Muamelat Servisinden temin edilebilir. \u00dccrete tabidir. [\/vc_column_text][\/vc_column][\/vc_row]<\/p>\n","protected":false},"author":1,"featured_media":0,"parent":0,"menu_order":0,"comment_status":"closed","ping_status":"closed","template":"","meta":{"ngg_post_thumbnail":0,"footnotes":""},"class_list":["post-2708","page","type-page","status-publish","hentry"],"_links":{"self":[{"href":"https:\/\/otso.omerfarukarslan.com.tr\/index.php?rest_route=\/wp\/v2\/pages\/2708","targetHints":{"allow":["GET"]}}],"collection":[{"href":"https:\/\/otso.omerfarukarslan.com.tr\/index.php?rest_route=\/wp\/v2\/pages"}],"about":[{"href":"https:\/\/otso.omerfarukarslan.com.tr\/index.php?rest_route=\/wp\/v2\/types\/page"}],"author":[{"embeddable":true,"href":"https:\/\/otso.omerfarukarslan.com.tr\/index.php?rest_route=\/wp\/v2\/users\/1"}],"replies":[{"embeddable":true,"href":"https:\/\/otso.omerfarukarslan.com.tr\/index.php?rest_route=%2Fwp%2Fv2%2Fcomments&post=2708"}],"version-history":[{"count":1,"href":"https:\/\/otso.omerfarukarslan.com.tr\/index.php?rest_route=\/wp\/v2\/pages\/2708\/revisions"}],"predecessor-version":[{"id":2709,"href":"https:\/\/otso.omerfarukarslan.com.tr\/index.php?rest_route=\/wp\/v2\/pages\/2708\/revisions\/2709"}],"wp:attachment":[{"href":"https:\/\/otso.omerfarukarslan.com.tr\/index.php?rest_route=%2Fwp%2Fv2%2Fmedia&parent=2708"}],"curies":[{"name":"wp","href":"https:\/\/api.w.org\/{rel}","templated":true}]}}