{"id":2701,"date":"2021-11-04T17:04:10","date_gmt":"2021-11-04T17:04:10","guid":{"rendered":"https:\/\/www.otso.org.tr\/?page_id=2701"},"modified":"2021-11-04T17:04:10","modified_gmt":"2021-11-04T17:04:10","slug":"uye-kimlik-karti-islemleri","status":"publish","type":"page","link":"https:\/\/otso.omerfarukarslan.com.tr\/?page_id=2701","title":{"rendered":"\u00dcye Kimlik Kart\u0131 \u0130\u015flemleri"},"content":{"rendered":"<p>[vc_row][vc_column][vc_column_text]<\/p>\n<h3>\u00dcye Kimlik Kart\u0131 \u0130\u015flemleri<\/h3>\n<p>&nbsp;<\/p>\n<p class=\"v1MsoListParagraph\">Ger\u00e7ek ki\u015fi tacirlere,\u00a0Limited \u015eirketin ortaklar\u0131na, temsil ve ilzama yetkili m\u00fcd\u00fcrlerine,\u00a0 Anonim \u015eirketin y\u00f6netim kurulu \u00fcyeleriyle temsil ve ilzama yetkili genel m\u00fcd\u00fcrlerine,\u00a0 Kooperatiflerin y\u00f6netim kurulu \u00fcyelerine ve\u00a0\u015eubelerde ise temsilcilerine verilir.<\/p>\n<p class=\"v1MsoListParagraph\">Oda kimlik kart\u0131 sahipleri,\u00a0 Odam\u0131z ile anla\u015fmal\u0131 Otel, Restoran ve Sa\u011fl\u0131k Kurulu\u015flar\u0131n\u0131n indirimlerinden yararlan\u0131rlar.<\/p>\n<p class=\"v1MsoListParagraph\">Oda kimlik kart\u0131 talebine ili\u015fkin firma ka\u015fesi alt\u0131nda \u015firket yetkili\/yetkilileri taraf\u0131ndan imzal\u0131\u00a0dilek\u00e7e\u00a0ile ba\u015fvuru yap\u0131labilir.<\/p>\n<p>[\/vc_column_text][\/vc_column][\/vc_row]<\/p>\n","protected":false},"excerpt":{"rendered":"<p>[vc_row][vc_column][vc_column_text] \u00dcye Kimlik Kart\u0131 \u0130\u015flemleri &nbsp; Ger\u00e7ek ki\u015fi tacirlere,\u00a0Limited \u015eirketin ortaklar\u0131na, temsil ve ilzama yetkili m\u00fcd\u00fcrlerine,\u00a0 Anonim \u015eirketin y\u00f6netim kurulu \u00fcyeleriyle temsil ve ilzama yetkili genel m\u00fcd\u00fcrlerine,\u00a0 Kooperatiflerin y\u00f6netim kurulu \u00fcyelerine ve\u00a0\u015eubelerde ise temsilcilerine verilir. Oda kimlik kart\u0131 sahipleri,\u00a0 Odam\u0131z ile anla\u015fmal\u0131 Otel, Restoran ve Sa\u011fl\u0131k Kurulu\u015flar\u0131n\u0131n indirimlerinden yararlan\u0131rlar. Oda kimlik kart\u0131 talebine ili\u015fkin firma [&hellip;]<\/p>\n","protected":false},"author":1,"featured_media":0,"parent":0,"menu_order":0,"comment_status":"closed","ping_status":"closed","template":"","meta":{"ngg_post_thumbnail":0,"footnotes":""},"class_list":["post-2701","page","type-page","status-publish","hentry"],"_links":{"self":[{"href":"https:\/\/otso.omerfarukarslan.com.tr\/index.php?rest_route=\/wp\/v2\/pages\/2701","targetHints":{"allow":["GET"]}}],"collection":[{"href":"https:\/\/otso.omerfarukarslan.com.tr\/index.php?rest_route=\/wp\/v2\/pages"}],"about":[{"href":"https:\/\/otso.omerfarukarslan.com.tr\/index.php?rest_route=\/wp\/v2\/types\/page"}],"author":[{"embeddable":true,"href":"https:\/\/otso.omerfarukarslan.com.tr\/index.php?rest_route=\/wp\/v2\/users\/1"}],"replies":[{"embeddable":true,"href":"https:\/\/otso.omerfarukarslan.com.tr\/index.php?rest_route=%2Fwp%2Fv2%2Fcomments&post=2701"}],"version-history":[{"count":1,"href":"https:\/\/otso.omerfarukarslan.com.tr\/index.php?rest_route=\/wp\/v2\/pages\/2701\/revisions"}],"predecessor-version":[{"id":2702,"href":"https:\/\/otso.omerfarukarslan.com.tr\/index.php?rest_route=\/wp\/v2\/pages\/2701\/revisions\/2702"}],"wp:attachment":[{"href":"https:\/\/otso.omerfarukarslan.com.tr\/index.php?rest_route=%2Fwp%2Fv2%2Fmedia&parent=2701"}],"curies":[{"name":"wp","href":"https:\/\/api.w.org\/{rel}","templated":true}]}}