{"id":2698,"date":"2021-11-04T17:02:07","date_gmt":"2021-11-04T17:02:07","guid":{"rendered":"https:\/\/www.otso.org.tr\/?page_id=2698"},"modified":"2021-11-04T17:02:07","modified_gmt":"2021-11-04T17:02:07","slug":"ihale-durum-belgesi-islemleri","status":"publish","type":"page","link":"https:\/\/otso.omerfarukarslan.com.tr\/?page_id=2698","title":{"rendered":"\u0130hale Durum Belgesi \u0130\u015flemleri"},"content":{"rendered":"<p>[vc_row][vc_column][vc_column_text]<\/p>\n<h3>\u0130hale Durum Belgesi \u0130\u015flemleri<\/h3>\n<p>&nbsp;<\/p>\n<p>4734 say\u0131l\u0131 Kamu \u0130hale kanunun 10 uncu maddesinin d\u00f6rd\u00fcnc\u00fc f\u0131kras\u0131n\u0131n (g) bendi uyar\u0131nca; Mesleki Faaliyetten Men edilmedi\u011fine dair verilen belgedir.<\/p>\n<p>\u0130hale Durum Belgesi&#8217;ni (G Bendi) Muamelat Servisinden ve Online \u0130\u015flemler k\u0131sm\u0131ndan e-imzal\u0131 \u015fekilde al\u0131nabilir.<\/p>\n<p>\u00dccrete tabidir.[\/vc_column_text][\/vc_column][\/vc_row]<\/p>\n","protected":false},"excerpt":{"rendered":"<p>[vc_row][vc_column][vc_column_text] \u0130hale Durum Belgesi \u0130\u015flemleri &nbsp; 4734 say\u0131l\u0131 Kamu \u0130hale kanunun 10 uncu maddesinin d\u00f6rd\u00fcnc\u00fc f\u0131kras\u0131n\u0131n (g) bendi uyar\u0131nca; Mesleki Faaliyetten Men edilmedi\u011fine dair verilen belgedir. \u0130hale Durum Belgesi&#8217;ni (G Bendi) Muamelat Servisinden ve Online \u0130\u015flemler k\u0131sm\u0131ndan e-imzal\u0131 \u015fekilde al\u0131nabilir. \u00dccrete tabidir.[\/vc_column_text][\/vc_column][\/vc_row]<\/p>\n","protected":false},"author":1,"featured_media":0,"parent":0,"menu_order":0,"comment_status":"closed","ping_status":"closed","template":"","meta":{"ngg_post_thumbnail":0,"footnotes":""},"class_list":["post-2698","page","type-page","status-publish","hentry"],"_links":{"self":[{"href":"https:\/\/otso.omerfarukarslan.com.tr\/index.php?rest_route=\/wp\/v2\/pages\/2698","targetHints":{"allow":["GET"]}}],"collection":[{"href":"https:\/\/otso.omerfarukarslan.com.tr\/index.php?rest_route=\/wp\/v2\/pages"}],"about":[{"href":"https:\/\/otso.omerfarukarslan.com.tr\/index.php?rest_route=\/wp\/v2\/types\/page"}],"author":[{"embeddable":true,"href":"https:\/\/otso.omerfarukarslan.com.tr\/index.php?rest_route=\/wp\/v2\/users\/1"}],"replies":[{"embeddable":true,"href":"https:\/\/otso.omerfarukarslan.com.tr\/index.php?rest_route=%2Fwp%2Fv2%2Fcomments&post=2698"}],"version-history":[{"count":1,"href":"https:\/\/otso.omerfarukarslan.com.tr\/index.php?rest_route=\/wp\/v2\/pages\/2698\/revisions"}],"predecessor-version":[{"id":2699,"href":"https:\/\/otso.omerfarukarslan.com.tr\/index.php?rest_route=\/wp\/v2\/pages\/2698\/revisions\/2699"}],"wp:attachment":[{"href":"https:\/\/otso.omerfarukarslan.com.tr\/index.php?rest_route=%2Fwp%2Fv2%2Fmedia&parent=2698"}],"curies":[{"name":"wp","href":"https:\/\/api.w.org\/{rel}","templated":true}]}}