{"id":2694,"date":"2021-11-04T17:00:23","date_gmt":"2021-11-04T17:00:23","guid":{"rendered":"https:\/\/www.otso.org.tr\/?page_id=2694"},"modified":"2021-11-04T17:00:46","modified_gmt":"2021-11-04T17:00:46","slug":"faaliyet-belgesi-islemleri","status":"publish","type":"page","link":"https:\/\/otso.omerfarukarslan.com.tr\/?page_id=2694","title":{"rendered":"Faaliyet Belgesi \u0130\u015flemleri"},"content":{"rendered":"<p>[vc_row][vc_column][vc_column_text]<\/p>\n<h3>Faaliyet Belgesi \u0130\u015flemleri<\/h3>\n<p>&nbsp;<\/p>\n<p>Faaliyet Belgesi, Odam\u0131z hizmet binas\u0131 birinci kat\u0131nda bulunan Muamelat Servisinden ve Online \u0130\u015flemler k\u0131sm\u0131ndan e-imzal\u0131 \u015fekilde al\u0131nabilir.<\/p>\n<p>Ayr\u0131ca T\u00fcrk\u00e7e d\u0131\u015f\u0131nda \u0130ngilizce olarak da d\u00fczenlenmektedir.<\/p>\n<p>\u00dccretsizdir.[\/vc_column_text][\/vc_column][\/vc_row]<\/p>\n","protected":false},"excerpt":{"rendered":"<p>[vc_row][vc_column][vc_column_text] Faaliyet Belgesi \u0130\u015flemleri &nbsp; Faaliyet Belgesi, Odam\u0131z hizmet binas\u0131 birinci kat\u0131nda bulunan Muamelat Servisinden ve Online \u0130\u015flemler k\u0131sm\u0131ndan e-imzal\u0131 \u015fekilde al\u0131nabilir. Ayr\u0131ca T\u00fcrk\u00e7e d\u0131\u015f\u0131nda \u0130ngilizce olarak da d\u00fczenlenmektedir. \u00dccretsizdir.[\/vc_column_text][\/vc_column][\/vc_row]<\/p>\n","protected":false},"author":1,"featured_media":0,"parent":0,"menu_order":0,"comment_status":"closed","ping_status":"closed","template":"","meta":{"ngg_post_thumbnail":0,"footnotes":""},"class_list":["post-2694","page","type-page","status-publish","hentry"],"_links":{"self":[{"href":"https:\/\/otso.omerfarukarslan.com.tr\/index.php?rest_route=\/wp\/v2\/pages\/2694","targetHints":{"allow":["GET"]}}],"collection":[{"href":"https:\/\/otso.omerfarukarslan.com.tr\/index.php?rest_route=\/wp\/v2\/pages"}],"about":[{"href":"https:\/\/otso.omerfarukarslan.com.tr\/index.php?rest_route=\/wp\/v2\/types\/page"}],"author":[{"embeddable":true,"href":"https:\/\/otso.omerfarukarslan.com.tr\/index.php?rest_route=\/wp\/v2\/users\/1"}],"replies":[{"embeddable":true,"href":"https:\/\/otso.omerfarukarslan.com.tr\/index.php?rest_route=%2Fwp%2Fv2%2Fcomments&post=2694"}],"version-history":[{"count":2,"href":"https:\/\/otso.omerfarukarslan.com.tr\/index.php?rest_route=\/wp\/v2\/pages\/2694\/revisions"}],"predecessor-version":[{"id":2696,"href":"https:\/\/otso.omerfarukarslan.com.tr\/index.php?rest_route=\/wp\/v2\/pages\/2694\/revisions\/2696"}],"wp:attachment":[{"href":"https:\/\/otso.omerfarukarslan.com.tr\/index.php?rest_route=%2Fwp%2Fv2%2Fmedia&parent=2694"}],"curies":[{"name":"wp","href":"https:\/\/api.w.org\/{rel}","templated":true}]}}