{"id":2667,"date":"2021-11-04T16:11:59","date_gmt":"2021-11-04T16:11:59","guid":{"rendered":"https:\/\/www.otso.org.tr\/?page_id=2667"},"modified":"2021-11-04T16:12:33","modified_gmt":"2021-11-04T16:12:33","slug":"sigorta-eksperleri-islemleri","status":"publish","type":"page","link":"https:\/\/otso.omerfarukarslan.com.tr\/?page_id=2667","title":{"rendered":"Sigorta Eksperleri \u0130\u015flemleri"},"content":{"rendered":"<p>[vc_row][vc_column][vc_column_text]<\/p>\n<h3>Sigorta Eksperleri Levha Kayd\u0131 \u0130\u00e7in \u0130stenen Belgeler<\/h3>\n<p>&nbsp;<\/p>\n<p><strong><u>T\u00dcM S\u0130GORTA EKSPERLER\u0130 \u0130\u00c7\u0130N \u0130STENEN BELGELER:<\/u><\/strong><\/p>\n<p>&#8211; VUKUATLI N\u00dcFUS C\u00dcZDANI SURET\u0130 (As\u0131l)<\/p>\n<ol>\n<li>\u0130KAMETGAH BELGES\u0130 (EV ADRES\u0130) (As\u0131l)<\/li>\n<li>AR\u015e\u0130V KAYITLI ADL\u0130 S\u0130C\u0130L BELGES\u0130 (As\u0131l)<\/li>\n<li>VES\u0130KALIK FOTO\u011eRAF (jpec 94*128 USB veya CD ile)<\/li>\n<li>VES\u0130KALIK FOTO\u011eRAF (4 Adet)<\/li>\n<li>EN SON MEZUN OLUNAN OKUL D\u0130PLOMA SURET\u0130<\/li>\n<li>TAAHH\u00dcTNAME\u00a0 (EK-3) As\u0131l ve Islak \u0130mzal\u0131<\/li>\n<li>B\u0130LG\u0130 FORMU (EK-4) As\u0131l ve Islak \u0130mzal\u0131<\/li>\n<li><strong>(YABANCI D\u0130L B\u0130L\u0130N\u0130YORSA)<\/strong>\u00a0YABACI D\u0130L BELGES\u0130<\/li>\n<li>HAZ\u0130NE M\u00dcSTE\u015eARLI\u011eI TARAFINDAN VER\u0130LEN RUHSATNAME SURET\u0130<\/li>\n<li>TELEFON \/ E-POSTA VB. B\u0130LG\u0130LER \u0130\u00c7\u0130N BEYAN<\/li>\n<\/ol>\n<hr \/>\n<p><strong><u>GER\u00c7EK K\u0130\u015e\u0130 S\u0130GORTA EKSPERL\u0130K F\u0130RMASI \u0130\u00c7\u0130N \u0130STENEN BELGELER:<\/u><\/strong><\/p>\n<ol>\n<li>VERG\u0130 LEVHASI SURET\u0130<\/li>\n<li>ADRES, TELEFON, FAKS VE E-POSTA BEYANI<\/li>\n<\/ol>\n<hr \/>\n<p><strong><u>T\u00dcZEL K\u0130\u015e\u0130 S\u0130GORTA EKSPERL\u0130K F\u0130RMASI \u0130\u00c7\u0130N \u0130STENEN BELGELER:<\/u><\/strong><\/p>\n<ol>\n<li>T\u0130CARET S\u0130C\u0130L GAZETES\u0130<\/li>\n<li>\u015e\u0130RKET ANA S\u00d6ZLE\u015eME SURET\u0130<\/li>\n<li>T\u0130CARET S\u0130C\u0130L\u0130 TASD\u0130KNAMES\u0130<\/li>\n<li>VERG\u0130 LEVHASI SURET\u0130<\/li>\n<li>TAAHH\u00dcTNAME\u00a0 (EK-3) As\u0131l ve Islak \u0130mzal\u0131<\/li>\n<li>B\u0130LG\u0130 FORMU (EK-4) As\u0131l ve Islak \u0130mzal\u0131<\/li>\n<li>TELEFON \/ E-POSTA VB. B\u0130LG\u0130LER \u0130\u00c7\u0130N BEYAN<\/li>\n<\/ol>\n<p>&nbsp;<\/p>\n<p><strong><u>T\u00dcZEL K\u0130\u015e\u0130 S\u0130GORTA EKSPERL\u0130K F\u0130RMASI \u015eUBELER\u0130 \u0130\u00c7\u0130N \u0130STENEN BELGELER:<\/u><\/strong><\/p>\n<ol>\n<li>T\u0130CARET S\u0130C\u0130L GAZETES\u0130<\/li>\n<li>TELEFON \/ E-POSTA VB. B\u0130LG\u0130LER \u0130\u00c7\u0130N BEYAN<\/li>\n<\/ol>\n<p>&nbsp;<\/p>\n<p><strong><u>T\u00dcZEL K\u0130\u015e\u0130 S\u0130GORTA EKSPERL\u0130K F\u0130RMASI EKSPER OLMAYAN ORTAKLAR \u0130\u00c7\u0130N \u0130STENEN BELGELER:<\/u><\/strong><\/p>\n<ol>\n<li>VUKUATLI N\u00dcFUS C\u00dcZDANI SURET\u0130 (As\u0131l)<\/li>\n<li>AR\u015e\u0130V KAYITLI ADL\u0130 S\u0130C\u0130L BELGES\u0130 (As\u0131l)<\/li>\n<li>T\u0130CARET S\u0130C\u0130L GAZETES\u0130 (ORTAKLIK ORANI, ORTAKLI\u011eA BA\u015eLAMA TAR\u0130H\u0130N\u0130 \u0130\u00c7ER\u0130R)<\/li>\n<li>TAAHH\u00dcTNAME\u00a0 (EK-3) As\u0131l ve Islak \u0130mzal\u0131<\/li>\n<li>B\u0130LG\u0130 FORMU (EK-4) As\u0131l ve Islak \u0130mzal\u0131<\/li>\n<\/ol>\n<p>&nbsp;<\/p>\n<p><strong><u>T\u00dcZEL K\u0130\u015e\u0130 S\u0130GORTA EKSPERL\u0130K F\u0130RMASI T\u00dcZEL ORTAKLAR \u0130\u00c7\u0130N \u0130STENEN BELGELER:<\/u><\/strong><\/p>\n<ol>\n<li>T\u0130CARET S\u0130C\u0130L GAZETES\u0130 (ORTAKLIK ORANI, ORTAKLI\u011eA BA\u015eLAMA TAR\u0130H\u0130N\u0130 \u0130\u00c7ER\u0130R)<\/li>\n<li>TAAHH\u00dcTNAME\u00a0 (EK-3) As\u0131l ve Islak \u0130mzal\u0131<\/li>\n<li>B\u0130LG\u0130 FORMU (EK-4) As\u0131l ve Islak \u0130mzal\u0131<\/li>\n<\/ol>\n<p>&nbsp;<\/p>\n<p><strong><u>T\u00dcZEL K\u0130\u015e\u0130 S\u0130GORTA EKSPERL\u0130K F\u0130RMASINDA G\u00d6REVL\u0130 T\u00dcM EKSPERLER \u0130\u00c7\u0130N \u0130STENEN BELGELER:<\/u><\/strong><\/p>\n<ol>\n<li>G\u00d6REV\u0130 VE G\u00d6REV YER\u0130N\u0130 \u0130\u00c7ER\u0130R BEYAN<\/li>\n<li>\u00c7ALI\u015eAN \u0130SE \u0130\u015eE BA\u015eLANGI\u00c7 TAR\u0130H\u0130N\u0130 BEL\u0130RT\u0130R BEYAN<\/li>\n<li>ORTAK \u0130SE T\u0130CARET S\u0130C\u0130L GAZETES\u0130 (ORTAKLIK ORANI, ORTAKLI\u011eA BA\u015eLAMA TAR\u0130H\u0130N\u0130 \u0130\u00c7ER\u0130R)<\/li>\n<\/ol>\n<p>&nbsp;<\/p>\n<p><strong>* T\u00dcM BELGE, FOTO\u011eRAF VE BEYANLARIN D\u00dcZENLEN\u0130\u015e TAR\u0130H\u0130 6 AYDAN ESK\u0130 OLMAMALIDIR.<\/strong>[\/vc_column_text][\/vc_column][\/vc_row]<\/p>\n","protected":false},"excerpt":{"rendered":"<p>[vc_row][vc_column][vc_column_text] Sigorta Eksperleri Levha Kayd\u0131 \u0130\u00e7in \u0130stenen Belgeler &nbsp; T\u00dcM S\u0130GORTA EKSPERLER\u0130 \u0130\u00c7\u0130N \u0130STENEN BELGELER: &#8211; VUKUATLI N\u00dcFUS C\u00dcZDANI SURET\u0130 (As\u0131l) \u0130KAMETGAH BELGES\u0130 (EV ADRES\u0130) (As\u0131l) AR\u015e\u0130V KAYITLI ADL\u0130 S\u0130C\u0130L BELGES\u0130 (As\u0131l) VES\u0130KALIK FOTO\u011eRAF (jpec 94*128 USB veya CD ile) VES\u0130KALIK FOTO\u011eRAF (4 Adet) EN SON MEZUN OLUNAN OKUL D\u0130PLOMA SURET\u0130 TAAHH\u00dcTNAME\u00a0 (EK-3) As\u0131l ve [&hellip;]<\/p>\n","protected":false},"author":1,"featured_media":0,"parent":0,"menu_order":0,"comment_status":"closed","ping_status":"closed","template":"","meta":{"ngg_post_thumbnail":0,"footnotes":""},"class_list":["post-2667","page","type-page","status-publish","hentry"],"_links":{"self":[{"href":"https:\/\/otso.omerfarukarslan.com.tr\/index.php?rest_route=\/wp\/v2\/pages\/2667","targetHints":{"allow":["GET"]}}],"collection":[{"href":"https:\/\/otso.omerfarukarslan.com.tr\/index.php?rest_route=\/wp\/v2\/pages"}],"about":[{"href":"https:\/\/otso.omerfarukarslan.com.tr\/index.php?rest_route=\/wp\/v2\/types\/page"}],"author":[{"embeddable":true,"href":"https:\/\/otso.omerfarukarslan.com.tr\/index.php?rest_route=\/wp\/v2\/users\/1"}],"replies":[{"embeddable":true,"href":"https:\/\/otso.omerfarukarslan.com.tr\/index.php?rest_route=%2Fwp%2Fv2%2Fcomments&post=2667"}],"version-history":[{"count":1,"href":"https:\/\/otso.omerfarukarslan.com.tr\/index.php?rest_route=\/wp\/v2\/pages\/2667\/revisions"}],"predecessor-version":[{"id":2668,"href":"https:\/\/otso.omerfarukarslan.com.tr\/index.php?rest_route=\/wp\/v2\/pages\/2667\/revisions\/2668"}],"wp:attachment":[{"href":"https:\/\/otso.omerfarukarslan.com.tr\/index.php?rest_route=%2Fwp%2Fv2%2Fmedia&parent=2667"}],"curies":[{"name":"wp","href":"https:\/\/api.w.org\/{rel}","templated":true}]}}