{"id":2652,"date":"2021-11-04T16:01:46","date_gmt":"2021-11-04T16:01:46","guid":{"rendered":"https:\/\/www.otso.org.tr\/?page_id=2652"},"modified":"2021-11-05T10:05:08","modified_gmt":"2021-11-05T10:05:08","slug":"gercek-kisi-levha-kaydi-icin-istenen-belgeler","status":"publish","type":"page","link":"https:\/\/otso.omerfarukarslan.com.tr\/?page_id=2652","title":{"rendered":"Ger\u00e7ek Ki\u015fi Levha Kayd\u0131 \u0130\u00e7in \u0130stenen Belgeler"},"content":{"rendered":"<p>[vc_row][vc_column][vc_column_text]<\/p>\n<h3>Ger\u00e7ek Ki\u015fi Levha Kayd\u0131 \u0130\u00e7in \u0130stenen Belgeler<\/h3>\n<p>&nbsp;<\/p>\n<p><strong><u>EK-1<\/u><\/strong><\/p>\n<p><strong><u>GER\u00c7EK K\u0130\u015e\u0130 S\u0130GORTA ACENTELER\u0130<\/u><\/strong><\/p>\n<p><strong>Kay\u0131t i\u00e7in Odam\u0131za gelmeden \u00f6nce\u00a0<\/strong><a href=\"http:\/\/www.sigorta.org.tr\/\"><strong>www.sigorta.org.tr<\/strong><\/a><strong>\u00a0adresinden \u00d6n Ba\u015fvuru yapman\u0131z gerekmektedir.<\/strong><\/p>\n<p>&nbsp;<\/p>\n<p><strong><u>GER\u00c7EK K\u0130\u015e\u0130 S\u0130GORTA ACENTELER\u0130 \u0130\u00c7\u0130N \u0130STENEN BELGELER\u00a0 :<\/u><\/strong><\/p>\n<p>1.<a href=\"\/wp-content\/uploads\/2021\/11\/Basvuru-Dilekcesi.docx\">D\u0130LEK\u00c7E<\/a><\/p>\n<p>2.N\u00dcFUS KAYIT \u00d6RNE\u011e\u0130 VEYA T.C. N\u00dcFUS C\u00dcZDANI SURET\u0130<\/p>\n<p>3.\u0130KAMETGAH BELGES\u0130\u00a0<strong>(EV ADRES\u0130)<\/strong><\/p>\n<p>4.AR\u015e\u0130V KAYITLI ADL\u0130 S\u0130C\u0130L BEGES\u0130\u00a0<strong>(RESM\u0130 KURUM \u0130\u00c7\u0130N ALINACAK)<\/strong><\/p>\n<p>5. SEGEM BELGES\u0130 FOTOKOP\u0130S\u0130<\/p>\n<p>6.EN SON MEZUN OLUNAN OKUL D\u0130PLOMA SURET\u0130\u00a0<strong>(ASLINI \u0130BRAZ ETMEK \u015eARTIYLA VEYA NOTER ONAYLI SURET\u0130)<\/strong><\/p>\n<p>7.T\u0130CARET S\u0130C\u0130L GAZETES\u0130 FOTOKOP\u0130S\u0130<\/p>\n<p>8.T\u0130CARET S\u0130C\u0130L\u0130 TASD\u0130KNAMES\u0130 FOTOKOP\u0130S\u0130<\/p>\n<p>9. ODA KAYIT SURET\u0130<\/p>\n<p>10.<a href=\"\/wp-content\/uploads\/2021\/11\/SigortaAcenteleriGercekKisiIcinMalVarligiBeyani-Ek-7.docx\">EK-7 MAL VARLI\u011eI BEYANI<\/a><\/p>\n<p>11.(YABANCI D\u0130L B\u0130L\u0130N\u0130YORSA) YABANCI D\u0130L BELGES\u0130<\/p>\n<p>12.\u00a0<strong>(TANZ\u0130M ED\u0130LM\u0130\u015eSE)<\/strong>\u00a0MESLEK\u0130 SORUMLULUK S\u0130GORTASI SURET\u0130<\/p>\n<p>13.<strong>(S\u0130GORTA \u015e\u0130RKET\u0130 \u0130LE ACENTEL\u0130K S\u00d6ZLE\u015eMES\u0130 YAPILMI\u015eSA)<\/strong>\u00a0S\u0130GORTA \u015e\u0130RKET\u0130 \u0130LE YAPILAN S\u00d6ZLE\u015eME SURET\u0130<\/p>\n<p>14. <a href=\"\/wp-content\/uploads\/2021\/11\/Acente-Iletisim-Bilgilerini-Iceren-Beyan.docx\">ACENTE \u0130LET\u0130\u015e\u0130M B\u0130LG\u0130LER\u0130N\u0130 \u0130\u00c7EREN BEYAN<\/a><\/p>\n<p>15.ACENTE ADINA D\u00dcZENLENM\u0130\u015e STAT\u0130K IP SERV\u0130S SA\u011eLAYICISINDAN ALINACAK RESM\u0130 BELGE<\/p>\n<p>16. ACENTE ADINA D\u00dcZENLENM\u0130\u015e 2 ADET FATURA(ELEKT\u0130RK, TELEFON, DO\u011eALGAZ, SU VB.)<\/p>\n<p>17. \u0130K\u0130 ADET VES\u0130KALIK FOTO\u011eRAF<\/p>\n<p>18. (VARSA) MESLEK\u0130 DENEY\u0130ME \u0130L\u0130\u015eK\u0130N BELGELER<\/p>\n<p>&nbsp;<\/p>\n<p><strong><u>GER\u00c7EK K\u0130\u015e\u0130 S\u0130GORTA ACENTELER\u0130 TEKN\u0130K PERSONEL\u0130 \u0130\u00c7\u0130N \u0130STENEN BELGELER :<\/u><\/strong><\/p>\n<p>&nbsp;<\/p>\n<p>1.N\u00dcFUS KAYIT \u00d6RNE\u011e\u0130 VEYA T.C. N\u00dcFUS C\u00dcZDANI SURET\u0130<\/p>\n<p>2.\u0130KAMETGAH BELGES\u0130\u00a0<strong>(EV ADRES\u0130)<\/strong><\/p>\n<p>3.AR\u015e\u0130V KAYITLI ADL\u0130 S\u0130C\u0130L BEGES\u0130\u00a0<strong>(RESM\u0130 KURUM \u0130\u00c7\u0130N ALINACAK)<\/strong><\/p>\n<p>4. SEGEM BELGES\u0130 FOTOKOP\u0130S\u0130<\/p>\n<p>5.EN SON MEZUN OLUNAN OKUL D\u0130PLOMA SURET\u0130\u00a0<strong>(ASLINI \u0130BRAZ ETMEK \u015eARTIYLA VEYA NOTER ONAYLI SURET\u0130)<\/strong><\/p>\n<p>6.\u00a0(VARSA) MESLEK\u0130 DENEY\u0130ME \u0130L\u0130\u015eK\u0130N BELGELER. (4 YILLIK \u00dcN\u0130VERS\u0130TE MEZUNU DE\u011e\u0130LSE SGK H\u0130ZMET D\u00d6K\u00dcM\u00dc VE DAHA<\/p>\n<p>\u00d6NCE \u00c7ALI\u015eTI\u011eI S\u0130GORTA ACENTELER\u0130NDEN SGK S\u0130GORTALI \u0130\u015eTEN AYRILI\u015e B\u0130LD\u0130RGES\u0130)<\/p>\n<p>7. SEGEM BELGES\u0130 FOTOKOP\u0130S\u0130<\/p>\n<p>8. SGK S\u0130GORTALI \u0130\u015eE G\u0130R\u0130\u015e B\u0130LD\u0130RGES\u0130<\/p>\n<p>9. \u0130K\u0130 ADET VES\u0130KALIK FOTO\u011eRAF\/ GSM NO<\/p>\n<p>&nbsp;<\/p>\n<ul>\n<li>T\u00dcM BELGE, FOTO\u011eRAF VE BEYANLARIN D\u00dcZENLEN\u0130\u015e TAR\u0130HLER\u0130 ALTI ( 6) AYDAN ESK\u0130 OLMAMALIDIR.SURET OLARAK TESL\u0130M ED\u0130LECEK BELGELER\u0130N SURET\u0130 YETK\u0130L\u0130 MERC\u0130LERCE ONAYLANMI\u015e OLACAK YA DA ASLI BELGE TESL\u0130M\u0130 SIRASINDA AYRICA \u0130BRAZ ED\u0130LECEKT\u0130R.<\/li>\n<li>MESLEK\u0130 TECR\u00dcBE T\u0130CARET S\u0130C\u0130L KAYDI, SGK\u2019DAN ALINACAK BELGE G\u0130B\u0130 RESM\u0130 BELGELER \u0130LE \u0130SPATLANMALIDIR.<\/li>\n<li>S\u0130GORTA ACENTELER\u0130 LEVHAYA KAYITTAN SONRA<strong>\u00a0<\/strong>6 AY \u0130\u00c7ER\u0130S\u0130NDE EN AZ B\u0130R S\u0130GORTA \u015e\u0130RKET\u0130 \u0130LE ACENTEL\u0130K S\u00d6ZLE\u015eMES\u0130 YAPARAK BA\u015eVURU YAPILAN ODAYA \u0130LETMEK ZORUNDADIR.<\/li>\n<\/ul>\n<p>[\/vc_column_text][\/vc_column][\/vc_row]<\/p>\n","protected":false},"excerpt":{"rendered":"<p>[vc_row][vc_column][vc_column_text] Ger\u00e7ek Ki\u015fi Levha Kayd\u0131 \u0130\u00e7in \u0130stenen Belgeler &nbsp; EK-1 GER\u00c7EK K\u0130\u015e\u0130 S\u0130GORTA ACENTELER\u0130 Kay\u0131t i\u00e7in Odam\u0131za gelmeden \u00f6nce\u00a0www.sigorta.org.tr\u00a0adresinden \u00d6n Ba\u015fvuru yapman\u0131z gerekmektedir. &nbsp; GER\u00c7EK K\u0130\u015e\u0130 S\u0130GORTA ACENTELER\u0130 \u0130\u00c7\u0130N \u0130STENEN BELGELER\u00a0 : 1.D\u0130LEK\u00c7E 2.N\u00dcFUS KAYIT \u00d6RNE\u011e\u0130 VEYA T.C. N\u00dcFUS C\u00dcZDANI SURET\u0130 3.\u0130KAMETGAH BELGES\u0130\u00a0(EV ADRES\u0130) 4.AR\u015e\u0130V KAYITLI ADL\u0130 S\u0130C\u0130L BEGES\u0130\u00a0(RESM\u0130 KURUM \u0130\u00c7\u0130N ALINACAK) 5. SEGEM BELGES\u0130 [&hellip;]<\/p>\n","protected":false},"author":1,"featured_media":0,"parent":0,"menu_order":0,"comment_status":"closed","ping_status":"closed","template":"","meta":{"ngg_post_thumbnail":0,"footnotes":""},"class_list":["post-2652","page","type-page","status-publish","hentry"],"_links":{"self":[{"href":"https:\/\/otso.omerfarukarslan.com.tr\/index.php?rest_route=\/wp\/v2\/pages\/2652","targetHints":{"allow":["GET"]}}],"collection":[{"href":"https:\/\/otso.omerfarukarslan.com.tr\/index.php?rest_route=\/wp\/v2\/pages"}],"about":[{"href":"https:\/\/otso.omerfarukarslan.com.tr\/index.php?rest_route=\/wp\/v2\/types\/page"}],"author":[{"embeddable":true,"href":"https:\/\/otso.omerfarukarslan.com.tr\/index.php?rest_route=\/wp\/v2\/users\/1"}],"replies":[{"embeddable":true,"href":"https:\/\/otso.omerfarukarslan.com.tr\/index.php?rest_route=%2Fwp%2Fv2%2Fcomments&post=2652"}],"version-history":[{"count":2,"href":"https:\/\/otso.omerfarukarslan.com.tr\/index.php?rest_route=\/wp\/v2\/pages\/2652\/revisions"}],"predecessor-version":[{"id":2806,"href":"https:\/\/otso.omerfarukarslan.com.tr\/index.php?rest_route=\/wp\/v2\/pages\/2652\/revisions\/2806"}],"wp:attachment":[{"href":"https:\/\/otso.omerfarukarslan.com.tr\/index.php?rest_route=%2Fwp%2Fv2%2Fmedia&parent=2652"}],"curies":[{"name":"wp","href":"https:\/\/api.w.org\/{rel}","templated":true}]}}