{"id":2493,"date":"2021-02-25T23:54:07","date_gmt":"2021-02-25T23:54:07","guid":{"rendered":"https:\/\/www.otso.org.tr\/?page_id=2493"},"modified":"2021-02-26T00:05:25","modified_gmt":"2021-02-26T00:05:25","slug":"faydali-linkler","status":"publish","type":"page","link":"https:\/\/otso.omerfarukarslan.com.tr\/?page_id=2493","title":{"rendered":"Faydal\u0131 Linkler"},"content":{"rendered":"<p>[vc_row][vc_column][ult_buttons btn_title=&#8221;Sanal Ticaret Akademisi&#8221; btn_link=&#8221;url:https%3A%2F%2Fwww.otso.org.tr%2Fsanal-ticaret-akademisi%2F|title:TOBB2B&#8221; btn_size=&#8221;ubtn-block&#8221; btn_bg_color=&#8221;#efefef&#8221; btn_title_color_hover=&#8221;#1e73be&#8221; icon=&#8221;icomoon-feather-24&#215;24-paper&#8221; icon_size=&#8221;15&#8243; btn_icon_pos=&#8221;ubtn-sep-icon-at-left&#8221; css_adv_btn=&#8221;.vc_custom_1614297379059{margin-top: 1px !important;margin-bottom: 1px !important;}&#8221; btn_font_size=&#8221;desktop:15px;&#8221;][ult_buttons btn_title=&#8221;BiT\u0131klaAvrupa E\u011fitim Program\u0131&#8221; btn_link=&#8221;url:https%3A%2F%2Fwww.otso.org.tr%2Fbitiklaavrupa-egitim-programi%2F|title:BiT%C4%B1klaAvrupa%20E%C4%9Fitim%20Program%C4%B1&#8243; btn_size=&#8221;ubtn-block&#8221; btn_bg_color=&#8221;#efefef&#8221; btn_title_color_hover=&#8221;#1e73be&#8221; icon=&#8221;icomoon-feather-24&#215;24-paper&#8221; icon_size=&#8221;15&#8243; btn_icon_pos=&#8221;ubtn-sep-icon-at-left&#8221; css_adv_btn=&#8221;.vc_custom_1614297509801{margin-top: 1px !important;margin-bottom: 1px !important;}&#8221; btn_font_size=&#8221;desktop:15px;&#8221;][ult_buttons btn_title=&#8221;Kolay Destek&#8221; btn_link=&#8221;url:https%3A%2F%2Fwww.otso.org.tr%2Fkolay-destek-2%2F|title:Kolay%20Destek&#8221; btn_size=&#8221;ubtn-block&#8221; btn_bg_color=&#8221;#efefef&#8221; btn_title_color_hover=&#8221;#1e73be&#8221; icon=&#8221;icomoon-feather-24&#215;24-paper&#8221; icon_size=&#8221;15&#8243; btn_icon_pos=&#8221;ubtn-sep-icon-at-left&#8221; css_adv_btn=&#8221;.vc_custom_1614297580024{margin-top: 1px !important;margin-bottom: 1px !important;}&#8221; btn_font_size=&#8221;desktop:15px;&#8221;][ult_buttons btn_title=&#8221;T\u00fcrkiye \u0130hracat\u00e7\u0131lar Meclisi &#8211; T\u0130M&#8221; btn_link=&#8221;url:https%3A%2F%2Fwww.otso.org.tr%2Fturkiye-ihracatcilar-meclisi-tim%2F|title:T%C3%BCrkiye%20%C4%B0hracat%C3%A7%C4%B1lar%20Meclisi%20-%20T%C4%B0M&#8221; btn_size=&#8221;ubtn-block&#8221; btn_bg_color=&#8221;#efefef&#8221; btn_title_color_hover=&#8221;#1e73be&#8221; icon=&#8221;icomoon-feather-24&#215;24-paper&#8221; icon_size=&#8221;15&#8243; btn_icon_pos=&#8221;ubtn-sep-icon-at-left&#8221; css_adv_btn=&#8221;.vc_custom_1614297645362{margin-top: 1px !important;margin-bottom: 1px !important;}&#8221; btn_font_size=&#8221;desktop:15px;&#8221;][ult_buttons btn_title=&#8221;G\u00fcmr\u00fck Rehberi&#8221; btn_link=&#8221;url:https%3A%2F%2Fwww.otso.org.tr%2Fgumruk-rehberi%2F|title:G%C3%BCmr%C3%BCk%20Rehberi&#8221; btn_size=&#8221;ubtn-block&#8221; btn_bg_color=&#8221;#efefef&#8221; btn_title_color_hover=&#8221;#1e73be&#8221; icon=&#8221;icomoon-feather-24&#215;24-paper&#8221; icon_size=&#8221;15&#8243; btn_icon_pos=&#8221;ubtn-sep-icon-at-left&#8221; css_adv_btn=&#8221;.vc_custom_1614297693272{margin-top: 1px !important;margin-bottom: 1px !important;}&#8221; btn_font_size=&#8221;desktop:15px;&#8221;][ult_buttons btn_title=&#8221;Destek Y\u00f6netim Sistemi&#8221; btn_link=&#8221;url:https%3A%2F%2Fwww.otso.org.tr%2Fdestek-yonetim-sistemi%2F|title:Destek%20Y%C3%B6netim%20Sistemi&#8221; btn_size=&#8221;ubtn-block&#8221; btn_bg_color=&#8221;#efefef&#8221; btn_title_color_hover=&#8221;#1e73be&#8221; icon=&#8221;icomoon-feather-24&#215;24-paper&#8221; icon_size=&#8221;15&#8243; btn_icon_pos=&#8221;ubtn-sep-icon-at-left&#8221; css_adv_btn=&#8221;.vc_custom_1614297738170{margin-top: 1px !important;margin-bottom: 1px !important;}&#8221; btn_font_size=&#8221;desktop:15px;&#8221;][ult_buttons btn_title=&#8221;M\u00fc\u015favire Dan\u0131\u015f\u0131n&#8221; btn_link=&#8221;url:https%3A%2F%2Fwww.otso.org.tr%2Fmusavire-danisin%2F|title:M%C3%BC%C5%9Favire%20Dan%C4%B1%C5%9F%C4%B1n&#8221; btn_size=&#8221;ubtn-block&#8221; btn_bg_color=&#8221;#efefef&#8221; btn_title_color_hover=&#8221;#1e73be&#8221; icon=&#8221;icomoon-feather-24&#215;24-paper&#8221; icon_size=&#8221;15&#8243; btn_icon_pos=&#8221;ubtn-sep-icon-at-left&#8221; css_adv_btn=&#8221;.vc_custom_1614297780793{margin-top: 1px !important;margin-bottom: 1px !important;}&#8221; btn_font_size=&#8221;desktop:15px;&#8221;][ult_buttons btn_title=&#8221;KOSGEB e-Akademi&#8221; btn_link=&#8221;url:https%3A%2F%2Fwww.otso.org.tr%2Fkosgeb-e-akademi%2F|title:KOSGEB%20e-Akademi&#8221; btn_size=&#8221;ubtn-block&#8221; btn_bg_color=&#8221;#efefef&#8221; btn_title_color_hover=&#8221;#1e73be&#8221; icon=&#8221;icomoon-feather-24&#215;24-paper&#8221; icon_size=&#8221;15&#8243; btn_icon_pos=&#8221;ubtn-sep-icon-at-left&#8221; css_adv_btn=&#8221;.vc_custom_1614297832550{margin-top: 1px !important;margin-bottom: 1px !important;}&#8221; btn_font_size=&#8221;desktop:15px;&#8221;][ult_buttons btn_title=&#8221;\u0130haracat Radar\u0131&#8221; btn_link=&#8221;url:https%3A%2F%2Fwww.otso.org.tr%2Fiharacat-radari%2F|title:%C4%B0haracat%20Radar%C4%B1&#8243; btn_size=&#8221;ubtn-block&#8221; btn_bg_color=&#8221;#efefef&#8221; btn_title_color_hover=&#8221;#1e73be&#8221; icon=&#8221;icomoon-feather-24&#215;24-paper&#8221; icon_size=&#8221;15&#8243; btn_icon_pos=&#8221;ubtn-sep-icon-at-left&#8221; css_adv_btn=&#8221;.vc_custom_1614297878334{margin-top: 1px !important;margin-bottom: 1px !important;}&#8221; btn_font_size=&#8221;desktop:15px;&#8221;][ult_buttons btn_title=&#8221;Kolay \u0130hracat Platformu&#8221; btn_link=&#8221;url:https%3A%2F%2Fwww.otso.org.tr%2Fkolay-ihracat-platformu%2F|title:Kolay%20%C4%B0hracat%20Platformu&#8221; btn_size=&#8221;ubtn-block&#8221; btn_bg_color=&#8221;#efefef&#8221; btn_title_color_hover=&#8221;#1e73be&#8221; icon=&#8221;icomoon-feather-24&#215;24-paper&#8221; icon_size=&#8221;15&#8243; btn_icon_pos=&#8221;ubtn-sep-icon-at-left&#8221; css_adv_btn=&#8221;.vc_custom_1614297923286{margin-top: 1px !important;margin-bottom: 1px !important;}&#8221; btn_font_size=&#8221;desktop:15px;&#8221;][\/vc_column][\/vc_row]<\/p>\n","protected":false},"excerpt":{"rendered":"<p>[vc_row][vc_column][ult_buttons btn_title=&#8221;Sanal Ticaret Akademisi&#8221; btn_link=&#8221;url:https%3A%2F%2Fwww.otso.org.tr%2Fsanal-ticaret-akademisi%2F|title:TOBB2B&#8221; btn_size=&#8221;ubtn-block&#8221; btn_bg_color=&#8221;#efefef&#8221; btn_title_color_hover=&#8221;#1e73be&#8221; icon=&#8221;icomoon-feather-24&#215;24-paper&#8221; icon_size=&#8221;15&#8243; btn_icon_pos=&#8221;ubtn-sep-icon-at-left&#8221; css_adv_btn=&#8221;.vc_custom_1614297379059{margin-top: 1px !important;margin-bottom: 1px !important;}&#8221; btn_font_size=&#8221;desktop:15px;&#8221;][ult_buttons btn_title=&#8221;BiT\u0131klaAvrupa E\u011fitim Program\u0131&#8221; btn_link=&#8221;url:https%3A%2F%2Fwww.otso.org.tr%2Fbitiklaavrupa-egitim-programi%2F|title:BiT%C4%B1klaAvrupa%20E%C4%9Fitim%20Program%C4%B1&#8243; btn_size=&#8221;ubtn-block&#8221; btn_bg_color=&#8221;#efefef&#8221; btn_title_color_hover=&#8221;#1e73be&#8221; icon=&#8221;icomoon-feather-24&#215;24-paper&#8221; icon_size=&#8221;15&#8243; btn_icon_pos=&#8221;ubtn-sep-icon-at-left&#8221; css_adv_btn=&#8221;.vc_custom_1614297509801{margin-top: 1px !important;margin-bottom: 1px !important;}&#8221; btn_font_size=&#8221;desktop:15px;&#8221;][ult_buttons btn_title=&#8221;Kolay Destek&#8221; btn_link=&#8221;url:https%3A%2F%2Fwww.otso.org.tr%2Fkolay-destek-2%2F|title:Kolay%20Destek&#8221; btn_size=&#8221;ubtn-block&#8221; btn_bg_color=&#8221;#efefef&#8221; btn_title_color_hover=&#8221;#1e73be&#8221; icon=&#8221;icomoon-feather-24&#215;24-paper&#8221; icon_size=&#8221;15&#8243; btn_icon_pos=&#8221;ubtn-sep-icon-at-left&#8221; css_adv_btn=&#8221;.vc_custom_1614297580024{margin-top: 1px !important;margin-bottom: 1px !important;}&#8221; btn_font_size=&#8221;desktop:15px;&#8221;][ult_buttons btn_title=&#8221;T\u00fcrkiye \u0130hracat\u00e7\u0131lar Meclisi &#8211; T\u0130M&#8221; btn_link=&#8221;url:https%3A%2F%2Fwww.otso.org.tr%2Fturkiye-ihracatcilar-meclisi-tim%2F|title:T%C3%BCrkiye%20%C4%B0hracat%C3%A7%C4%B1lar%20Meclisi%20-%20T%C4%B0M&#8221; btn_size=&#8221;ubtn-block&#8221; [&hellip;]<\/p>\n","protected":false},"author":1,"featured_media":0,"parent":0,"menu_order":0,"comment_status":"closed","ping_status":"closed","template":"","meta":{"ngg_post_thumbnail":0,"footnotes":""},"class_list":["post-2493","page","type-page","status-publish","hentry"],"_links":{"self":[{"href":"https:\/\/otso.omerfarukarslan.com.tr\/index.php?rest_route=\/wp\/v2\/pages\/2493","targetHints":{"allow":["GET"]}}],"collection":[{"href":"https:\/\/otso.omerfarukarslan.com.tr\/index.php?rest_route=\/wp\/v2\/pages"}],"about":[{"href":"https:\/\/otso.omerfarukarslan.com.tr\/index.php?rest_route=\/wp\/v2\/types\/page"}],"author":[{"embeddable":true,"href":"https:\/\/otso.omerfarukarslan.com.tr\/index.php?rest_route=\/wp\/v2\/users\/1"}],"replies":[{"embeddable":true,"href":"https:\/\/otso.omerfarukarslan.com.tr\/index.php?rest_route=%2Fwp%2Fv2%2Fcomments&post=2493"}],"version-history":[{"count":12,"href":"https:\/\/otso.omerfarukarslan.com.tr\/index.php?rest_route=\/wp\/v2\/pages\/2493\/revisions"}],"predecessor-version":[{"id":2502,"href":"https:\/\/otso.omerfarukarslan.com.tr\/index.php?rest_route=\/wp\/v2\/pages\/2493\/revisions\/2502"}],"wp:attachment":[{"href":"https:\/\/otso.omerfarukarslan.com.tr\/index.php?rest_route=%2Fwp%2Fv2%2Fmedia&parent=2493"}],"curies":[{"name":"wp","href":"https:\/\/api.w.org\/{rel}","templated":true}]}}