{"id":2467,"date":"2021-02-25T23:44:48","date_gmt":"2021-02-25T23:44:48","guid":{"rendered":"https:\/\/www.otso.org.tr\/?page_id=2467"},"modified":"2021-02-25T23:50:24","modified_gmt":"2021-02-25T23:50:24","slug":"tesvik-ve-destekler","status":"publish","type":"page","link":"https:\/\/otso.omerfarukarslan.com.tr\/?page_id=2467","title":{"rendered":"Te\u015fvik ve Destekler"},"content":{"rendered":"<p>[vc_row][vc_column][ult_buttons btn_title=&#8221;\u0130hracat Destekleri&#8221; btn_link=&#8221;url:https%3A%2F%2Fwww.otso.org.tr%2Fihracat-destekleri%2F|title:TOBB2B&#8221; btn_size=&#8221;ubtn-block&#8221; btn_bg_color=&#8221;#efefef&#8221; btn_title_color_hover=&#8221;#1e73be&#8221; icon=&#8221;icomoon-feather-24&#215;24-paper&#8221; icon_size=&#8221;15&#8243; btn_icon_pos=&#8221;ubtn-sep-icon-at-left&#8221; css_adv_btn=&#8221;.vc_custom_1614296607814{margin-top: 1px !important;margin-bottom: 1px !important;}&#8221; btn_font_size=&#8221;desktop:15px;&#8221;][ult_buttons btn_title=&#8221;Kolay Destek&#8221; btn_link=&#8221;url:https%3A%2F%2Fwww.otso.org.tr%2Fkolay-destek%2F|title:Kolay%20Destek&#8221; btn_size=&#8221;ubtn-block&#8221; btn_bg_color=&#8221;#efefef&#8221; btn_title_color_hover=&#8221;#1e73be&#8221; icon=&#8221;icomoon-feather-24&#215;24-paper&#8221; icon_size=&#8221;15&#8243; btn_icon_pos=&#8221;ubtn-sep-icon-at-left&#8221; css_adv_btn=&#8221;.vc_custom_1614296797822{margin-top: 1px !important;margin-bottom: 1px !important;}&#8221; btn_font_size=&#8221;desktop:15px;&#8221;][ult_buttons btn_title=&#8221;Hizmet Sekt\u00f6r\u00fc Destekleri&#8221; btn_link=&#8221;url:https%3A%2F%2Fwww.otso.org.tr%2Fhizmet-sektoru-destekleri%2F|title:Hizmet%20Sekt%C3%B6r%C3%BC%20Destekleri&#8221; btn_size=&#8221;ubtn-block&#8221; btn_bg_color=&#8221;#efefef&#8221; btn_title_color_hover=&#8221;#1e73be&#8221; icon=&#8221;icomoon-feather-24&#215;24-paper&#8221; icon_size=&#8221;15&#8243; btn_icon_pos=&#8221;ubtn-sep-icon-at-left&#8221; css_adv_btn=&#8221;.vc_custom_1614296788871{margin-top: 1px !important;margin-bottom: 1px !important;}&#8221; btn_font_size=&#8221;desktop:15px;&#8221;][ult_buttons btn_title=&#8221;Yurtd\u0131\u015f\u0131 Teknik M\u00fc\u015favirlik Hizmetleri Destekleri&#8221; btn_link=&#8221;url:https%3A%2F%2Fwww.otso.org.tr%2Fyurtdisi-teknik-musavirlik-hizmetleri-destekleri%2F|title:Yurtd%C4%B1%C5%9F%C4%B1%20Teknik%20M%C3%BC%C5%9Favirlik%20Hizmetleri%20Destekleri&#8221; btn_size=&#8221;ubtn-block&#8221; btn_bg_color=&#8221;#efefef&#8221; btn_title_color_hover=&#8221;#1e73be&#8221; icon=&#8221;icomoon-feather-24&#215;24-paper&#8221; icon_size=&#8221;15&#8243; btn_icon_pos=&#8221;ubtn-sep-icon-at-left&#8221; css_adv_btn=&#8221;.vc_custom_1614296899044{margin-top: 1px !important;margin-bottom: 1px !important;}&#8221; btn_font_size=&#8221;desktop:15px;&#8221;][ult_buttons btn_title=&#8221;Pazara Giri\u015fte Dijital Faaliyetlerin Desteklenmesi&#8221; btn_link=&#8221;url:https%3A%2F%2Fwww.otso.org.tr%2Fpazara-giriste-dijital-faaliyetlerin-desteklenmesi%2F|title:Pazara%20Giri%C5%9Fte%20Dijital%20Faaliyetlerin%20Desteklenmesi&#8221; btn_size=&#8221;ubtn-block&#8221; btn_bg_color=&#8221;#efefef&#8221; btn_title_color_hover=&#8221;#1e73be&#8221; icon=&#8221;icomoon-feather-24&#215;24-paper&#8221; icon_size=&#8221;15&#8243; btn_icon_pos=&#8221;ubtn-sep-icon-at-left&#8221; css_adv_btn=&#8221;.vc_custom_1614296963231{margin-top: 1px !important;margin-bottom: 1px !important;}&#8221; btn_font_size=&#8221;desktop:15px;&#8221;][ult_buttons btn_title=&#8221;KOB\u0130 Geli\u015fim ve DesteK Program\u0131-KOB\u0130GEL&#8221; btn_link=&#8221;url:https%3A%2F%2Fwww.otso.org.tr%2Fkobi-gelisim-ve-destek-programi-kobigel%2F|title:KOB%C4%B0%20Geli%C5%9Fim%20ve%20DesteK%20Program%C4%B1-KOB%C4%B0GEL&#8221; btn_size=&#8221;ubtn-block&#8221; btn_bg_color=&#8221;#efefef&#8221; btn_title_color_hover=&#8221;#1e73be&#8221; icon=&#8221;icomoon-feather-24&#215;24-paper&#8221; icon_size=&#8221;15&#8243; btn_icon_pos=&#8221;ubtn-sep-icon-at-left&#8221; css_adv_btn=&#8221;.vc_custom_1614297022517{margin-top: 1px !important;margin-bottom: 1px !important;}&#8221; btn_font_size=&#8221;desktop:15px;&#8221;][\/vc_column][\/vc_row]<\/p>\n","protected":false},"excerpt":{"rendered":"<p>[vc_row][vc_column][ult_buttons btn_title=&#8221;\u0130hracat Destekleri&#8221; btn_link=&#8221;url:https%3A%2F%2Fwww.otso.org.tr%2Fihracat-destekleri%2F|title:TOBB2B&#8221; btn_size=&#8221;ubtn-block&#8221; btn_bg_color=&#8221;#efefef&#8221; btn_title_color_hover=&#8221;#1e73be&#8221; icon=&#8221;icomoon-feather-24&#215;24-paper&#8221; icon_size=&#8221;15&#8243; btn_icon_pos=&#8221;ubtn-sep-icon-at-left&#8221; css_adv_btn=&#8221;.vc_custom_1614296607814{margin-top: 1px !important;margin-bottom: 1px !important;}&#8221; btn_font_size=&#8221;desktop:15px;&#8221;][ult_buttons btn_title=&#8221;Kolay Destek&#8221; btn_link=&#8221;url:https%3A%2F%2Fwww.otso.org.tr%2Fkolay-destek%2F|title:Kolay%20Destek&#8221; btn_size=&#8221;ubtn-block&#8221; btn_bg_color=&#8221;#efefef&#8221; btn_title_color_hover=&#8221;#1e73be&#8221; icon=&#8221;icomoon-feather-24&#215;24-paper&#8221; icon_size=&#8221;15&#8243; btn_icon_pos=&#8221;ubtn-sep-icon-at-left&#8221; css_adv_btn=&#8221;.vc_custom_1614296797822{margin-top: 1px !important;margin-bottom: 1px !important;}&#8221; btn_font_size=&#8221;desktop:15px;&#8221;][ult_buttons btn_title=&#8221;Hizmet Sekt\u00f6r\u00fc Destekleri&#8221; btn_link=&#8221;url:https%3A%2F%2Fwww.otso.org.tr%2Fhizmet-sektoru-destekleri%2F|title:Hizmet%20Sekt%C3%B6r%C3%BC%20Destekleri&#8221; btn_size=&#8221;ubtn-block&#8221; btn_bg_color=&#8221;#efefef&#8221; btn_title_color_hover=&#8221;#1e73be&#8221; icon=&#8221;icomoon-feather-24&#215;24-paper&#8221; icon_size=&#8221;15&#8243; btn_icon_pos=&#8221;ubtn-sep-icon-at-left&#8221; css_adv_btn=&#8221;.vc_custom_1614296788871{margin-top: 1px !important;margin-bottom: 1px !important;}&#8221; btn_font_size=&#8221;desktop:15px;&#8221;][ult_buttons btn_title=&#8221;Yurtd\u0131\u015f\u0131 Teknik M\u00fc\u015favirlik Hizmetleri Destekleri&#8221; btn_link=&#8221;url:https%3A%2F%2Fwww.otso.org.tr%2Fyurtdisi-teknik-musavirlik-hizmetleri-destekleri%2F|title:Yurtd%C4%B1%C5%9F%C4%B1%20Teknik%20M%C3%BC%C5%9Favirlik%20Hizmetleri%20Destekleri&#8221; btn_size=&#8221;ubtn-block&#8221; btn_bg_color=&#8221;#efefef&#8221; [&hellip;]<\/p>\n","protected":false},"author":1,"featured_media":0,"parent":0,"menu_order":0,"comment_status":"closed","ping_status":"closed","template":"","meta":{"ngg_post_thumbnail":0,"footnotes":""},"class_list":["post-2467","page","type-page","status-publish","hentry"],"_links":{"self":[{"href":"https:\/\/otso.omerfarukarslan.com.tr\/index.php?rest_route=\/wp\/v2\/pages\/2467","targetHints":{"allow":["GET"]}}],"collection":[{"href":"https:\/\/otso.omerfarukarslan.com.tr\/index.php?rest_route=\/wp\/v2\/pages"}],"about":[{"href":"https:\/\/otso.omerfarukarslan.com.tr\/index.php?rest_route=\/wp\/v2\/types\/page"}],"author":[{"embeddable":true,"href":"https:\/\/otso.omerfarukarslan.com.tr\/index.php?rest_route=\/wp\/v2\/users\/1"}],"replies":[{"embeddable":true,"href":"https:\/\/otso.omerfarukarslan.com.tr\/index.php?rest_route=%2Fwp%2Fv2%2Fcomments&post=2467"}],"version-history":[{"count":7,"href":"https:\/\/otso.omerfarukarslan.com.tr\/index.php?rest_route=\/wp\/v2\/pages\/2467\/revisions"}],"predecessor-version":[{"id":2476,"href":"https:\/\/otso.omerfarukarslan.com.tr\/index.php?rest_route=\/wp\/v2\/pages\/2467\/revisions\/2476"}],"wp:attachment":[{"href":"https:\/\/otso.omerfarukarslan.com.tr\/index.php?rest_route=%2Fwp%2Fv2%2Fmedia&parent=2467"}],"curies":[{"name":"wp","href":"https:\/\/api.w.org\/{rel}","templated":true}]}}