{"id":2409,"date":"2021-02-25T22:11:10","date_gmt":"2021-02-25T22:11:10","guid":{"rendered":"https:\/\/www.otso.org.tr\/?page_id=2409"},"modified":"2021-12-02T09:29:05","modified_gmt":"2021-12-02T09:29:05","slug":"aidat-islemleri","status":"publish","type":"page","link":"https:\/\/otso.omerfarukarslan.com.tr\/?page_id=2409","title":{"rendered":"Aidat \u0130\u015flemleri"},"content":{"rendered":"<p>[vc_row][vc_column][vc_column_text]<\/p>\n<h3>Aidat \u0130\u015flemleri<\/h3>\n<p>5174 Say\u0131l\u0131 Kanun gere\u011fince, Ordu Ticaret ve Sanayi Odas\u0131na kay\u0131tl\u0131 bulunan \u015fah\u0131s firmalar\u0131ndan ve \u015firketlerden her y\u0131l Haziran ve Ekim aylar\u0131nda olmak \u00fczere 2 e\u015fit taksitle tahsil edilir.<\/p>\n<p><strong>Aidat :<\/strong><\/p>\n<p>Ordu TSO \u00fcyeleri\u00a0 kay\u0131tl\u0131 bulunan sermayelerine veya \u00f6z varl\u0131klar\u0131na\u00a0 g\u00f6re derecelendirilir ve ilgili tarife esas al\u0131narak y\u0131ll\u0131k aidat tahakkuk ettirilir.<\/p>\n<p><strong>Munzam Aidat:<\/strong><\/p>\n<p>Ger\u00e7ek ki\u015fi tacir ve sanayicilerin Gelir Vergisi\u2019ne ili\u015fkin beyannamelerinde g\u00f6sterilen ticari kazan\u00e7 toplam\u0131,T\u00fczel ki\u015fi tacir ve sanayicilerin ise Kurumlar Vergisi Beyannamesinde g\u00f6sterilen Ticari Bilan\u00e7o kar\u0131 \u00fczerinden %0.5\u00a0 (binde 5) oran\u0131nda munzam aidat tahakkuk ettirilir. Zarar eden firmalar o y\u0131l i\u00e7in munzam aidat \u00f6demezler.<\/p>\n<p><strong>Not:<\/strong>\u00a0Odalar 213 say\u0131l\u0131 Vergi Usul Kanunu\u2019nun 5. maddesi h\u00fckm\u00fc \u00e7er\u00e7evesinde Vergi Dairelerinden bilgi isteyebilirler. \u00dcye taraf\u0131ndan bilan\u00e7onun verilmemesi ve Vergi Dairesi\u2019nden de sa\u011flanamamas\u0131 halinde Y\u0131ll\u0131k aidat tavan\u0131n\u0131n 3 kat\u0131ndan az olmamak \u00fczere, bir \u00f6nceki y\u0131l\u0131n munzam aidat\u0131 ge\u00e7ici olarak aynen tahakkuk ettirilir.<\/p>\n<p>Munzam Aidat = Bir \u00f6nceki y\u0131la ait Ticari Kazan\u00e7 X %0,5 (Binde be\u015f)<\/p>\n<hr \/>\n<p>[\/vc_column_text][\/vc_column][\/vc_row]<\/p>\n","protected":false},"excerpt":{"rendered":"<p>[vc_row][vc_column][vc_column_text] Aidat \u0130\u015flemleri 5174 Say\u0131l\u0131 Kanun gere\u011fince, Ordu Ticaret ve Sanayi Odas\u0131na kay\u0131tl\u0131 bulunan \u015fah\u0131s firmalar\u0131ndan ve \u015firketlerden her y\u0131l Haziran ve Ekim aylar\u0131nda olmak \u00fczere 2 e\u015fit taksitle tahsil edilir. Aidat : Ordu TSO \u00fcyeleri\u00a0 kay\u0131tl\u0131 bulunan sermayelerine veya \u00f6z varl\u0131klar\u0131na\u00a0 g\u00f6re derecelendirilir ve ilgili tarife esas al\u0131narak y\u0131ll\u0131k aidat tahakkuk ettirilir. Munzam Aidat: [&hellip;]<\/p>\n","protected":false},"author":1,"featured_media":0,"parent":0,"menu_order":0,"comment_status":"closed","ping_status":"closed","template":"","meta":{"ngg_post_thumbnail":0,"footnotes":""},"class_list":["post-2409","page","type-page","status-publish","hentry"],"_links":{"self":[{"href":"https:\/\/otso.omerfarukarslan.com.tr\/index.php?rest_route=\/wp\/v2\/pages\/2409","targetHints":{"allow":["GET"]}}],"collection":[{"href":"https:\/\/otso.omerfarukarslan.com.tr\/index.php?rest_route=\/wp\/v2\/pages"}],"about":[{"href":"https:\/\/otso.omerfarukarslan.com.tr\/index.php?rest_route=\/wp\/v2\/types\/page"}],"author":[{"embeddable":true,"href":"https:\/\/otso.omerfarukarslan.com.tr\/index.php?rest_route=\/wp\/v2\/users\/1"}],"replies":[{"embeddable":true,"href":"https:\/\/otso.omerfarukarslan.com.tr\/index.php?rest_route=%2Fwp%2Fv2%2Fcomments&post=2409"}],"version-history":[{"count":2,"href":"https:\/\/otso.omerfarukarslan.com.tr\/index.php?rest_route=\/wp\/v2\/pages\/2409\/revisions"}],"predecessor-version":[{"id":3525,"href":"https:\/\/otso.omerfarukarslan.com.tr\/index.php?rest_route=\/wp\/v2\/pages\/2409\/revisions\/3525"}],"wp:attachment":[{"href":"https:\/\/otso.omerfarukarslan.com.tr\/index.php?rest_route=%2Fwp%2Fv2%2Fmedia&parent=2409"}],"curies":[{"name":"wp","href":"https:\/\/api.w.org\/{rel}","templated":true}]}}