{"id":2406,"date":"2021-02-25T22:09:38","date_gmt":"2021-02-25T22:09:38","guid":{"rendered":"https:\/\/www.otso.org.tr\/?page_id=2406"},"modified":"2021-02-25T22:09:38","modified_gmt":"2021-02-25T22:09:38","slug":"belge-dogrulama","status":"publish","type":"page","link":"https:\/\/otso.omerfarukarslan.com.tr\/?page_id=2406","title":{"rendered":"Belge Do\u011frulama"},"content":{"rendered":"<p>[vc_row][vc_column][vc_column_text]<\/p>\n<h3>Belge Do\u011frulama<\/h3>\n<p>&nbsp;<\/p>\n<p>Sivas Ticaret ve Sanayi Odas\u0131 taraf\u0131ndan 5070 say\u0131l\u0131 Elektronik \u0130mza Kanununun 5. Maddesi Gere\u011fince G\u00fcvenli Elektronik \u0130mza ile olu\u015fturulmu\u015f ve elektronik olarak imzalanm\u0131\u015f dok\u00fcmanlar\u0131n\u0131z\u0131 do\u011frulamak ve ilgili dok\u00fcmanlara ula\u015fmak i\u00e7in, size verilen dok\u00fcmanlar\u0131n SA\u011e \u00dcST k\u0131sm\u0131ndaki barkod numaras\u0131n\u0131 kullanman\u0131z veya sayfan\u0131n SOL ALT k\u0131sm\u0131nda yer alan Karekod&#8217;u telefonunuzda bulunan bir barkod taray\u0131c\u0131 uygulamas\u0131 ile okutman\u0131z yeterlidir.<\/p>\n<p>Belge Do\u011frulama Ekran\u0131 i\u00e7in\u00a0<a href=\"https:\/\/odaborsaebys.tobb.org.tr\/tso-sivas-envision\/Validate_Doc.aspx?V\" target=\"_blank\" rel=\"noopener\">t\u0131klay\u0131n\u0131z&#8230;<\/a><\/p>\n<p style=\"text-align: center;\"><iframe loading=\"lazy\" src=\"https:\/\/odaborsaebys.tobb.org.tr\/tso-sivas-envision\/Validate_Doc.aspx?V\" width=\"500\" height=\"250\" longdesc=\"https:\/\/odaborsaebys.tobb.org.tr\/tso-sivas-envision\/Validate_Doc.aspx?V\" frameborder=\"0\" scrolling=\"no\" align=\"middle\"><\/iframe><\/p>\n<hr \/>\n<h6>\u0130\u00e7eri\u011fe Ait Video ve G\u00f6rseller<\/h6>\n<div class=\"gallery\">\n<div class=\"row\">\n<div class=\"col-md-2 col-sm-2\">\n<div class=\"gallery-thumb\"><\/div>\n<\/div>\n<\/div>\n<\/div>\n<p>[\/vc_column_text][\/vc_column][\/vc_row]<\/p>\n","protected":false},"excerpt":{"rendered":"<p>[vc_row][vc_column][vc_column_text] Belge Do\u011frulama &nbsp; Sivas Ticaret ve Sanayi Odas\u0131 taraf\u0131ndan 5070 say\u0131l\u0131 Elektronik \u0130mza Kanununun 5. Maddesi Gere\u011fince G\u00fcvenli Elektronik \u0130mza ile olu\u015fturulmu\u015f ve elektronik olarak imzalanm\u0131\u015f dok\u00fcmanlar\u0131n\u0131z\u0131 do\u011frulamak ve ilgili dok\u00fcmanlara ula\u015fmak i\u00e7in, size verilen dok\u00fcmanlar\u0131n SA\u011e \u00dcST k\u0131sm\u0131ndaki barkod numaras\u0131n\u0131 kullanman\u0131z veya sayfan\u0131n SOL ALT k\u0131sm\u0131nda yer alan Karekod&#8217;u telefonunuzda bulunan bir barkod [&hellip;]<\/p>\n","protected":false},"author":1,"featured_media":0,"parent":0,"menu_order":0,"comment_status":"closed","ping_status":"closed","template":"","meta":{"ngg_post_thumbnail":0,"footnotes":""},"class_list":["post-2406","page","type-page","status-publish","hentry"],"_links":{"self":[{"href":"https:\/\/otso.omerfarukarslan.com.tr\/index.php?rest_route=\/wp\/v2\/pages\/2406","targetHints":{"allow":["GET"]}}],"collection":[{"href":"https:\/\/otso.omerfarukarslan.com.tr\/index.php?rest_route=\/wp\/v2\/pages"}],"about":[{"href":"https:\/\/otso.omerfarukarslan.com.tr\/index.php?rest_route=\/wp\/v2\/types\/page"}],"author":[{"embeddable":true,"href":"https:\/\/otso.omerfarukarslan.com.tr\/index.php?rest_route=\/wp\/v2\/users\/1"}],"replies":[{"embeddable":true,"href":"https:\/\/otso.omerfarukarslan.com.tr\/index.php?rest_route=%2Fwp%2Fv2%2Fcomments&post=2406"}],"version-history":[{"count":1,"href":"https:\/\/otso.omerfarukarslan.com.tr\/index.php?rest_route=\/wp\/v2\/pages\/2406\/revisions"}],"predecessor-version":[{"id":2408,"href":"https:\/\/otso.omerfarukarslan.com.tr\/index.php?rest_route=\/wp\/v2\/pages\/2406\/revisions\/2408"}],"wp:attachment":[{"href":"https:\/\/otso.omerfarukarslan.com.tr\/index.php?rest_route=%2Fwp%2Fv2%2Fmedia&parent=2406"}],"curies":[{"name":"wp","href":"https:\/\/api.w.org\/{rel}","templated":true}]}}