{"id":2386,"date":"2021-02-25T21:48:53","date_gmt":"2021-02-25T21:48:53","guid":{"rendered":"https:\/\/www.otso.org.tr\/?page_id=2386"},"modified":"2022-04-06T08:13:43","modified_gmt":"2022-04-06T08:13:43","slug":"online-islemler","status":"publish","type":"page","link":"https:\/\/otso.omerfarukarslan.com.tr\/?page_id=2386","title":{"rendered":"Online \u0130\u015flemler"},"content":{"rendered":"<p>[vc_row][vc_column][vc_column_text]Dijital d\u00fcnyan\u0131n hayat\u0131m\u0131z\u0131n her noktas\u0131na girdi\u011fi g\u00fcn\u00fcm\u00fczde Ordu TSO da hizmetlerini bu platformda \u00fcyelerini en kolay eri\u015febilece\u011fi noktaya getirmeye \u00e7aba sarfediyor. Elektronik Belge Da\u011f\u0131t\u0131m Sistemi, Ordu TSO\u2019da hayata ge\u00e7irilmi\u015f olup, \u00dcyelerimiz diledikleri yerden 7\/24 belge talep ederek dakikalar i\u00e7inde sistem \u00fczerinden e-imzal\u0131 belgelerini almakla beraber aidat sorgulamas\u0131 ve \u00f6demesi yapabilmektedir.<\/p>\n<p>Ordu TSO \u00fcyeleri s\u0131kl\u0131kla kulland\u0131klar\u0131 Faaliyet Belgesi, Oda Kay\u0131t Sicil Sureti, Ortakl\u0131k Teyit Belgesi, \u0130hale Durum Belgelerine g\u00fcn\u00fcn her saatinde <strong><a href=\"https:\/\/uye.tobb.org.tr\/organizasyon\/firma-index.jsp\" target=\"_blank\" rel=\"noopener\">buradan ula\u015f\u0131labilen<\/a><\/strong>\u00a0intenet adresindenden TOBB Onayl\u0131 E- imzal\u0131 bir \u015fekilde ula\u015fabileceklerdir.<\/p>\n<p>\u00dcyelerimize en h\u0131zl\u0131 ve en kaliteli hizmeti sunabilmek amac\u0131yla hayata ge\u00e7irilen\u00a0<strong>&#8220;Online Aidat Tahsilat\u0131 Sistemi&#8221;<\/strong>\u00a0\u00fcyelerimizin kullan\u0131m\u0131na a\u00e7\u0131lm\u0131\u015ft\u0131r. Bu sistemle birlikte, \u00fcyelerimiz diledikleri yerden\u00a0<strong>7\/24<\/strong>\u00a0aidat sorgulamas\u0131 ve \u00f6demesi yapabilmektedir.<\/p>\n<ul>\n<li>* Teknik destek ve detayl\u0131 bilgi almak i\u00e7in Oda Sicil Birimimiz ile ileti\u015fime ge\u00e7ebilirsiniz (Tel:\n<div class=\"text-area show-on-desktop near-logo-first-switch in-menu-second-switch\">\n<p>+90 452 223 25 91\/123)<\/p>\n<\/div>\n<\/li>\n<\/ul>\n<hr \/>\n<p><strong>Mesai saatlerinde e-imzal\u0131 belge almak i\u00e7in l\u00fctfen <a href=\"https:\/\/uye.tobb.org.tr\/organizasyon\/firma-index.jsp\" target=\"_blank\" rel=\"noopener\">t\u0131klay\u0131n\u0131z.<\/a>\u00a0<\/strong><\/p>\n<p><strong>H\u0131zl\u0131 Aidat \u00d6demesi yapmak\u00a0i\u00e7in l\u00fctfen\u00a0<a href=\"https:\/\/uye.tobb.org.tr\/hizliaidatodeme.jsp\" target=\"_blank\" rel=\"noopener\">t\u0131klay\u0131n\u0131z.<\/a>\u00a0<\/strong>[\/vc_column_text][\/vc_column][\/vc_row]<\/p>\n","protected":false},"excerpt":{"rendered":"<p>[vc_row][vc_column][vc_column_text]Dijital d\u00fcnyan\u0131n hayat\u0131m\u0131z\u0131n her noktas\u0131na girdi\u011fi g\u00fcn\u00fcm\u00fczde Ordu TSO da hizmetlerini bu platformda \u00fcyelerini en kolay eri\u015febilece\u011fi noktaya getirmeye \u00e7aba sarfediyor. Elektronik Belge Da\u011f\u0131t\u0131m Sistemi, Ordu TSO\u2019da hayata ge\u00e7irilmi\u015f olup, \u00dcyelerimiz diledikleri yerden 7\/24 belge talep ederek dakikalar i\u00e7inde sistem \u00fczerinden e-imzal\u0131 belgelerini almakla beraber aidat sorgulamas\u0131 ve \u00f6demesi yapabilmektedir. Ordu TSO \u00fcyeleri s\u0131kl\u0131kla kulland\u0131klar\u0131 [&hellip;]<\/p>\n","protected":false},"author":1,"featured_media":0,"parent":0,"menu_order":0,"comment_status":"closed","ping_status":"closed","template":"","meta":{"ngg_post_thumbnail":0,"footnotes":""},"class_list":["post-2386","page","type-page","status-publish","hentry"],"_links":{"self":[{"href":"https:\/\/otso.omerfarukarslan.com.tr\/index.php?rest_route=\/wp\/v2\/pages\/2386","targetHints":{"allow":["GET"]}}],"collection":[{"href":"https:\/\/otso.omerfarukarslan.com.tr\/index.php?rest_route=\/wp\/v2\/pages"}],"about":[{"href":"https:\/\/otso.omerfarukarslan.com.tr\/index.php?rest_route=\/wp\/v2\/types\/page"}],"author":[{"embeddable":true,"href":"https:\/\/otso.omerfarukarslan.com.tr\/index.php?rest_route=\/wp\/v2\/users\/1"}],"replies":[{"embeddable":true,"href":"https:\/\/otso.omerfarukarslan.com.tr\/index.php?rest_route=%2Fwp%2Fv2%2Fcomments&post=2386"}],"version-history":[{"count":3,"href":"https:\/\/otso.omerfarukarslan.com.tr\/index.php?rest_route=\/wp\/v2\/pages\/2386\/revisions"}],"predecessor-version":[{"id":3628,"href":"https:\/\/otso.omerfarukarslan.com.tr\/index.php?rest_route=\/wp\/v2\/pages\/2386\/revisions\/3628"}],"wp:attachment":[{"href":"https:\/\/otso.omerfarukarslan.com.tr\/index.php?rest_route=%2Fwp%2Fv2%2Fmedia&parent=2386"}],"curies":[{"name":"wp","href":"https:\/\/api.w.org\/{rel}","templated":true}]}}