{"id":2164,"date":"2021-02-22T14:46:45","date_gmt":"2021-02-22T14:46:45","guid":{"rendered":"https:\/\/www.otso.org.tr\/?page_id=2164"},"modified":"2022-04-05T08:25:06","modified_gmt":"2022-04-05T08:25:06","slug":"genel-sekreterlik-ve-personel","status":"publish","type":"page","link":"https:\/\/otso.omerfarukarslan.com.tr\/?page_id=2164","title":{"rendered":"Genel Sekreterlik ve Personel"},"content":{"rendered":"<p>[vc_row][vc_column width=&#8221;1\/4&#8243;][vc_hoverbox image=&#8221;2165&#8243; primary_title=&#8221;&#8221; hover_title=&#8221;\u015e\u00fckr\u00fc K\u00d6KSAL&#8221;](Genel Sekreter)[\/vc_hoverbox][\/vc_column][vc_column width=&#8221;3\/4&#8243;][vc_column_text]<\/p>\n<p style=\"text-align: center;\"><strong>\u015e\u00fckr\u00fc K\u00d6KSAL<br \/>\n<\/strong><strong>Genel Sekreter<\/strong><\/p>\n<p><label><strong>Dahili Tel :<\/strong>\u00a0<\/label> 135<br \/>\n<strong><label>Mail Adresi :<\/label><\/strong>\u00a0\u00a0\u00a0<a href=\"mailto:sukru.koksal@otso.org.tr\">sukru.koksal@otso.org.tr<\/a>[\/vc_column_text][\/vc_column][\/vc_row][vc_row][vc_column][vc_separator][\/vc_column][\/vc_row][vc_row][vc_column width=&#8221;1\/4&#8243;][vc_hoverbox primary_title=&#8221;&#8221; hover_title=&#8221;Emine Yasemen BA\u015e&#8221;](Genel Sekreter Yard\u0131mc\u0131s\u0131)[\/vc_hoverbox][\/vc_column][vc_column width=&#8221;3\/4&#8243;][vc_column_text]<\/p>\n<p style=\"text-align: center;\"><strong>Emine Yasemen BA\u015e<\/strong><br \/>\n<strong>(Genel Sekreter Yard\u0131mc\u0131s\u0131)<\/strong><\/p>\n<p><label><strong>Dahili Tel :<\/strong>\u00a0<\/label> 132<br \/>\n<strong><label>Mail Adresi :<\/label><\/strong> <a href=\"yasemen.bas@otso.org.tr\">yasemen.bas@otso.org.tr<\/a>[\/vc_column_text][\/vc_column][\/vc_row][vc_row][vc_column][vc_separator][\/vc_column][\/vc_row][vc_row][vc_column width=&#8221;1\/4&#8243;][vc_hoverbox image=&#8221;2167&#8243; primary_title=&#8221;&#8221; hover_title=&#8221;Ye\u015fim K\u00d6KSAL KEFEL\u0130&#8221;](Ticaret Sicil M\u00fcd\u00fcrl\u00fc\u011f\u00fc)[\/vc_hoverbox][\/vc_column][vc_column width=&#8221;3\/4&#8243;][vc_column_text]<\/p>\n<p style=\"text-align: center;\"><strong>Ye\u015fim K\u00d6KSAL KEFEL\u0130<\/strong><br \/>\n<strong>(Ticaret Sicil M\u00fcd\u00fcrl\u00fc\u011f\u00fc)<\/strong><\/p>\n<p><strong><label>Dahili Tel : \u00a0<\/label><\/strong><label>123<br \/>\n<\/label><strong><label>Mail Adresi :<\/label><\/strong>\u00a0\u00a0\u00a0<a href=\"mailto:yesim.kefeli@otso.org.tr\">yesim.kefeli@otso.org.tr<\/a>[\/vc_column_text][\/vc_column][\/vc_row][vc_row][vc_column][vc_separator][\/vc_column][\/vc_row][vc_row][vc_column width=&#8221;1\/4&#8243;][vc_hoverbox image=&#8221;2168&#8243; primary_title=&#8221;&#8221; hover_title=&#8221;Emine G\u00fcller \u0130SLAMO\u011eLU&#8221;](Sigorta ve Muamelat Hizmetleri Uzman\u0131)[\/vc_hoverbox][\/vc_column][vc_column width=&#8221;3\/4&#8243;][vc_column_text]<\/p>\n<p style=\"text-align: center;\">Emine G\u00fcller \u0130SLAMO\u011eLU<br \/>\n(Sigorta ve Muamelat Hizmetleri Uzman\u0131)<\/p>\n<p><strong><label>Dahili Tel :<\/label><\/strong>\u00a00<br \/>\n<strong><label>Mail Adresi :<\/label><\/strong>\u00a0\u00a0\u00a0<a href=\"mailto:emine.islamoglu@otso.org.tr\">emine.islamoglu@otso.org.tr<\/a>[\/vc_column_text][\/vc_column][\/vc_row][vc_row][vc_column][vc_separator][\/vc_column][\/vc_row][vc_row][vc_column width=&#8221;1\/4&#8243;][vc_hoverbox image=&#8221;2169&#8243; primary_title=&#8221;&#8221; hover_title=&#8221;\u00d6zge ATAKAN&#8221;](Akreditasyon ve Proje Y\u00f6neticisi)[\/vc_hoverbox][\/vc_column][vc_column width=&#8221;3\/4&#8243;][vc_column_text]<\/p>\n<p style=\"text-align: center;\"><strong>\u00d6zge ATAKAN<\/strong><br \/>\n<strong>(Akreditasyon ve Proje Y\u00f6neticisi)<\/strong><\/p>\n<p><strong><label>Dahili Tel :<\/label><\/strong>\u00a0117<br \/>\n<strong><label>Mail Adresi :<\/label><\/strong>\u00a0\u00a0<a href=\"mailto:ozge.atakan@otso.org.tr\">ozge.atakan@otso.org.tr<\/a>[\/vc_column_text][\/vc_column][\/vc_row][vc_row][vc_column][vc_separator][\/vc_column][\/vc_row][vc_row][vc_column width=&#8221;1\/4&#8243;][vc_hoverbox image=&#8221;2170&#8243; primary_title=&#8221;&#8221; hover_title=&#8221;Kuray CANDAN&#8221;](Ticaret Sicil M\u00fcd\u00fcr Yard.)[\/vc_hoverbox][\/vc_column][vc_column width=&#8221;3\/4&#8243;][vc_column_text]<\/p>\n<p style=\"text-align: center;\"><strong>Kuray CANDAN<\/strong><br \/>\n<strong>(Ticaret Sicil M\u00fcd\u00fcr Yard.)<\/strong><\/p>\n<p><strong><label>Dahili Tel :<\/label><\/strong>\u00a0125<br \/>\n<strong><label>Mail Adresi :<\/label><\/strong>\u00a0\u00a0<a href=\"mailto:kuray.candan@otso.org.tr\">kuray.candan@otso.org.tr<\/a>[\/vc_column_text][\/vc_column][\/vc_row][vc_row][vc_column][vc_separator][\/vc_column][\/vc_row][vc_row][vc_column width=&#8221;1\/4&#8243;][vc_hoverbox image=&#8221;2172&#8243; primary_title=&#8221;&#8221; hover_title=&#8221;Birol \u015eAH\u0130N&#8221;](Belgelendirme ve Piyasa Ara\u015ft\u0131rma Uzman\u0131)[\/vc_hoverbox][\/vc_column][vc_column width=&#8221;3\/4&#8243;][vc_column_text]<\/p>\n<p style=\"text-align: center;\"><strong>Birol \u015eAH\u0130N<\/strong><br \/>\n<strong>(Belgelendirme ve Piyasa Ara\u015ft\u0131rma Uzman\u0131)<\/strong><\/p>\n<p><strong><label>Dahili Tel :<\/label><\/strong>\u00a0130<br \/>\n<strong><label>Mail Adresi :<\/label><\/strong>\u00a0\u00a0<a href=\"mailto:birol.sahin@otso.org.tr\">birol.sahin@otso.org.tr<\/a>[\/vc_column_text][\/vc_column][\/vc_row][vc_row][vc_column][vc_separator][\/vc_column][\/vc_row][vc_row][vc_column width=&#8221;1\/4&#8243;][vc_hoverbox image=&#8221;2173&#8243; primary_title=&#8221;&#8221; hover_title=&#8221;Kenan KIRI\u015e&#8221;](Muhasebe \u015eefi)[\/vc_hoverbox][\/vc_column][vc_column width=&#8221;3\/4&#8243;][vc_column_text]<\/p>\n<p style=\"text-align: center;\"><strong>Kenan KIRI\u015e<\/strong><br \/>\n<strong>(Muhasebe \u015eefi)<\/strong><\/p>\n<p><strong><label>Dahili Tel :<\/label><\/strong>\u00a0127<br \/>\n<strong><label>Mail Adresi :<\/label><\/strong>\u00a0\u00a0<a href=\"mailto:kenan.kiris@otso.org.tr\">kenan.kiris@otso.org.tr<\/a>[\/vc_column_text][\/vc_column][\/vc_row][vc_row][vc_column][vc_separator][\/vc_column][\/vc_row][vc_row][vc_column width=&#8221;1\/4&#8243;][vc_hoverbox image=&#8221;2174&#8243; primary_title=&#8221;&#8221; hover_title=&#8221;Erdin\u00e7 KARADEN\u0130Z&#8221;](Sanayi Uzman\u0131 ve End\u00fcstri M\u00fchendisi)[\/vc_hoverbox][\/vc_column][vc_column width=&#8221;3\/4&#8243;][vc_column_text]<\/p>\n<p style=\"text-align: center;\"><strong>Erdin\u00e7 KARADEN\u0130Z<\/strong><br \/>\n<strong>(Sanayi Uzman\u0131 ve End\u00fcstri M\u00fchendisi)<\/strong><\/p>\n<p><strong><label>Dahili Tel :<\/label><\/strong>\u00a0119<br \/>\n<strong><label>Mail Adresi :<\/label><\/strong>\u00a0\u00a0<a href=\"mailto:erdinc.karadeniz@otso.org.tr\">erdinc.karadeniz@otso.org.tr<\/a>[\/vc_column_text][\/vc_column][\/vc_row][vc_row][vc_column][vc_separator][\/vc_column][\/vc_row][vc_row][vc_column width=&#8221;1\/4&#8243;][vc_hoverbox image=&#8221;2176&#8243; primary_title=&#8221;&#8221; hover_title=&#8221;Ertu\u011frul AZAKLI&#8221;](K Belgesi)[\/vc_hoverbox][\/vc_column][vc_column width=&#8221;3\/4&#8243;][vc_column_text]<\/p>\n<p style=\"text-align: center;\"><strong>Ertu\u011frul AZAKLI<\/strong><br \/>\n<strong>K Belgesi Belgelendirme Uzman\u0131<\/strong><\/p>\n<p><strong><label>Dahili Tel :<\/label><\/strong>\u00a0120<br \/>\n<strong><label>Mail Adresi :<\/label>\u00a0<\/strong>\u00a0<a href=\"mailto:erturgrul.azakli@otso.org.tr\">erturgrul.azakli@otso.org.tr<\/a>[\/vc_column_text][\/vc_column][\/vc_row][vc_row][vc_column][vc_separator][\/vc_column][\/vc_row][vc_row][vc_column width=&#8221;1\/4&#8243;][vc_hoverbox image=&#8221;3582&#8243; primary_title=&#8221;&#8221; hover_title=&#8221;Tamer NASUHBEYO\u011eLU&#8221;](Proje Uzman\u0131)[\/vc_hoverbox][\/vc_column][vc_column width=&#8221;3\/4&#8243;][vc_column_text]<\/p>\n<p style=\"text-align: center;\"><strong>Tamer NASUHBEYO\u011eLU<\/strong><br \/>\n<strong>(Proje Uzman\u0131)<br \/>\nKalite Y\u00f6netimi ve Proje Uzman\u0131<br \/>\n<\/strong><\/p>\n<p><strong><label>Dahili Tel :<\/label><\/strong>\u00a0118<br \/>\n<strong><label>Mail Adresi :<\/label><\/strong>\u00a0\u00a0<a href=\"mailto:tamer.nasuhbeyoglu@otso.org.tr\">tamer.nasuhbeyoglu@otso.org.tr<\/a>[\/vc_column_text][\/vc_column][\/vc_row][vc_row][vc_column][vc_separator][\/vc_column][\/vc_row][vc_row][vc_column width=&#8221;1\/4&#8243;][vc_hoverbox image=&#8221;2184&#8243; primary_title=&#8221;&#8221; hover_title=&#8221;Tansu KEFEL\u0130&#8221;](Uzman Personel)[\/vc_hoverbox][\/vc_column][vc_column width=&#8221;3\/4&#8243;][vc_column_text]<\/p>\n<p style=\"text-align: center;\"><strong>Tansu KEFEL\u0130<\/strong><br \/>\n<strong>(Uzman Personel)<\/strong><br \/>\n<strong>UR-GE Proje Uzman\u0131<\/strong><\/p>\n<p><strong><label>Dahili Tel :<\/label><\/strong> 113<br \/>\n<strong><label>Mail Adresi :<\/label><\/strong>\u00a0\u00a0<a href=\"mailto:tamer.nasuhbeyoglu@otso.org.tr\">tansu.kefeli@otso.org.tr<\/a>[\/vc_column_text][\/vc_column][\/vc_row][vc_row][vc_column][vc_separator][\/vc_column][\/vc_row][vc_row][vc_column width=&#8221;1\/4&#8243;][vc_hoverbox image=&#8221;2185&#8243; primary_title=&#8221;&#8221; hover_title=&#8221;E\u015fref Burak ALAYBEYO\u011eLU&#8221;](Veznedar\/Tahsildar)[\/vc_hoverbox][\/vc_column][vc_column width=&#8221;3\/4&#8243;][vc_column_text]<\/p>\n<p style=\"text-align: center;\"><strong>E\u015fref Burak ALAYBEYO\u011eLU<br \/>\n(Veznedar\/Tahsildar)<\/strong><\/p>\n<p><strong><label>Dahili Tel :<\/label><\/strong>\u00a0128<br \/>\n<strong><label>Mail Adresi :<\/label><\/strong>\u00a0\u00a0<a href=\"mailto:burak.alaybeyoglu@otso.org.tr\">burak.alaybeyoglu@otso.org.tr<\/a>[\/vc_column_text][\/vc_column][\/vc_row][vc_row][vc_column][vc_separator][\/vc_column][\/vc_row][vc_row][vc_column width=&#8221;1\/4&#8243;][vc_hoverbox image=&#8221;2187&#8243; primary_title=&#8221;&#8221; hover_title=&#8221;\u015eermin G\u00d6K&#8221;](Hizmetli)[\/vc_hoverbox][\/vc_column][vc_column width=&#8221;3\/4&#8243;][vc_column_text]<\/p>\n<p style=\"text-align: center;\"><strong>\u015eermin G\u00d6K<\/strong><br \/>\n<strong>(Hizmetli)<\/strong><\/p>\n<p><strong><label>Dahili Tel :<\/label><\/strong>\u00a0152<br \/>\n<strong><label>Mail Adresi :<\/label><\/strong>\u00a0<a href=\"mailto:%20%3Cscript%20type='text\/javascript'%3E%20%3C!--%20var%20prefix%20=%20'ma'%20+%20'il'%20+%20'to';%20var%20path%20=%20'hr'%20+%20'ef'%20+%20'=';%20var%20addy49734%20=%20'sermin.gok'%20+%20'@';%20addy49734%20=%20addy49734%20+%20'otso'%20+%20'.'%20+%20'org'%20+%20'.'%20+%20'tr';%20document.write('%3Ca%20'%20+%20path%20+%20'\\''%20+%20prefix%20+%20':'%20+%20addy49734%20+%20'\\'%3E');%20document.write(addy49734);%20document.write('%3C\\\/a%3E');%20\/\/--%3E\\n%20%3C\/script%3E%3Cscript%20type='text\/javascript'%3E%20%3C!--%20document.write('%3Cspan%20style=\\'display:%20none;\\'%3E');%20\/\/--%3E%20%3C\/script%3EBu%20e-Posta%20adresi%20istenmeyen%20posta%20engelleyicileri%20taraf%C4%B1ndan%20korunuyor.%20G%C3%B6r%C3%BCnt%C3%BClemek%20i%C3%A7in%20JavaScript%20etkinle%C5%9Ftirilmelidir.%20%3Cscript%20type='text\/javascript'%3E%20%3C!--%20document.write('%3C\/');%20document.write('span%3E');%20\/\/--%3E%20%3C\/script%3E\">\u00a0<\/a><a href=\"mailto:sermin.gok@otso.org.tr\">sermin.gok@otso.org.tr<\/a>[\/vc_column_text][\/vc_column][\/vc_row][vc_row][vc_column][vc_separator][\/vc_column][\/vc_row][vc_row][vc_column width=&#8221;1\/4&#8243;][vc_hoverbox primary_title=&#8221;&#8221; hover_title=&#8221;Sercan YAYLA&#8221;](Bas\u0131n Dan\u0131\u015fman\u0131)[\/vc_hoverbox][\/vc_column][vc_column width=&#8221;3\/4&#8243;][vc_column_text]<\/p>\n<p style=\"text-align: center;\"><strong>Sercan YAYLA<br \/>\n(Bas\u0131n Dan\u0131\u015fman\u0131)<\/strong><\/p>\n<p><strong><label>Dahili Tel :<\/label><\/strong>\u00a0140<br \/>\n<strong><label>Mail Adresi :<\/label><\/strong>\u00a0\u00a0<a href=\"mailto:birol.sahin@otso.org.tr\">sercan.yayla@otso.org.tr<\/a>[\/vc_column_text][\/vc_column][\/vc_row][vc_row][vc_column][vc_separator][\/vc_column][\/vc_row][vc_row][vc_column width=&#8221;1\/4&#8243;][vc_hoverbox primary_title=&#8221;&#8221; hover_title=&#8221;Tolga CARLI&#8221;](Sanayi ve \u0130statistik Ara\u015ft\u0131rma Memuru)[\/vc_hoverbox][\/vc_column][vc_column width=&#8221;3\/4&#8243;][vc_column_text]<\/p>\n<p style=\"text-align: center;\">Tolga CARLI<br \/>\n(Sanayi ve \u0130statistik Ara\u015ft\u0131rma Memuru)<\/p>\n<p><strong><label>Dahili Tel :<\/label><\/strong>\u00a0153<br \/>\n<strong><label>Mail Adresi :<\/label><\/strong>\u00a0\u00a0<a href=\"mailto:burak.alaybeyoglu@otso.org.tr\">tolga.carli@otso.org.tr<\/a>[\/vc_column_text][\/vc_column][\/vc_row][vc_row][vc_column][vc_separator][\/vc_column][\/vc_row][vc_row][vc_column width=&#8221;1\/4&#8243;][vc_hoverbox primary_title=&#8221;&#8221; hover_title=&#8221;Tolga BAHAR&#8221;](Teknik Personel)[\/vc_hoverbox][\/vc_column][vc_column width=&#8221;3\/4&#8243;][vc_column_text]<\/p>\n<p style=\"text-align: center;\"><strong>Tolga BAHAR<\/strong><br \/>\n<strong>(Teknik Personel)<\/strong><\/p>\n<p><strong><label>Dahili Tel :<\/label><\/strong><br \/>\n<strong><label>Mail Adresi :<\/label><\/strong>\u00a0<a href=\"mailto:%20%3Cscript%20type='text\/javascript'%3E%20%3C!--%20var%20prefix%20=%20'ma'%20+%20'il'%20+%20'to';%20var%20path%20=%20'hr'%20+%20'ef'%20+%20'=';%20var%20addy28735%20=%20'burak.alaybeyoglu'%20+%20'@';%20addy28735%20=%20addy28735%20+%20'otso'%20+%20'.'%20+%20'org'%20+%20'.'%20+%20'tr';%20document.write('%3Ca%20'%20+%20path%20+%20'\\''%20+%20prefix%20+%20':'%20+%20addy28735%20+%20'\\'%3E');%20document.write(addy28735);%20document.write('%3C\\\/a%3E');%20\/\/--%3E\\n%20%3C\/script%3E%3Cscript%20type='text\/javascript'%3E%20%3C!--%20document.write('%3Cspan%20style=\\'display:%20none;\\'%3E');%20\/\/--%3E%20%3C\/script%3EBu%20e-Posta%20adresi%20istenmeyen%20posta%20engelleyicileri%20taraf%C4%B1ndan%20korunuyor.%20G%C3%B6r%C3%BCnt%C3%BClemek%20i%C3%A7in%20JavaScript%20etkinle%C5%9Ftirilmelidir.%20%3Cscript%20type='text\/javascript'%3E%20%3C!--%20document.write('%3C\/');%20document.write('span%3E');%20\/\/--%3E%20%3C\/script%3E\">tolga.bahar@otso.org.tr<\/a>[\/vc_column_text][\/vc_column][\/vc_row][vc_row][vc_column][vc_separator][\/vc_column][\/vc_row][vc_row][vc_column width=&#8221;1\/4&#8243;][vc_hoverbox image=&#8221;3580&#8243; primary_title=&#8221;&#8221; hover_title=&#8221;Levent G\u00dcLER&#8221;](\u015eof\u00f6r)[\/vc_hoverbox][\/vc_column][vc_column width=&#8221;3\/4&#8243;][vc_column_text]<\/p>\n<p style=\"text-align: center;\">Levent G\u00dcLER<br \/>\n(\u015eof\u00f6r)<\/p>\n<p><strong><label>Dahili Tel :<\/label><\/strong><br \/>\n<strong><label>Mail Adresi :<\/label><\/strong>\u00a0\u00a0<a href=\"mailto:levent.guler@otso.org.tr\">levent.guler@otso.org.tr<\/a>[\/vc_column_text][\/vc_column][\/vc_row]<\/p>\n","protected":false},"excerpt":{"rendered":"<p>[vc_row][vc_column width=&#8221;1\/4&#8243;][vc_hoverbox image=&#8221;2165&#8243; primary_title=&#8221;&#8221; hover_title=&#8221;\u015e\u00fckr\u00fc K\u00d6KSAL&#8221;](Genel Sekreter)[\/vc_hoverbox][\/vc_column][vc_column width=&#8221;3\/4&#8243;][vc_column_text] \u015e\u00fckr\u00fc K\u00d6KSAL Genel Sekreter Dahili Tel :\u00a0 135 Mail Adresi :\u00a0\u00a0\u00a0sukru.koksal@otso.org.tr[\/vc_column_text][\/vc_column][\/vc_row][vc_row][vc_column][vc_separator][\/vc_column][\/vc_row][vc_row][vc_column width=&#8221;1\/4&#8243;][vc_hoverbox primary_title=&#8221;&#8221; hover_title=&#8221;Emine Yasemen BA\u015e&#8221;](Genel Sekreter Yard\u0131mc\u0131s\u0131)[\/vc_hoverbox][\/vc_column][vc_column width=&#8221;3\/4&#8243;][vc_column_text] Emine Yasemen BA\u015e (Genel Sekreter Yard\u0131mc\u0131s\u0131) Dahili Tel :\u00a0 132 Mail Adresi : yasemen.bas@otso.org.tr[\/vc_column_text][\/vc_column][\/vc_row][vc_row][vc_column][vc_separator][\/vc_column][\/vc_row][vc_row][vc_column width=&#8221;1\/4&#8243;][vc_hoverbox image=&#8221;2167&#8243; primary_title=&#8221;&#8221; hover_title=&#8221;Ye\u015fim K\u00d6KSAL KEFEL\u0130&#8221;](Ticaret Sicil M\u00fcd\u00fcrl\u00fc\u011f\u00fc)[\/vc_hoverbox][\/vc_column][vc_column width=&#8221;3\/4&#8243;][vc_column_text] Ye\u015fim K\u00d6KSAL KEFEL\u0130 (Ticaret Sicil [&hellip;]<\/p>\n","protected":false},"author":1,"featured_media":0,"parent":0,"menu_order":0,"comment_status":"closed","ping_status":"closed","template":"","meta":{"ngg_post_thumbnail":0,"footnotes":""},"class_list":["post-2164","page","type-page","status-publish","hentry"],"_links":{"self":[{"href":"https:\/\/otso.omerfarukarslan.com.tr\/index.php?rest_route=\/wp\/v2\/pages\/2164","targetHints":{"allow":["GET"]}}],"collection":[{"href":"https:\/\/otso.omerfarukarslan.com.tr\/index.php?rest_route=\/wp\/v2\/pages"}],"about":[{"href":"https:\/\/otso.omerfarukarslan.com.tr\/index.php?rest_route=\/wp\/v2\/types\/page"}],"author":[{"embeddable":true,"href":"https:\/\/otso.omerfarukarslan.com.tr\/index.php?rest_route=\/wp\/v2\/users\/1"}],"replies":[{"embeddable":true,"href":"https:\/\/otso.omerfarukarslan.com.tr\/index.php?rest_route=%2Fwp%2Fv2%2Fcomments&post=2164"}],"version-history":[{"count":7,"href":"https:\/\/otso.omerfarukarslan.com.tr\/index.php?rest_route=\/wp\/v2\/pages\/2164\/revisions"}],"predecessor-version":[{"id":3627,"href":"https:\/\/otso.omerfarukarslan.com.tr\/index.php?rest_route=\/wp\/v2\/pages\/2164\/revisions\/3627"}],"wp:attachment":[{"href":"https:\/\/otso.omerfarukarslan.com.tr\/index.php?rest_route=%2Fwp%2Fv2%2Fmedia&parent=2164"}],"curies":[{"name":"wp","href":"https:\/\/api.w.org\/{rel}","templated":true}]}}