{"id":2090,"date":"2021-02-22T10:24:40","date_gmt":"2021-02-22T10:24:40","guid":{"rendered":"https:\/\/www.otso.org.tr\/?page_id=2090"},"modified":"2021-02-22T10:25:02","modified_gmt":"2021-02-22T10:25:02","slug":"eski-yoneticiler","status":"publish","type":"page","link":"https:\/\/otso.omerfarukarslan.com.tr\/?page_id=2090","title":{"rendered":"Eski Y\u00f6neticiler"},"content":{"rendered":"<p><center><\/p>\n<h3><strong>Meclis Ba\u015fkanl\u0131\u011f\u0131<\/strong><\/h3>\n<table class=\"urun\" border=\"0\" cellspacing=\"0\" cellpadding=\"0\">\n<tbody>\n<tr>\n<td width=\"50%\">\u0130SA CORDAN<\/td>\n<td width=\"50%\">1923\/1929<\/td>\n<\/tr>\n<tr class=\" pgr \">\n<td width=\"50%\">MEHMET FURTUN<\/td>\n<td width=\"50%\">1930\/1931<\/td>\n<\/tr>\n<tr>\n<td width=\"50%\">H\u00dcSN\u00dc AKYOL<\/td>\n<td width=\"50%\">1931\/1937<\/td>\n<\/tr>\n<tr class=\" pgr \">\n<td width=\"50%\">HAMD\u0130 UZMAN<\/td>\n<td width=\"50%\">1937\/1938<\/td>\n<\/tr>\n<tr>\n<td width=\"50%\">KAM\u0130L FURTUN<\/td>\n<td width=\"50%\">1938\/1944<\/td>\n<\/tr>\n<tr class=\" pgr \">\n<td width=\"50%\">\u015e\u00dcKR\u00dc DEN\u0130Z<\/td>\n<td width=\"50%\">1944\/1947<\/td>\n<\/tr>\n<tr>\n<td width=\"50%\">YUSUF UZMAN<\/td>\n<td width=\"50%\">1945\/1946<\/td>\n<\/tr>\n<tr class=\" pgr \">\n<td width=\"50%\">HAZIM G\u00dcRSU<\/td>\n<td width=\"50%\">1947\/1949<\/td>\n<\/tr>\n<tr>\n<td width=\"50%\">HAK\u0130 YENER<\/td>\n<td width=\"50%\">1949\/1950<\/td>\n<\/tr>\n<tr class=\" pgr \">\n<td width=\"50%\">SERVET G\u00d6K<\/td>\n<td width=\"50%\">1950<\/td>\n<\/tr>\n<tr>\n<td width=\"50%\">HASAN \u00c7EB\u0130<\/td>\n<td width=\"50%\">1950<\/td>\n<\/tr>\n<tr class=\" pgr \">\n<td width=\"50%\">B\u0130LAL FELEK<\/td>\n<td width=\"50%\">1951\/1954<\/td>\n<\/tr>\n<tr>\n<td width=\"50%\">MUAMMER \u00c7AKMAK<\/td>\n<td width=\"50%\">1954\/1964<\/td>\n<\/tr>\n<tr class=\" pgr \">\n<td width=\"50%\">MEM\u0130\u015e ATAKA<\/td>\n<td width=\"50%\">1960\/1963<\/td>\n<\/tr>\n<tr>\n<td width=\"50%\">Y\u00dcCEL AYDIN<\/td>\n<td width=\"50%\">1963\/1966<\/td>\n<\/tr>\n<tr class=\" pgr \">\n<td width=\"50%\">NECMETT\u0130N BENL\u0130<\/td>\n<td width=\"50%\">1966\/1968<\/td>\n<\/tr>\n<tr>\n<td width=\"50%\">BAYRAM RA\u0130F VARDAR<\/td>\n<td width=\"50%\">1968\/1969<\/td>\n<\/tr>\n<tr class=\" pgr \">\n<td width=\"50%\">HASAN AROL<\/td>\n<td width=\"50%\">1969\/1972<\/td>\n<\/tr>\n<tr>\n<td width=\"50%\">VAH\u0130T AYG\u00d6R<\/td>\n<td width=\"50%\">1972\/1975<\/td>\n<\/tr>\n<tr class=\" pgr \">\n<td width=\"50%\">MUZAFFER Y\u00dcCE<\/td>\n<td width=\"50%\">1975\/1978<\/td>\n<\/tr>\n<tr>\n<td width=\"50%\">ORHAN ORAL<\/td>\n<td width=\"50%\">1978\/1987<\/td>\n<\/tr>\n<tr class=\" pgr \">\n<td width=\"50%\">SERVET \u015eAH\u0130N<\/td>\n<td width=\"50%\">1987\/1989<\/td>\n<\/tr>\n<tr class=\" pgr \">\n<td width=\"50%\">MUZAFFER Y\u00dcCE<\/td>\n<td width=\"50%\">1989\/1991<\/td>\n<\/tr>\n<tr>\n<td width=\"50%\">\u00d6MER AYDIN<\/td>\n<td width=\"50%\">1993\/1995<\/td>\n<\/tr>\n<tr class=\" pgr \">\n<td width=\"50%\">AVN\u0130 K\u00d6RO\u011eLU<\/td>\n<td width=\"50%\">1995\/1997<\/td>\n<\/tr>\n<tr>\n<td width=\"50%\">BAYRAM KUTLU CENG\u0130Z<\/td>\n<td width=\"50%\">1997\/2003<\/td>\n<\/tr>\n<tr class=\" pgr \">\n<td width=\"50%\">AT\u0130LLA KALPAKLI<\/td>\n<td width=\"50%\">2005\/2013<\/td>\n<\/tr>\n<tr>\n<td width=\"50%\">UFUK \u00dcNAL<\/td>\n<td width=\"50%\">2013\/2018<\/td>\n<\/tr>\n<tr class=\" pgr \">\n<td width=\"50%\">LEVENT YILDIRIM<\/td>\n<td width=\"50%\">2018\/<\/td>\n<\/tr>\n<tr>\n<td width=\"50%\">&#8211;<\/td>\n<td width=\"50%\">&#8211;<\/td>\n<\/tr>\n<\/tbody>\n<\/table>\n<h3><strong>\u00a0<\/strong><\/h3>\n<h3><strong>Y\u00f6netim Kurulu<\/strong><\/h3>\n<table class=\"urun\" border=\"0\" cellspacing=\"0\" cellpadding=\"0\">\n<tbody>\n<tr>\n<td width=\"50%\">AHMET CEMAL MA\u011eDEN<\/td>\n<td width=\"50%\">1947\/1951<\/td>\n<\/tr>\n<tr class=\" pgr \">\n<td width=\"50%\">N\u0130YAZ\u0130 YENER<\/td>\n<td width=\"50%\">1951\/1956<\/td>\n<\/tr>\n<tr>\n<td width=\"50%\">MEHMEN TERCAN<\/td>\n<td width=\"50%\">1956\/1959<\/td>\n<\/tr>\n<tr class=\" pgr \">\n<td width=\"50%\">HASAN ERZURUMLUO\u011eLU<\/td>\n<td width=\"50%\">1959\/1960<\/td>\n<\/tr>\n<tr>\n<td width=\"50%\">MUH\u0130TT\u0130N ILGIT<\/td>\n<td width=\"50%\">1960\/1963<\/td>\n<\/tr>\n<tr class=\" pgr \">\n<td width=\"50%\">\u0130BRAH\u0130M AYDIN<\/td>\n<td width=\"50%\">1963\/1969<\/td>\n<\/tr>\n<tr>\n<td width=\"50%\">MURAT FURTUN<\/td>\n<td width=\"50%\">1969\/1972<\/td>\n<\/tr>\n<tr class=\" pgr \">\n<td width=\"50%\">VEDAT \u00c7ALLI<\/td>\n<td width=\"50%\">1972\/1974<\/td>\n<\/tr>\n<tr>\n<td width=\"50%\">CEMAL CENG\u0130Z<\/td>\n<td width=\"50%\">1978\/1987<\/td>\n<\/tr>\n<tr class=\" pgr \">\n<td width=\"50%\">ORHAN ORAL<\/td>\n<td width=\"50%\">1987\/1991<\/td>\n<\/tr>\n<tr>\n<td width=\"50%\">ERG\u0130N KARLIBEL<\/td>\n<td width=\"50%\">1991\/1992<\/td>\n<\/tr>\n<tr class=\" pgr \">\n<td width=\"50%\">SERVET \u015eAH\u0130N<\/td>\n<td width=\"50%\">1992\/1994<\/td>\n<\/tr>\n<tr>\n<td width=\"50%\">\u00d6MER AYDIN<\/td>\n<td width=\"50%\">1995\/2009<\/td>\n<\/tr>\n<tr class=\" pgr \">\n<td width=\"50%\">SERVET \u015eAH\u0130N<\/td>\n<td width=\"50%\">2009\/<\/td>\n<\/tr>\n<tr>\n<td width=\"50%\">&#8211;<\/td>\n<td width=\"50%\">&#8211;<\/td>\n<\/tr>\n<tr class=\" pgr \">\n<td width=\"50%\">&#8211;<\/td>\n<td width=\"50%\">&#8211;<\/td>\n<\/tr>\n<tr>\n<td width=\"50%\">&#8211;<\/td>\n<td width=\"50%\">&#8211;<\/td>\n<\/tr>\n<\/tbody>\n<\/table>\n<p><\/center><\/p>\n","protected":false},"excerpt":{"rendered":"<p>Meclis Ba\u015fkanl\u0131\u011f\u0131 \u0130SA CORDAN 1923\/1929 MEHMET FURTUN 1930\/1931 H\u00dcSN\u00dc AKYOL 1931\/1937 HAMD\u0130 UZMAN 1937\/1938 KAM\u0130L FURTUN 1938\/1944 \u015e\u00dcKR\u00dc DEN\u0130Z 1944\/1947 YUSUF UZMAN 1945\/1946 HAZIM G\u00dcRSU 1947\/1949 HAK\u0130 YENER 1949\/1950 SERVET G\u00d6K 1950 HASAN \u00c7EB\u0130 1950 B\u0130LAL FELEK 1951\/1954 MUAMMER \u00c7AKMAK 1954\/1964 MEM\u0130\u015e ATAKA 1960\/1963 Y\u00dcCEL AYDIN 1963\/1966 NECMETT\u0130N BENL\u0130 1966\/1968 BAYRAM RA\u0130F VARDAR 1968\/1969 HASAN [&hellip;]<\/p>\n","protected":false},"author":1,"featured_media":0,"parent":0,"menu_order":0,"comment_status":"closed","ping_status":"closed","template":"","meta":{"ngg_post_thumbnail":0,"footnotes":""},"class_list":["post-2090","page","type-page","status-publish","hentry"],"_links":{"self":[{"href":"https:\/\/otso.omerfarukarslan.com.tr\/index.php?rest_route=\/wp\/v2\/pages\/2090","targetHints":{"allow":["GET"]}}],"collection":[{"href":"https:\/\/otso.omerfarukarslan.com.tr\/index.php?rest_route=\/wp\/v2\/pages"}],"about":[{"href":"https:\/\/otso.omerfarukarslan.com.tr\/index.php?rest_route=\/wp\/v2\/types\/page"}],"author":[{"embeddable":true,"href":"https:\/\/otso.omerfarukarslan.com.tr\/index.php?rest_route=\/wp\/v2\/users\/1"}],"replies":[{"embeddable":true,"href":"https:\/\/otso.omerfarukarslan.com.tr\/index.php?rest_route=%2Fwp%2Fv2%2Fcomments&post=2090"}],"version-history":[{"count":2,"href":"https:\/\/otso.omerfarukarslan.com.tr\/index.php?rest_route=\/wp\/v2\/pages\/2090\/revisions"}],"predecessor-version":[{"id":2092,"href":"https:\/\/otso.omerfarukarslan.com.tr\/index.php?rest_route=\/wp\/v2\/pages\/2090\/revisions\/2092"}],"wp:attachment":[{"href":"https:\/\/otso.omerfarukarslan.com.tr\/index.php?rest_route=%2Fwp%2Fv2%2Fmedia&parent=2090"}],"curies":[{"name":"wp","href":"https:\/\/api.w.org\/{rel}","templated":true}]}}